{"id":2198,"date":"2025-10-20T08:29:28","date_gmt":"2025-10-20T08:29:28","guid":{"rendered":"https:\/\/macrocolorlevante.com\/?post_type=product&#038;p=2198"},"modified":"2026-04-17T06:26:28","modified_gmt":"2026-04-17T06:26:28","slug":"uno-advanced","status":"publish","type":"product","link":"https:\/\/macrocolorlevante.com\/en\/product\/uno-advanced\/","title":{"rendered":"UNO ADVANCED"},"content":{"rendered":"<p><img fetchpriority=\"high\" decoding=\"async\" class=\"alignnone size-medium wp-image-2199\" src=\"https:\/\/macrocolorlevante.com\/wp-content\/uploads\/2025\/10\/UNO-ADVANCED-300x200.jpg\" alt=\"\" width=\"300\" height=\"200\" srcset=\"https:\/\/macrocolorlevante.com\/wp-content\/uploads\/2025\/10\/UNO-ADVANCED-300x200.jpg 300w, https:\/\/macrocolorlevante.com\/wp-content\/uploads\/2025\/10\/UNO-ADVANCED-18x12.jpg 18w, https:\/\/macrocolorlevante.com\/wp-content\/uploads\/2025\/10\/UNO-ADVANCED-600x400.jpg 600w, https:\/\/macrocolorlevante.com\/wp-content\/uploads\/2025\/10\/UNO-ADVANCED-64x43.jpg 64w, https:\/\/macrocolorlevante.com\/wp-content\/uploads\/2025\/10\/UNO-ADVANCED.jpg 750w\" sizes=\"(max-width: 300px) 100vw, 300px\" \/>Tecnolog\u00eda microabrasiva altamente t\u00e9cnica fusionada con nanoprotecci\u00f3n de \u00faltima<br \/>\ngeneraci\u00f3n<br \/>\n\u2022 Puede eliminar peque\u00f1as imperfecciones al tiempo que crea una capa de protecci\u00f3n<br \/>\nduradera que dura hasta 12 meses<\/p>","protected":false},"excerpt":{"rendered":"<p>Tecnolog\u00eda microabrasiva altamente t\u00e9cnica fusionada con nanoprotecci\u00f3n de \u00faltima generaci\u00f3n \u2022 Puede eliminar peque\u00f1as imperfecciones al tiempo que crea una capa de protecci\u00f3n duradera que dura hasta 12 meses<\/p>","protected":false},"featured_media":2207,"comment_status":"closed","ping_status":"closed","template":"","meta":[],"product_brand":[45],"product_cat":[59,60],"product_tag":[],"class_list":{"0":"post-2198","1":"product","2":"type-product","3":"status-publish","4":"has-post-thumbnail","6":"product_brand-rupes","7":"product_cat-accesorios","8":"product_cat-limpieza-y-abrillantado","10":"first","11":"instock","12":"shipping-taxable","13":"purchasable","14":"product-type-simple"},"yoast_head":"<!-- This site is optimized with the Yoast SEO plugin v27.4 - https:\/\/yoast.com\/product\/yoast-seo-wordpress\/ -->\n<title>UNO ADVANCED - Macrocolor<\/title>\n<meta name=\"robots\" content=\"index, follow, max-snippet:-1, max-image-preview:large, max-video-preview:-1\" \/>\n<link rel=\"canonical\" href=\"https:\/\/macrocolorlevante.com\/en\/producto\/uno-advanced\/\" \/>\n<meta property=\"og:locale\" content=\"en_US\" \/>\n<meta property=\"og:type\" content=\"article\" \/>\n<meta property=\"og:title\" content=\"UNO ADVANCED - Macrocolor\" \/>\n<meta property=\"og:description\" content=\"Tecnolog\u00eda microabrasiva altamente t\u00e9cnica fusionada con nanoprotecci\u00f3n de \u00faltima generaci\u00f3n \u2022 Puede eliminar peque\u00f1as imperfecciones al tiempo que crea una capa de protecci\u00f3n duradera que dura hasta 12 meses\" \/>\n<meta property=\"og:url\" content=\"https:\/\/macrocolorlevante.com\/en\/producto\/uno-advanced\/\" \/>\n<meta property=\"og:site_name\" content=\"Macrocolor\" \/>\n<meta property=\"article:modified_time\" content=\"2026-04-17T06:26:28+00:00\" \/>\n<meta property=\"og:image\" content=\"https:\/\/macrocolorlevante.com\/wp-content\/uploads\/2025\/10\/UNO-ADVANCED-.jpg\" \/>\n\t<meta property=\"og:image:width\" content=\"300\" \/>\n\t<meta property=\"og:image:height\" content=\"200\" \/>\n\t<meta property=\"og:image:type\" content=\"image\/jpeg\" \/>\n<meta name=\"twitter:card\" content=\"summary_large_image\" \/>\n<meta name=\"twitter:label1\" content=\"Est. reading time\" \/>\n\t<meta name=\"twitter:data1\" content=\"1 minute\" \/>\n<script type=\"application\/ld+json\" class=\"yoast-schema-graph\">{\"@context\":\"https:\\\/\\\/schema.org\",\"@graph\":[{\"@type\":\"WebPage\",\"@id\":\"https:\\\/\\\/macrocolorlevante.com\\\/producto\\\/uno-advanced\\\/\",\"url\":\"https:\\\/\\\/macrocolorlevante.com\\\/producto\\\/uno-advanced\\\/\",\"name\":\"UNO ADVANCED - Macrocolor\",\"isPartOf\":{\"@id\":\"https:\\\/\\\/macrocolorlevante.com\\\/#website\"},\"primaryImageOfPage\":{\"@id\":\"https:\\\/\\\/macrocolorlevante.com\\\/producto\\\/uno-advanced\\\/#primaryimage\"},\"image\":{\"@id\":\"https:\\\/\\\/macrocolorlevante.com\\\/producto\\\/uno-advanced\\\/#primaryimage\"},\"thumbnailUrl\":\"https:\\\/\\\/macrocolorlevante.com\\\/wp-content\\\/uploads\\\/2025\\\/10\\\/UNO-ADVANCED-.jpg\",\"datePublished\":\"2025-10-20T08:29:28+00:00\",\"dateModified\":\"2026-04-17T06:26:28+00:00\",\"breadcrumb\":{\"@id\":\"https:\\\/\\\/macrocolorlevante.com\\\/producto\\\/uno-advanced\\\/#breadcrumb\"},\"inLanguage\":\"en-US\",\"potentialAction\":[{\"@type\":\"ReadAction\",\"target\":[\"https:\\\/\\\/macrocolorlevante.com\\\/producto\\\/uno-advanced\\\/\"]}]},{\"@type\":\"ImageObject\",\"inLanguage\":\"en-US\",\"@id\":\"https:\\\/\\\/macrocolorlevante.com\\\/producto\\\/uno-advanced\\\/#primaryimage\",\"url\":\"https:\\\/\\\/macrocolorlevante.com\\\/wp-content\\\/uploads\\\/2025\\\/10\\\/UNO-ADVANCED-.jpg\",\"contentUrl\":\"https:\\\/\\\/macrocolorlevante.com\\\/wp-content\\\/uploads\\\/2025\\\/10\\\/UNO-ADVANCED-.jpg\",\"width\":300,\"height\":200},{\"@type\":\"BreadcrumbList\",\"@id\":\"https:\\\/\\\/macrocolorlevante.com\\\/producto\\\/uno-advanced\\\/#breadcrumb\",\"itemListElement\":[{\"@type\":\"ListItem\",\"position\":1,\"name\":\"Portada\",\"item\":\"https:\\\/\\\/macrocolorlevante.com\\\/\"},{\"@type\":\"ListItem\",\"position\":2,\"name\":\"Productos\",\"item\":\"https:\\\/\\\/macrocolorlevante.com\\\/shop\\\/\"},{\"@type\":\"ListItem\",\"position\":3,\"name\":\"UNO ADVANCED\"}]},{\"@type\":\"WebSite\",\"@id\":\"https:\\\/\\\/macrocolorlevante.com\\\/#website\",\"url\":\"https:\\\/\\\/macrocolorlevante.com\\\/\",\"name\":\"Macrocolor\",\"description\":\"\",\"potentialAction\":[{\"@type\":\"SearchAction\",\"target\":{\"@type\":\"EntryPoint\",\"urlTemplate\":\"https:\\\/\\\/macrocolorlevante.com\\\/?s={search_term_string}\"},\"query-input\":{\"@type\":\"PropertyValueSpecification\",\"valueRequired\":true,\"valueName\":\"search_term_string\"}}],\"inLanguage\":\"en-US\"}]}<\/script>\n<!-- \/ Yoast SEO plugin. -->","yoast_head_json":{"title":"UNO ADVANCED - Macrocolor","robots":{"index":"index","follow":"follow","max-snippet":"max-snippet:-1","max-image-preview":"max-image-preview:large","max-video-preview":"max-video-preview:-1"},"canonical":"https:\/\/macrocolorlevante.com\/en\/producto\/uno-advanced\/","og_locale":"en_US","og_type":"article","og_title":"UNO ADVANCED - Macrocolor","og_description":"Tecnolog\u00eda microabrasiva altamente t\u00e9cnica fusionada con nanoprotecci\u00f3n de \u00faltima generaci\u00f3n \u2022 Puede eliminar peque\u00f1as imperfecciones al tiempo que crea una capa de protecci\u00f3n duradera que dura hasta 12 meses","og_url":"https:\/\/macrocolorlevante.com\/en\/producto\/uno-advanced\/","og_site_name":"Macrocolor","article_modified_time":"2026-04-17T06:26:28+00:00","og_image":[{"width":300,"height":200,"url":"https:\/\/macrocolorlevante.com\/wp-content\/uploads\/2025\/10\/UNO-ADVANCED-.jpg","type":"image\/jpeg"}],"twitter_card":"summary_large_image","twitter_misc":{"Est. reading time":"1 minute"},"schema":{"@context":"https:\/\/schema.org","@graph":[{"@type":"WebPage","@id":"https:\/\/macrocolorlevante.com\/producto\/uno-advanced\/","url":"https:\/\/macrocolorlevante.com\/producto\/uno-advanced\/","name":"UNO ADVANCED - Macrocolor","isPartOf":{"@id":"https:\/\/macrocolorlevante.com\/#website"},"primaryImageOfPage":{"@id":"https:\/\/macrocolorlevante.com\/producto\/uno-advanced\/#primaryimage"},"image":{"@id":"https:\/\/macrocolorlevante.com\/producto\/uno-advanced\/#primaryimage"},"thumbnailUrl":"https:\/\/macrocolorlevante.com\/wp-content\/uploads\/2025\/10\/UNO-ADVANCED-.jpg","datePublished":"2025-10-20T08:29:28+00:00","dateModified":"2026-04-17T06:26:28+00:00","breadcrumb":{"@id":"https:\/\/macrocolorlevante.com\/producto\/uno-advanced\/#breadcrumb"},"inLanguage":"en-US","potentialAction":[{"@type":"ReadAction","target":["https:\/\/macrocolorlevante.com\/producto\/uno-advanced\/"]}]},{"@type":"ImageObject","inLanguage":"en-US","@id":"https:\/\/macrocolorlevante.com\/producto\/uno-advanced\/#primaryimage","url":"https:\/\/macrocolorlevante.com\/wp-content\/uploads\/2025\/10\/UNO-ADVANCED-.jpg","contentUrl":"https:\/\/macrocolorlevante.com\/wp-content\/uploads\/2025\/10\/UNO-ADVANCED-.jpg","width":300,"height":200},{"@type":"BreadcrumbList","@id":"https:\/\/macrocolorlevante.com\/producto\/uno-advanced\/#breadcrumb","itemListElement":[{"@type":"ListItem","position":1,"name":"Portada","item":"https:\/\/macrocolorlevante.com\/"},{"@type":"ListItem","position":2,"name":"Productos","item":"https:\/\/macrocolorlevante.com\/shop\/"},{"@type":"ListItem","position":3,"name":"UNO ADVANCED"}]},{"@type":"WebSite","@id":"https:\/\/macrocolorlevante.com\/#website","url":"https:\/\/macrocolorlevante.com\/","name":"Macrocolor","description":"","potentialAction":[{"@type":"SearchAction","target":{"@type":"EntryPoint","urlTemplate":"https:\/\/macrocolorlevante.com\/?s={search_term_string}"},"query-input":{"@type":"PropertyValueSpecification","valueRequired":true,"valueName":"search_term_string"}}],"inLanguage":"en-US"}]}},"_links":{"self":[{"href":"https:\/\/macrocolorlevante.com\/en\/wp-json\/wp\/v2\/product\/2198","targetHints":{"allow":["GET"]}}],"collection":[{"href":"https:\/\/macrocolorlevante.com\/en\/wp-json\/wp\/v2\/product"}],"about":[{"href":"https:\/\/macrocolorlevante.com\/en\/wp-json\/wp\/v2\/types\/product"}],"replies":[{"embeddable":true,"href":"https:\/\/macrocolorlevante.com\/en\/wp-json\/wp\/v2\/comments?post=2198"}],"wp:featuredmedia":[{"embeddable":true,"href":"https:\/\/macrocolorlevante.com\/en\/wp-json\/wp\/v2\/media\/2207"}],"wp:attachment":[{"href":"https:\/\/macrocolorlevante.com\/en\/wp-json\/wp\/v2\/media?parent=2198"}],"wp:term":[{"taxonomy":"product_brand","embeddable":true,"href":"https:\/\/macrocolorlevante.com\/en\/wp-json\/wp\/v2\/product_brand?post=2198"},{"taxonomy":"product_cat","embeddable":true,"href":"https:\/\/macrocolorlevante.com\/en\/wp-json\/wp\/v2\/product_cat?post=2198"},{"taxonomy":"product_tag","embeddable":true,"href":"https:\/\/macrocolorlevante.com\/en\/wp-json\/wp\/v2\/product_tag?post=2198"}],"curies":[{"name":"wp","href":"https:\/\/api.w.org\/{rel}","templated":true}]}}