{"id":2151,"date":"2025-08-19T12:07:02","date_gmt":"2025-08-19T12:07:02","guid":{"rendered":"https:\/\/macrocolorlevante.com\/?post_type=product&#038;p=2151"},"modified":"2026-04-17T06:27:52","modified_gmt":"2026-04-17T06:27:52","slug":"2151","status":"publish","type":"product","link":"https:\/\/macrocolorlevante.com\/en\/product\/2151\/","title":{"rendered":"DACOARSE (250ML)+DAFINE (250ML)"},"content":{"rendered":"<p>La combinacion perfecta<\/p>\n<p>D-A COARSE (250ML)<\/p>\n<p>\u2022 Eliminaci\u00f3n r\u00e1pida de defectos con extrema facilidad de uso en todo tipo de pinturas<br \/>\n\u2022 F\u00f3rmula que contiene lubricantes especiales para garantizar ciclos de pulido m\u00e1s largos<br \/>\n\u2022 Reducci\u00f3n del polvo de pulido y f\u00e1cil eliminaci\u00f3n de los residuos<\/p>\n<p>D-A FINE (250ML)<\/p>\n<p>\u2022 Nueva tecnolog\u00eda microabrasiva para mejorar la capacidad de corte<br \/>\n\u2022 F\u00e1cil de eliminar, minimizando las marcas en pinturas suaves o delicadas<br \/>\n\u2022 Utilizar como segundo paso de pulido despu\u00e9s de la pasta D-A COARSE<\/p>","protected":false},"excerpt":{"rendered":"<p>La combinacion perfecta D-A COARSE (250ML) \u2022 Eliminaci\u00f3n r\u00e1pida de defectos con extrema facilidad de uso en todo tipo de pinturas \u2022 F\u00f3rmula que contiene lubricantes especiales para garantizar ciclos de pulido m\u00e1s largos \u2022 Reducci\u00f3n del polvo de pulido y f\u00e1cil eliminaci\u00f3n de los residuos D-A FINE (250ML) \u2022 Nueva tecnolog\u00eda microabrasiva para mejorar la capacidad de corte \u2022 F\u00e1cil de eliminar, minimizando las marcas en pinturas suaves o delicadas \u2022 Utilizar como segundo paso de pulido despu\u00e9s de la pasta D-A COARSE<\/p>","protected":false},"featured_media":2156,"comment_status":"closed","ping_status":"closed","template":"","meta":[],"product_brand":[45],"product_cat":[60],"product_tag":[],"class_list":{"0":"post-2151","1":"product","2":"type-product","3":"status-publish","4":"has-post-thumbnail","6":"product_brand-rupes","7":"product_cat-limpieza-y-abrillantado","9":"first","10":"instock","11":"sale","12":"shipping-taxable","13":"purchasable","14":"product-type-simple"},"yoast_head":"<!-- This site is optimized with the Yoast SEO plugin v27.4 - https:\/\/yoast.com\/product\/yoast-seo-wordpress\/ -->\n<title>DACOARSE (250ML)+DAFINE (250ML) - Macrocolor<\/title>\n<meta name=\"robots\" content=\"index, follow, max-snippet:-1, max-image-preview:large, max-video-preview:-1\" \/>\n<link rel=\"canonical\" href=\"https:\/\/macrocolorlevante.com\/en\/producto\/2151\/\" \/>\n<meta property=\"og:locale\" content=\"en_US\" \/>\n<meta property=\"og:type\" content=\"article\" \/>\n<meta property=\"og:title\" content=\"DACOARSE (250ML)+DAFINE (250ML) - Macrocolor\" \/>\n<meta property=\"og:description\" content=\"La combinacion perfecta D-A COARSE (250ML) \u2022 Eliminaci\u00f3n r\u00e1pida de defectos con extrema facilidad de uso en todo tipo de pinturas \u2022 F\u00f3rmula que contiene lubricantes especiales para garantizar ciclos de pulido m\u00e1s largos \u2022 Reducci\u00f3n del polvo de pulido y f\u00e1cil eliminaci\u00f3n de los residuos D-A FINE (250ML) \u2022 Nueva tecnolog\u00eda microabrasiva para mejorar la capacidad de corte \u2022 F\u00e1cil de eliminar, minimizando las marcas en pinturas suaves o delicadas \u2022 Utilizar como segundo paso de pulido despu\u00e9s de la pasta D-A COARSE\" \/>\n<meta property=\"og:url\" content=\"https:\/\/macrocolorlevante.com\/en\/producto\/2151\/\" \/>\n<meta property=\"og:site_name\" content=\"Macrocolor\" \/>\n<meta property=\"article:modified_time\" content=\"2026-04-17T06:27:52+00:00\" \/>\n<meta property=\"og:image\" content=\"https:\/\/macrocolorlevante.com\/wp-content\/uploads\/2025\/08\/9d21763a-dfbe-49aa-914f-01e80c07cf1f.jpg\" \/>\n\t<meta property=\"og:image:width\" content=\"1143\" \/>\n\t<meta property=\"og:image:height\" content=\"1600\" \/>\n\t<meta property=\"og:image:type\" content=\"image\/jpeg\" \/>\n<meta name=\"twitter:card\" content=\"summary_large_image\" \/>\n<meta name=\"twitter:label1\" content=\"Est. reading time\" \/>\n\t<meta name=\"twitter:data1\" content=\"1 minute\" \/>\n<script type=\"application\/ld+json\" class=\"yoast-schema-graph\">{\"@context\":\"https:\\\/\\\/schema.org\",\"@graph\":[{\"@type\":\"WebPage\",\"@id\":\"https:\\\/\\\/macrocolorlevante.com\\\/producto\\\/2151\\\/\",\"url\":\"https:\\\/\\\/macrocolorlevante.com\\\/producto\\\/2151\\\/\",\"name\":\"DACOARSE (250ML)+DAFINE (250ML) - Macrocolor\",\"isPartOf\":{\"@id\":\"https:\\\/\\\/macrocolorlevante.com\\\/#website\"},\"primaryImageOfPage\":{\"@id\":\"https:\\\/\\\/macrocolorlevante.com\\\/producto\\\/2151\\\/#primaryimage\"},\"image\":{\"@id\":\"https:\\\/\\\/macrocolorlevante.com\\\/producto\\\/2151\\\/#primaryimage\"},\"thumbnailUrl\":\"https:\\\/\\\/macrocolorlevante.com\\\/wp-content\\\/uploads\\\/2025\\\/08\\\/9d21763a-dfbe-49aa-914f-01e80c07cf1f.jpg\",\"datePublished\":\"2025-08-19T12:07:02+00:00\",\"dateModified\":\"2026-04-17T06:27:52+00:00\",\"breadcrumb\":{\"@id\":\"https:\\\/\\\/macrocolorlevante.com\\\/producto\\\/2151\\\/#breadcrumb\"},\"inLanguage\":\"en-US\",\"potentialAction\":[{\"@type\":\"ReadAction\",\"target\":[\"https:\\\/\\\/macrocolorlevante.com\\\/producto\\\/2151\\\/\"]}]},{\"@type\":\"ImageObject\",\"inLanguage\":\"en-US\",\"@id\":\"https:\\\/\\\/macrocolorlevante.com\\\/producto\\\/2151\\\/#primaryimage\",\"url\":\"https:\\\/\\\/macrocolorlevante.com\\\/wp-content\\\/uploads\\\/2025\\\/08\\\/9d21763a-dfbe-49aa-914f-01e80c07cf1f.jpg\",\"contentUrl\":\"https:\\\/\\\/macrocolorlevante.com\\\/wp-content\\\/uploads\\\/2025\\\/08\\\/9d21763a-dfbe-49aa-914f-01e80c07cf1f.jpg\",\"width\":1143,\"height\":1600},{\"@type\":\"BreadcrumbList\",\"@id\":\"https:\\\/\\\/macrocolorlevante.com\\\/producto\\\/2151\\\/#breadcrumb\",\"itemListElement\":[{\"@type\":\"ListItem\",\"position\":1,\"name\":\"Portada\",\"item\":\"https:\\\/\\\/macrocolorlevante.com\\\/\"},{\"@type\":\"ListItem\",\"position\":2,\"name\":\"Productos\",\"item\":\"https:\\\/\\\/macrocolorlevante.com\\\/shop\\\/\"},{\"@type\":\"ListItem\",\"position\":3,\"name\":\"DACOARSE (250ML)+DAFINE (250ML)\"}]},{\"@type\":\"WebSite\",\"@id\":\"https:\\\/\\\/macrocolorlevante.com\\\/#website\",\"url\":\"https:\\\/\\\/macrocolorlevante.com\\\/\",\"name\":\"Macrocolor\",\"description\":\"\",\"potentialAction\":[{\"@type\":\"SearchAction\",\"target\":{\"@type\":\"EntryPoint\",\"urlTemplate\":\"https:\\\/\\\/macrocolorlevante.com\\\/?s={search_term_string}\"},\"query-input\":{\"@type\":\"PropertyValueSpecification\",\"valueRequired\":true,\"valueName\":\"search_term_string\"}}],\"inLanguage\":\"en-US\"}]}<\/script>\n<!-- \/ Yoast SEO plugin. -->","yoast_head_json":{"title":"DACOARSE (250ML)+DAFINE (250ML) - Macrocolor","robots":{"index":"index","follow":"follow","max-snippet":"max-snippet:-1","max-image-preview":"max-image-preview:large","max-video-preview":"max-video-preview:-1"},"canonical":"https:\/\/macrocolorlevante.com\/en\/producto\/2151\/","og_locale":"en_US","og_type":"article","og_title":"DACOARSE (250ML)+DAFINE (250ML) - Macrocolor","og_description":"La combinacion perfecta D-A COARSE (250ML) \u2022 Eliminaci\u00f3n r\u00e1pida de defectos con extrema facilidad de uso en todo tipo de pinturas \u2022 F\u00f3rmula que contiene lubricantes especiales para garantizar ciclos de pulido m\u00e1s largos \u2022 Reducci\u00f3n del polvo de pulido y f\u00e1cil eliminaci\u00f3n de los residuos D-A FINE (250ML) \u2022 Nueva tecnolog\u00eda microabrasiva para mejorar la capacidad de corte \u2022 F\u00e1cil de eliminar, minimizando las marcas en pinturas suaves o delicadas \u2022 Utilizar como segundo paso de pulido despu\u00e9s de la pasta D-A COARSE","og_url":"https:\/\/macrocolorlevante.com\/en\/producto\/2151\/","og_site_name":"Macrocolor","article_modified_time":"2026-04-17T06:27:52+00:00","og_image":[{"width":1143,"height":1600,"url":"https:\/\/macrocolorlevante.com\/wp-content\/uploads\/2025\/08\/9d21763a-dfbe-49aa-914f-01e80c07cf1f.jpg","type":"image\/jpeg"}],"twitter_card":"summary_large_image","twitter_misc":{"Est. reading time":"1 minute"},"schema":{"@context":"https:\/\/schema.org","@graph":[{"@type":"WebPage","@id":"https:\/\/macrocolorlevante.com\/producto\/2151\/","url":"https:\/\/macrocolorlevante.com\/producto\/2151\/","name":"DACOARSE (250ML)+DAFINE (250ML) - Macrocolor","isPartOf":{"@id":"https:\/\/macrocolorlevante.com\/#website"},"primaryImageOfPage":{"@id":"https:\/\/macrocolorlevante.com\/producto\/2151\/#primaryimage"},"image":{"@id":"https:\/\/macrocolorlevante.com\/producto\/2151\/#primaryimage"},"thumbnailUrl":"https:\/\/macrocolorlevante.com\/wp-content\/uploads\/2025\/08\/9d21763a-dfbe-49aa-914f-01e80c07cf1f.jpg","datePublished":"2025-08-19T12:07:02+00:00","dateModified":"2026-04-17T06:27:52+00:00","breadcrumb":{"@id":"https:\/\/macrocolorlevante.com\/producto\/2151\/#breadcrumb"},"inLanguage":"en-US","potentialAction":[{"@type":"ReadAction","target":["https:\/\/macrocolorlevante.com\/producto\/2151\/"]}]},{"@type":"ImageObject","inLanguage":"en-US","@id":"https:\/\/macrocolorlevante.com\/producto\/2151\/#primaryimage","url":"https:\/\/macrocolorlevante.com\/wp-content\/uploads\/2025\/08\/9d21763a-dfbe-49aa-914f-01e80c07cf1f.jpg","contentUrl":"https:\/\/macrocolorlevante.com\/wp-content\/uploads\/2025\/08\/9d21763a-dfbe-49aa-914f-01e80c07cf1f.jpg","width":1143,"height":1600},{"@type":"BreadcrumbList","@id":"https:\/\/macrocolorlevante.com\/producto\/2151\/#breadcrumb","itemListElement":[{"@type":"ListItem","position":1,"name":"Portada","item":"https:\/\/macrocolorlevante.com\/"},{"@type":"ListItem","position":2,"name":"Productos","item":"https:\/\/macrocolorlevante.com\/shop\/"},{"@type":"ListItem","position":3,"name":"DACOARSE (250ML)+DAFINE (250ML)"}]},{"@type":"WebSite","@id":"https:\/\/macrocolorlevante.com\/#website","url":"https:\/\/macrocolorlevante.com\/","name":"Macrocolor","description":"","potentialAction":[{"@type":"SearchAction","target":{"@type":"EntryPoint","urlTemplate":"https:\/\/macrocolorlevante.com\/?s={search_term_string}"},"query-input":{"@type":"PropertyValueSpecification","valueRequired":true,"valueName":"search_term_string"}}],"inLanguage":"en-US"}]}},"_links":{"self":[{"href":"https:\/\/macrocolorlevante.com\/en\/wp-json\/wp\/v2\/product\/2151","targetHints":{"allow":["GET"]}}],"collection":[{"href":"https:\/\/macrocolorlevante.com\/en\/wp-json\/wp\/v2\/product"}],"about":[{"href":"https:\/\/macrocolorlevante.com\/en\/wp-json\/wp\/v2\/types\/product"}],"replies":[{"embeddable":true,"href":"https:\/\/macrocolorlevante.com\/en\/wp-json\/wp\/v2\/comments?post=2151"}],"wp:featuredmedia":[{"embeddable":true,"href":"https:\/\/macrocolorlevante.com\/en\/wp-json\/wp\/v2\/media\/2156"}],"wp:attachment":[{"href":"https:\/\/macrocolorlevante.com\/en\/wp-json\/wp\/v2\/media?parent=2151"}],"wp:term":[{"taxonomy":"product_brand","embeddable":true,"href":"https:\/\/macrocolorlevante.com\/en\/wp-json\/wp\/v2\/product_brand?post=2151"},{"taxonomy":"product_cat","embeddable":true,"href":"https:\/\/macrocolorlevante.com\/en\/wp-json\/wp\/v2\/product_cat?post=2151"},{"taxonomy":"product_tag","embeddable":true,"href":"https:\/\/macrocolorlevante.com\/en\/wp-json\/wp\/v2\/product_tag?post=2151"}],"curies":[{"name":"wp","href":"https:\/\/api.w.org\/{rel}","templated":true}]}}