{"id":2100,"date":"2025-07-30T20:46:42","date_gmt":"2025-07-30T20:46:42","guid":{"rendered":"https:\/\/macrocolorlevante.com\/?post_type=product&#038;p=2100"},"modified":"2025-09-03T20:25:04","modified_gmt":"2025-09-03T20:25:04","slug":"dafine-abrillantador-rupes-copia","status":"publish","type":"product","link":"https:\/\/macrocolorlevante.com\/en\/product\/dafine-abrillantador-rupes-copia\/","title":{"rendered":"Dacoarse Pulimento Rupes"},"content":{"rendered":"<p>Eliminaci\u00f3n r\u00e1pida de defectos con extrema facilidad de uso en todo tipo de pinturas<br \/>\n\u2022 F\u00f3rmula que contiene lubricantes especiales para garantizar ciclos de pulido m\u00e1s largos<br \/>\n\u2022 Reducci\u00f3n del polvo de pulido y f\u00e1cil eliminaci\u00f3n de los residuos<\/p>","protected":false},"excerpt":{"rendered":"<p>Eliminaci\u00f3n r\u00e1pida de defectos con extrema facilidad de uso en todo tipo de pinturas \u2022 F\u00f3rmula que contiene lubricantes especiales para garantizar ciclos de pulido m\u00e1s largos \u2022 Reducci\u00f3n del polvo de pulido y f\u00e1cil eliminaci\u00f3n de los residuos<\/p>","protected":false},"featured_media":2103,"comment_status":"closed","ping_status":"closed","template":"","meta":[],"product_brand":[45],"product_cat":[60],"product_tag":[],"class_list":{"0":"post-2100","1":"product","2":"type-product","3":"status-publish","4":"has-post-thumbnail","6":"product_brand-rupes","7":"product_cat-limpieza-y-abrillantado","9":"first","10":"instock","11":"shipping-taxable","12":"purchasable","13":"product-type-variable"},"yoast_head":"<!-- This site is optimized with the Yoast SEO plugin v27.4 - https:\/\/yoast.com\/product\/yoast-seo-wordpress\/ -->\n<title>Dacoarse Pulimento Rupes - Macrocolor<\/title>\n<meta name=\"robots\" content=\"index, follow, max-snippet:-1, max-image-preview:large, max-video-preview:-1\" \/>\n<link rel=\"canonical\" href=\"https:\/\/macrocolorlevante.com\/en\/producto\/dafine-abrillantador-rupes-copia\/\" \/>\n<meta property=\"og:locale\" content=\"en_US\" \/>\n<meta property=\"og:type\" content=\"article\" \/>\n<meta property=\"og:title\" content=\"Dacoarse Pulimento Rupes - Macrocolor\" \/>\n<meta property=\"og:description\" content=\"Eliminaci\u00f3n r\u00e1pida de defectos con extrema facilidad de uso en todo tipo de pinturas \u2022 F\u00f3rmula que contiene lubricantes especiales para garantizar ciclos de pulido m\u00e1s largos \u2022 Reducci\u00f3n del polvo de pulido y f\u00e1cil eliminaci\u00f3n de los residuos\" \/>\n<meta property=\"og:url\" content=\"https:\/\/macrocolorlevante.com\/en\/producto\/dafine-abrillantador-rupes-copia\/\" \/>\n<meta property=\"og:site_name\" content=\"Macrocolor\" \/>\n<meta property=\"article:modified_time\" content=\"2025-09-03T20:25:04+00:00\" \/>\n<meta property=\"og:image\" content=\"https:\/\/macrocolorlevante.com\/wp-content\/uploads\/2025\/07\/D-A-coarse-polishing-compound-1000ml-bottle.jpg\" \/>\n\t<meta property=\"og:image:width\" content=\"1200\" \/>\n\t<meta property=\"og:image:height\" content=\"800\" \/>\n\t<meta property=\"og:image:type\" content=\"image\/jpeg\" \/>\n<meta name=\"twitter:card\" content=\"summary_large_image\" \/>\n<meta name=\"twitter:label1\" content=\"Est. reading time\" \/>\n\t<meta name=\"twitter:data1\" content=\"1 minute\" \/>\n<script type=\"application\/ld+json\" class=\"yoast-schema-graph\">{\"@context\":\"https:\\\/\\\/schema.org\",\"@graph\":[{\"@type\":\"WebPage\",\"@id\":\"https:\\\/\\\/macrocolorlevante.com\\\/producto\\\/dafine-abrillantador-rupes-copia\\\/\",\"url\":\"https:\\\/\\\/macrocolorlevante.com\\\/producto\\\/dafine-abrillantador-rupes-copia\\\/\",\"name\":\"Dacoarse Pulimento Rupes - Macrocolor\",\"isPartOf\":{\"@id\":\"https:\\\/\\\/macrocolorlevante.com\\\/#website\"},\"primaryImageOfPage\":{\"@id\":\"https:\\\/\\\/macrocolorlevante.com\\\/producto\\\/dafine-abrillantador-rupes-copia\\\/#primaryimage\"},\"image\":{\"@id\":\"https:\\\/\\\/macrocolorlevante.com\\\/producto\\\/dafine-abrillantador-rupes-copia\\\/#primaryimage\"},\"thumbnailUrl\":\"https:\\\/\\\/macrocolorlevante.com\\\/wp-content\\\/uploads\\\/2025\\\/07\\\/D-A-coarse-polishing-compound-1000ml-bottle.jpg\",\"datePublished\":\"2025-07-30T20:46:42+00:00\",\"dateModified\":\"2025-09-03T20:25:04+00:00\",\"breadcrumb\":{\"@id\":\"https:\\\/\\\/macrocolorlevante.com\\\/producto\\\/dafine-abrillantador-rupes-copia\\\/#breadcrumb\"},\"inLanguage\":\"en-US\",\"potentialAction\":[{\"@type\":\"ReadAction\",\"target\":[\"https:\\\/\\\/macrocolorlevante.com\\\/producto\\\/dafine-abrillantador-rupes-copia\\\/\"]}]},{\"@type\":\"ImageObject\",\"inLanguage\":\"en-US\",\"@id\":\"https:\\\/\\\/macrocolorlevante.com\\\/producto\\\/dafine-abrillantador-rupes-copia\\\/#primaryimage\",\"url\":\"https:\\\/\\\/macrocolorlevante.com\\\/wp-content\\\/uploads\\\/2025\\\/07\\\/D-A-coarse-polishing-compound-1000ml-bottle.jpg\",\"contentUrl\":\"https:\\\/\\\/macrocolorlevante.com\\\/wp-content\\\/uploads\\\/2025\\\/07\\\/D-A-coarse-polishing-compound-1000ml-bottle.jpg\",\"width\":1200,\"height\":800},{\"@type\":\"BreadcrumbList\",\"@id\":\"https:\\\/\\\/macrocolorlevante.com\\\/producto\\\/dafine-abrillantador-rupes-copia\\\/#breadcrumb\",\"itemListElement\":[{\"@type\":\"ListItem\",\"position\":1,\"name\":\"Portada\",\"item\":\"https:\\\/\\\/macrocolorlevante.com\\\/\"},{\"@type\":\"ListItem\",\"position\":2,\"name\":\"Productos\",\"item\":\"https:\\\/\\\/macrocolorlevante.com\\\/shop\\\/\"},{\"@type\":\"ListItem\",\"position\":3,\"name\":\"Dacoarse Pulimento Rupes\"}]},{\"@type\":\"WebSite\",\"@id\":\"https:\\\/\\\/macrocolorlevante.com\\\/#website\",\"url\":\"https:\\\/\\\/macrocolorlevante.com\\\/\",\"name\":\"Macrocolor\",\"description\":\"\",\"potentialAction\":[{\"@type\":\"SearchAction\",\"target\":{\"@type\":\"EntryPoint\",\"urlTemplate\":\"https:\\\/\\\/macrocolorlevante.com\\\/?s={search_term_string}\"},\"query-input\":{\"@type\":\"PropertyValueSpecification\",\"valueRequired\":true,\"valueName\":\"search_term_string\"}}],\"inLanguage\":\"en-US\"}]}<\/script>\n<!-- \/ Yoast SEO plugin. -->","yoast_head_json":{"title":"Dacoarse Pulimento Rupes - Macrocolor","robots":{"index":"index","follow":"follow","max-snippet":"max-snippet:-1","max-image-preview":"max-image-preview:large","max-video-preview":"max-video-preview:-1"},"canonical":"https:\/\/macrocolorlevante.com\/en\/producto\/dafine-abrillantador-rupes-copia\/","og_locale":"en_US","og_type":"article","og_title":"Dacoarse Pulimento Rupes - Macrocolor","og_description":"Eliminaci\u00f3n r\u00e1pida de defectos con extrema facilidad de uso en todo tipo de pinturas \u2022 F\u00f3rmula que contiene lubricantes especiales para garantizar ciclos de pulido m\u00e1s largos \u2022 Reducci\u00f3n del polvo de pulido y f\u00e1cil eliminaci\u00f3n de los residuos","og_url":"https:\/\/macrocolorlevante.com\/en\/producto\/dafine-abrillantador-rupes-copia\/","og_site_name":"Macrocolor","article_modified_time":"2025-09-03T20:25:04+00:00","og_image":[{"width":1200,"height":800,"url":"https:\/\/macrocolorlevante.com\/wp-content\/uploads\/2025\/07\/D-A-coarse-polishing-compound-1000ml-bottle.jpg","type":"image\/jpeg"}],"twitter_card":"summary_large_image","twitter_misc":{"Est. reading time":"1 minute"},"schema":{"@context":"https:\/\/schema.org","@graph":[{"@type":"WebPage","@id":"https:\/\/macrocolorlevante.com\/producto\/dafine-abrillantador-rupes-copia\/","url":"https:\/\/macrocolorlevante.com\/producto\/dafine-abrillantador-rupes-copia\/","name":"Dacoarse Pulimento Rupes - Macrocolor","isPartOf":{"@id":"https:\/\/macrocolorlevante.com\/#website"},"primaryImageOfPage":{"@id":"https:\/\/macrocolorlevante.com\/producto\/dafine-abrillantador-rupes-copia\/#primaryimage"},"image":{"@id":"https:\/\/macrocolorlevante.com\/producto\/dafine-abrillantador-rupes-copia\/#primaryimage"},"thumbnailUrl":"https:\/\/macrocolorlevante.com\/wp-content\/uploads\/2025\/07\/D-A-coarse-polishing-compound-1000ml-bottle.jpg","datePublished":"2025-07-30T20:46:42+00:00","dateModified":"2025-09-03T20:25:04+00:00","breadcrumb":{"@id":"https:\/\/macrocolorlevante.com\/producto\/dafine-abrillantador-rupes-copia\/#breadcrumb"},"inLanguage":"en-US","potentialAction":[{"@type":"ReadAction","target":["https:\/\/macrocolorlevante.com\/producto\/dafine-abrillantador-rupes-copia\/"]}]},{"@type":"ImageObject","inLanguage":"en-US","@id":"https:\/\/macrocolorlevante.com\/producto\/dafine-abrillantador-rupes-copia\/#primaryimage","url":"https:\/\/macrocolorlevante.com\/wp-content\/uploads\/2025\/07\/D-A-coarse-polishing-compound-1000ml-bottle.jpg","contentUrl":"https:\/\/macrocolorlevante.com\/wp-content\/uploads\/2025\/07\/D-A-coarse-polishing-compound-1000ml-bottle.jpg","width":1200,"height":800},{"@type":"BreadcrumbList","@id":"https:\/\/macrocolorlevante.com\/producto\/dafine-abrillantador-rupes-copia\/#breadcrumb","itemListElement":[{"@type":"ListItem","position":1,"name":"Portada","item":"https:\/\/macrocolorlevante.com\/"},{"@type":"ListItem","position":2,"name":"Productos","item":"https:\/\/macrocolorlevante.com\/shop\/"},{"@type":"ListItem","position":3,"name":"Dacoarse Pulimento Rupes"}]},{"@type":"WebSite","@id":"https:\/\/macrocolorlevante.com\/#website","url":"https:\/\/macrocolorlevante.com\/","name":"Macrocolor","description":"","potentialAction":[{"@type":"SearchAction","target":{"@type":"EntryPoint","urlTemplate":"https:\/\/macrocolorlevante.com\/?s={search_term_string}"},"query-input":{"@type":"PropertyValueSpecification","valueRequired":true,"valueName":"search_term_string"}}],"inLanguage":"en-US"}]}},"_links":{"self":[{"href":"https:\/\/macrocolorlevante.com\/en\/wp-json\/wp\/v2\/product\/2100","targetHints":{"allow":["GET"]}}],"collection":[{"href":"https:\/\/macrocolorlevante.com\/en\/wp-json\/wp\/v2\/product"}],"about":[{"href":"https:\/\/macrocolorlevante.com\/en\/wp-json\/wp\/v2\/types\/product"}],"replies":[{"embeddable":true,"href":"https:\/\/macrocolorlevante.com\/en\/wp-json\/wp\/v2\/comments?post=2100"}],"wp:featuredmedia":[{"embeddable":true,"href":"https:\/\/macrocolorlevante.com\/en\/wp-json\/wp\/v2\/media\/2103"}],"wp:attachment":[{"href":"https:\/\/macrocolorlevante.com\/en\/wp-json\/wp\/v2\/media?parent=2100"}],"wp:term":[{"taxonomy":"product_brand","embeddable":true,"href":"https:\/\/macrocolorlevante.com\/en\/wp-json\/wp\/v2\/product_brand?post=2100"},{"taxonomy":"product_cat","embeddable":true,"href":"https:\/\/macrocolorlevante.com\/en\/wp-json\/wp\/v2\/product_cat?post=2100"},{"taxonomy":"product_tag","embeddable":true,"href":"https:\/\/macrocolorlevante.com\/en\/wp-json\/wp\/v2\/product_tag?post=2100"}],"curies":[{"name":"wp","href":"https:\/\/api.w.org\/{rel}","templated":true}]}}