{"id":2094,"date":"2025-07-30T20:22:01","date_gmt":"2025-07-30T20:22:01","guid":{"rendered":"https:\/\/macrocolorlevante.com\/?post_type=product&#038;p=2094"},"modified":"2026-04-17T06:30:29","modified_gmt":"2026-04-17T06:30:29","slug":"boina-abrillantar-espuma-150mm-rupes","status":"publish","type":"product","link":"https:\/\/macrocolorlevante.com\/en\/product\/boina-abrillantar-espuma-150mm-rupes\/","title":{"rendered":"Boina abrillantar espuma 150mm Rupes"},"content":{"rendered":"<p>Las boinas D-A FINE son las m\u00e1s vers\u00e1til de<br \/>\nla gama RUPES BigFoot y, al mismo tiempo,<br \/>\ngarantizan un alto nivel de eliminaci\u00f3n de<br \/>\ndefectos y una excelente capacidad de acabado<br \/>\nen la mayor\u00eda de las superficies pintadas.<br \/>\nEn combinaci\u00f3n con los pulimentos D-A FINE,<br \/>\ngarantiza la eliminaci\u00f3n de defectos moderados y<br \/>\nmenores. Perfecto para el segundo paso de acabado<br \/>\ndespu\u00e9s de un primer paso de pulido m\u00e1s agresivo<\/p>","protected":false},"excerpt":{"rendered":"<p>Las boinas D-A FINE son las m\u00e1s vers\u00e1til de la gama RUPES BigFoot y, al mismo tiempo, garantizan un alto nivel de eliminaci\u00f3n de defectos y una excelente capacidad de acabado en la mayor\u00eda de las superficies pintadas. En combinaci\u00f3n con los pulimentos D-A FINE, garantiza la eliminaci\u00f3n de defectos moderados y menores. Perfecto para el segundo paso de acabado despu\u00e9s de un primer paso de pulido m\u00e1s agresivo<\/p>","protected":false},"featured_media":2091,"comment_status":"closed","ping_status":"closed","template":"","meta":[],"product_brand":[45],"product_cat":[60],"product_tag":[],"class_list":{"0":"post-2094","1":"product","2":"type-product","3":"status-publish","4":"has-post-thumbnail","6":"product_brand-rupes","7":"product_cat-limpieza-y-abrillantado","9":"first","10":"instock","11":"shipping-taxable","12":"purchasable","13":"product-type-simple"},"yoast_head":"<!-- This site is optimized with the Yoast SEO plugin v27.4 - https:\/\/yoast.com\/product\/yoast-seo-wordpress\/ -->\n<title>Boina abrillantar espuma 150mm Rupes - Macrocolor<\/title>\n<meta name=\"robots\" content=\"index, follow, max-snippet:-1, max-image-preview:large, max-video-preview:-1\" \/>\n<link rel=\"canonical\" href=\"https:\/\/macrocolorlevante.com\/en\/producto\/boina-abrillantar-espuma-150mm-rupes\/\" \/>\n<meta property=\"og:locale\" content=\"en_US\" \/>\n<meta property=\"og:type\" content=\"article\" \/>\n<meta property=\"og:title\" content=\"Boina abrillantar espuma 150mm Rupes - Macrocolor\" \/>\n<meta property=\"og:description\" content=\"Las boinas D-A FINE son las m\u00e1s vers\u00e1til de la gama RUPES BigFoot y, al mismo tiempo, garantizan un alto nivel de eliminaci\u00f3n de defectos y una excelente capacidad de acabado en la mayor\u00eda de las superficies pintadas. En combinaci\u00f3n con los pulimentos D-A FINE, garantiza la eliminaci\u00f3n de defectos moderados y menores. Perfecto para el segundo paso de acabado despu\u00e9s de un primer paso de pulido m\u00e1s agresivo\" \/>\n<meta property=\"og:url\" content=\"https:\/\/macrocolorlevante.com\/en\/producto\/boina-abrillantar-espuma-150mm-rupes\/\" \/>\n<meta property=\"og:site_name\" content=\"Macrocolor\" \/>\n<meta property=\"article:modified_time\" content=\"2026-04-17T06:30:29+00:00\" \/>\n<meta property=\"og:image\" content=\"https:\/\/macrocolorlevante.com\/wp-content\/uploads\/2025\/07\/Boina-foam-abrillantar-150mm-amarilla.jpg\" \/>\n\t<meta property=\"og:image:width\" content=\"1200\" \/>\n\t<meta property=\"og:image:height\" content=\"800\" \/>\n\t<meta property=\"og:image:type\" content=\"image\/jpeg\" \/>\n<meta name=\"twitter:card\" content=\"summary_large_image\" \/>\n<meta name=\"twitter:label1\" content=\"Est. reading time\" \/>\n\t<meta name=\"twitter:data1\" content=\"1 minute\" \/>\n<script type=\"application\/ld+json\" class=\"yoast-schema-graph\">{\"@context\":\"https:\\\/\\\/schema.org\",\"@graph\":[{\"@type\":\"WebPage\",\"@id\":\"https:\\\/\\\/macrocolorlevante.com\\\/producto\\\/boina-abrillantar-espuma-150mm-rupes\\\/\",\"url\":\"https:\\\/\\\/macrocolorlevante.com\\\/producto\\\/boina-abrillantar-espuma-150mm-rupes\\\/\",\"name\":\"Boina abrillantar espuma 150mm Rupes - Macrocolor\",\"isPartOf\":{\"@id\":\"https:\\\/\\\/macrocolorlevante.com\\\/#website\"},\"primaryImageOfPage\":{\"@id\":\"https:\\\/\\\/macrocolorlevante.com\\\/producto\\\/boina-abrillantar-espuma-150mm-rupes\\\/#primaryimage\"},\"image\":{\"@id\":\"https:\\\/\\\/macrocolorlevante.com\\\/producto\\\/boina-abrillantar-espuma-150mm-rupes\\\/#primaryimage\"},\"thumbnailUrl\":\"https:\\\/\\\/macrocolorlevante.com\\\/wp-content\\\/uploads\\\/2025\\\/07\\\/Boina-foam-abrillantar-150mm-amarilla.jpg\",\"datePublished\":\"2025-07-30T20:22:01+00:00\",\"dateModified\":\"2026-04-17T06:30:29+00:00\",\"breadcrumb\":{\"@id\":\"https:\\\/\\\/macrocolorlevante.com\\\/producto\\\/boina-abrillantar-espuma-150mm-rupes\\\/#breadcrumb\"},\"inLanguage\":\"en-US\",\"potentialAction\":[{\"@type\":\"ReadAction\",\"target\":[\"https:\\\/\\\/macrocolorlevante.com\\\/producto\\\/boina-abrillantar-espuma-150mm-rupes\\\/\"]}]},{\"@type\":\"ImageObject\",\"inLanguage\":\"en-US\",\"@id\":\"https:\\\/\\\/macrocolorlevante.com\\\/producto\\\/boina-abrillantar-espuma-150mm-rupes\\\/#primaryimage\",\"url\":\"https:\\\/\\\/macrocolorlevante.com\\\/wp-content\\\/uploads\\\/2025\\\/07\\\/Boina-foam-abrillantar-150mm-amarilla.jpg\",\"contentUrl\":\"https:\\\/\\\/macrocolorlevante.com\\\/wp-content\\\/uploads\\\/2025\\\/07\\\/Boina-foam-abrillantar-150mm-amarilla.jpg\",\"width\":1200,\"height\":800},{\"@type\":\"BreadcrumbList\",\"@id\":\"https:\\\/\\\/macrocolorlevante.com\\\/producto\\\/boina-abrillantar-espuma-150mm-rupes\\\/#breadcrumb\",\"itemListElement\":[{\"@type\":\"ListItem\",\"position\":1,\"name\":\"Portada\",\"item\":\"https:\\\/\\\/macrocolorlevante.com\\\/\"},{\"@type\":\"ListItem\",\"position\":2,\"name\":\"Productos\",\"item\":\"https:\\\/\\\/macrocolorlevante.com\\\/shop\\\/\"},{\"@type\":\"ListItem\",\"position\":3,\"name\":\"Boina abrillantar espuma 150mm Rupes\"}]},{\"@type\":\"WebSite\",\"@id\":\"https:\\\/\\\/macrocolorlevante.com\\\/#website\",\"url\":\"https:\\\/\\\/macrocolorlevante.com\\\/\",\"name\":\"Macrocolor\",\"description\":\"\",\"potentialAction\":[{\"@type\":\"SearchAction\",\"target\":{\"@type\":\"EntryPoint\",\"urlTemplate\":\"https:\\\/\\\/macrocolorlevante.com\\\/?s={search_term_string}\"},\"query-input\":{\"@type\":\"PropertyValueSpecification\",\"valueRequired\":true,\"valueName\":\"search_term_string\"}}],\"inLanguage\":\"en-US\"}]}<\/script>\n<!-- \/ Yoast SEO plugin. -->","yoast_head_json":{"title":"Boina abrillantar espuma 150mm Rupes - Macrocolor","robots":{"index":"index","follow":"follow","max-snippet":"max-snippet:-1","max-image-preview":"max-image-preview:large","max-video-preview":"max-video-preview:-1"},"canonical":"https:\/\/macrocolorlevante.com\/en\/producto\/boina-abrillantar-espuma-150mm-rupes\/","og_locale":"en_US","og_type":"article","og_title":"Boina abrillantar espuma 150mm Rupes - Macrocolor","og_description":"Las boinas D-A FINE son las m\u00e1s vers\u00e1til de la gama RUPES BigFoot y, al mismo tiempo, garantizan un alto nivel de eliminaci\u00f3n de defectos y una excelente capacidad de acabado en la mayor\u00eda de las superficies pintadas. En combinaci\u00f3n con los pulimentos D-A FINE, garantiza la eliminaci\u00f3n de defectos moderados y menores. Perfecto para el segundo paso de acabado despu\u00e9s de un primer paso de pulido m\u00e1s agresivo","og_url":"https:\/\/macrocolorlevante.com\/en\/producto\/boina-abrillantar-espuma-150mm-rupes\/","og_site_name":"Macrocolor","article_modified_time":"2026-04-17T06:30:29+00:00","og_image":[{"width":1200,"height":800,"url":"https:\/\/macrocolorlevante.com\/wp-content\/uploads\/2025\/07\/Boina-foam-abrillantar-150mm-amarilla.jpg","type":"image\/jpeg"}],"twitter_card":"summary_large_image","twitter_misc":{"Est. reading time":"1 minute"},"schema":{"@context":"https:\/\/schema.org","@graph":[{"@type":"WebPage","@id":"https:\/\/macrocolorlevante.com\/producto\/boina-abrillantar-espuma-150mm-rupes\/","url":"https:\/\/macrocolorlevante.com\/producto\/boina-abrillantar-espuma-150mm-rupes\/","name":"Boina abrillantar espuma 150mm Rupes - Macrocolor","isPartOf":{"@id":"https:\/\/macrocolorlevante.com\/#website"},"primaryImageOfPage":{"@id":"https:\/\/macrocolorlevante.com\/producto\/boina-abrillantar-espuma-150mm-rupes\/#primaryimage"},"image":{"@id":"https:\/\/macrocolorlevante.com\/producto\/boina-abrillantar-espuma-150mm-rupes\/#primaryimage"},"thumbnailUrl":"https:\/\/macrocolorlevante.com\/wp-content\/uploads\/2025\/07\/Boina-foam-abrillantar-150mm-amarilla.jpg","datePublished":"2025-07-30T20:22:01+00:00","dateModified":"2026-04-17T06:30:29+00:00","breadcrumb":{"@id":"https:\/\/macrocolorlevante.com\/producto\/boina-abrillantar-espuma-150mm-rupes\/#breadcrumb"},"inLanguage":"en-US","potentialAction":[{"@type":"ReadAction","target":["https:\/\/macrocolorlevante.com\/producto\/boina-abrillantar-espuma-150mm-rupes\/"]}]},{"@type":"ImageObject","inLanguage":"en-US","@id":"https:\/\/macrocolorlevante.com\/producto\/boina-abrillantar-espuma-150mm-rupes\/#primaryimage","url":"https:\/\/macrocolorlevante.com\/wp-content\/uploads\/2025\/07\/Boina-foam-abrillantar-150mm-amarilla.jpg","contentUrl":"https:\/\/macrocolorlevante.com\/wp-content\/uploads\/2025\/07\/Boina-foam-abrillantar-150mm-amarilla.jpg","width":1200,"height":800},{"@type":"BreadcrumbList","@id":"https:\/\/macrocolorlevante.com\/producto\/boina-abrillantar-espuma-150mm-rupes\/#breadcrumb","itemListElement":[{"@type":"ListItem","position":1,"name":"Portada","item":"https:\/\/macrocolorlevante.com\/"},{"@type":"ListItem","position":2,"name":"Productos","item":"https:\/\/macrocolorlevante.com\/shop\/"},{"@type":"ListItem","position":3,"name":"Boina abrillantar espuma 150mm Rupes"}]},{"@type":"WebSite","@id":"https:\/\/macrocolorlevante.com\/#website","url":"https:\/\/macrocolorlevante.com\/","name":"Macrocolor","description":"","potentialAction":[{"@type":"SearchAction","target":{"@type":"EntryPoint","urlTemplate":"https:\/\/macrocolorlevante.com\/?s={search_term_string}"},"query-input":{"@type":"PropertyValueSpecification","valueRequired":true,"valueName":"search_term_string"}}],"inLanguage":"en-US"}]}},"_links":{"self":[{"href":"https:\/\/macrocolorlevante.com\/en\/wp-json\/wp\/v2\/product\/2094","targetHints":{"allow":["GET"]}}],"collection":[{"href":"https:\/\/macrocolorlevante.com\/en\/wp-json\/wp\/v2\/product"}],"about":[{"href":"https:\/\/macrocolorlevante.com\/en\/wp-json\/wp\/v2\/types\/product"}],"replies":[{"embeddable":true,"href":"https:\/\/macrocolorlevante.com\/en\/wp-json\/wp\/v2\/comments?post=2094"}],"wp:featuredmedia":[{"embeddable":true,"href":"https:\/\/macrocolorlevante.com\/en\/wp-json\/wp\/v2\/media\/2091"}],"wp:attachment":[{"href":"https:\/\/macrocolorlevante.com\/en\/wp-json\/wp\/v2\/media?parent=2094"}],"wp:term":[{"taxonomy":"product_brand","embeddable":true,"href":"https:\/\/macrocolorlevante.com\/en\/wp-json\/wp\/v2\/product_brand?post=2094"},{"taxonomy":"product_cat","embeddable":true,"href":"https:\/\/macrocolorlevante.com\/en\/wp-json\/wp\/v2\/product_cat?post=2094"},{"taxonomy":"product_tag","embeddable":true,"href":"https:\/\/macrocolorlevante.com\/en\/wp-json\/wp\/v2\/product_tag?post=2094"}],"curies":[{"name":"wp","href":"https:\/\/api.w.org\/{rel}","templated":true}]}}