{"id":2068,"date":"2025-07-30T10:54:19","date_gmt":"2025-07-30T10:54:19","guid":{"rendered":"https:\/\/macrocolorlevante.com\/?post_type=product&#038;p=2068"},"modified":"2026-04-17T06:34:08","modified_gmt":"2026-04-17T06:34:08","slug":"pack-de-2-boinas-160mm-azulamarilla-de-lana-rupes","status":"publish","type":"product","link":"https:\/\/macrocolorlevante.com\/en\/product\/pack-de-2-boinas-160mm-azulamarilla-de-lana-rupes\/","title":{"rendered":"Pack de 2 boinas 160mm (azul+amarilla) de lana Rupes"},"content":{"rendered":"<p>\u2022 Dise\u00f1adas para pulidoras de doble acci\u00f3n, las almohadillas de lana D-A ofrecen una soluci\u00f3n vers\u00e1til en diferentes<br \/>\ntipos de superficies pintadas.<br \/>\n\u2022 Fabricadas con lana de alta calidad y una base de espuma flexible, proporcionan un equilibrio \u00f3ptimo entre capacidad<br \/>\nde corte y acabado.<br \/>\n\u2022 La almohadilla con espuma azul proporciona mayor poder de corte gracias a su estructura r\u00edgida, mientras que la<br \/>\nalmohadilla con espuma amarilla, m\u00e1s flexible, mejora el control y la capacidad de acabado.<\/p>","protected":false},"excerpt":{"rendered":"<p>\u2022 Dise\u00f1adas para pulidoras de doble acci\u00f3n, las almohadillas de lana D-A ofrecen una soluci\u00f3n vers\u00e1til en diferentes tipos de superficies pintadas. \u2022 Fabricadas con lana de alta calidad y una base de espuma flexible, proporcionan un equilibrio \u00f3ptimo entre capacidad de corte y acabado. \u2022 La almohadilla con espuma azul proporciona mayor poder de corte gracias a su estructura r\u00edgida, mientras que la almohadilla con espuma amarilla, m\u00e1s flexible, mejora el control y la capacidad de acabado.<\/p>","protected":false},"featured_media":2066,"comment_status":"closed","ping_status":"closed","template":"","meta":[],"product_brand":[45],"product_cat":[60],"product_tag":[],"class_list":{"0":"post-2068","1":"product","2":"type-product","3":"status-publish","4":"has-post-thumbnail","6":"product_brand-rupes","7":"product_cat-limpieza-y-abrillantado","9":"first","10":"instock","11":"shipping-taxable","12":"purchasable","13":"product-type-simple"},"yoast_head":"<!-- This site is optimized with the Yoast SEO plugin v27.4 - https:\/\/yoast.com\/product\/yoast-seo-wordpress\/ -->\n<title>Pack de 2 boinas 160mm (azul+amarilla) de lana Rupes - Macrocolor<\/title>\n<meta name=\"robots\" content=\"index, follow, max-snippet:-1, max-image-preview:large, max-video-preview:-1\" \/>\n<link rel=\"canonical\" href=\"https:\/\/macrocolorlevante.com\/en\/producto\/pack-de-2-boinas-160mm-azulamarilla-de-lana-rupes\/\" \/>\n<meta property=\"og:locale\" content=\"en_US\" \/>\n<meta property=\"og:type\" content=\"article\" \/>\n<meta property=\"og:title\" content=\"Pack de 2 boinas 160mm (azul+amarilla) de lana Rupes - Macrocolor\" \/>\n<meta property=\"og:description\" content=\"\u2022 Dise\u00f1adas para pulidoras de doble acci\u00f3n, las almohadillas de lana D-A ofrecen una soluci\u00f3n vers\u00e1til en diferentes tipos de superficies pintadas. \u2022 Fabricadas con lana de alta calidad y una base de espuma flexible, proporcionan un equilibrio \u00f3ptimo entre capacidad de corte y acabado. \u2022 La almohadilla con espuma azul proporciona mayor poder de corte gracias a su estructura r\u00edgida, mientras que la almohadilla con espuma amarilla, m\u00e1s flexible, mejora el control y la capacidad de acabado.\" \/>\n<meta property=\"og:url\" content=\"https:\/\/macrocolorlevante.com\/en\/producto\/pack-de-2-boinas-160mm-azulamarilla-de-lana-rupes\/\" \/>\n<meta property=\"og:site_name\" content=\"Macrocolor\" \/>\n<meta property=\"article:modified_time\" content=\"2026-04-17T06:34:08+00:00\" \/>\n<meta property=\"og:image\" content=\"https:\/\/macrocolorlevante.com\/wp-content\/uploads\/2025\/07\/Boina-lana-azul.jpg\" \/>\n\t<meta property=\"og:image:width\" content=\"1200\" \/>\n\t<meta property=\"og:image:height\" content=\"800\" \/>\n\t<meta property=\"og:image:type\" content=\"image\/jpeg\" \/>\n<meta name=\"twitter:card\" content=\"summary_large_image\" \/>\n<meta name=\"twitter:label1\" content=\"Est. reading time\" \/>\n\t<meta name=\"twitter:data1\" content=\"1 minute\" \/>\n<script type=\"application\/ld+json\" class=\"yoast-schema-graph\">{\"@context\":\"https:\\\/\\\/schema.org\",\"@graph\":[{\"@type\":\"WebPage\",\"@id\":\"https:\\\/\\\/macrocolorlevante.com\\\/producto\\\/pack-de-2-boinas-160mm-azulamarilla-de-lana-rupes\\\/\",\"url\":\"https:\\\/\\\/macrocolorlevante.com\\\/producto\\\/pack-de-2-boinas-160mm-azulamarilla-de-lana-rupes\\\/\",\"name\":\"Pack de 2 boinas 160mm (azul+amarilla) de lana Rupes - Macrocolor\",\"isPartOf\":{\"@id\":\"https:\\\/\\\/macrocolorlevante.com\\\/#website\"},\"primaryImageOfPage\":{\"@id\":\"https:\\\/\\\/macrocolorlevante.com\\\/producto\\\/pack-de-2-boinas-160mm-azulamarilla-de-lana-rupes\\\/#primaryimage\"},\"image\":{\"@id\":\"https:\\\/\\\/macrocolorlevante.com\\\/producto\\\/pack-de-2-boinas-160mm-azulamarilla-de-lana-rupes\\\/#primaryimage\"},\"thumbnailUrl\":\"https:\\\/\\\/macrocolorlevante.com\\\/wp-content\\\/uploads\\\/2025\\\/07\\\/Boina-lana-azul.jpg\",\"datePublished\":\"2025-07-30T10:54:19+00:00\",\"dateModified\":\"2026-04-17T06:34:08+00:00\",\"breadcrumb\":{\"@id\":\"https:\\\/\\\/macrocolorlevante.com\\\/producto\\\/pack-de-2-boinas-160mm-azulamarilla-de-lana-rupes\\\/#breadcrumb\"},\"inLanguage\":\"en-US\",\"potentialAction\":[{\"@type\":\"ReadAction\",\"target\":[\"https:\\\/\\\/macrocolorlevante.com\\\/producto\\\/pack-de-2-boinas-160mm-azulamarilla-de-lana-rupes\\\/\"]}]},{\"@type\":\"ImageObject\",\"inLanguage\":\"en-US\",\"@id\":\"https:\\\/\\\/macrocolorlevante.com\\\/producto\\\/pack-de-2-boinas-160mm-azulamarilla-de-lana-rupes\\\/#primaryimage\",\"url\":\"https:\\\/\\\/macrocolorlevante.com\\\/wp-content\\\/uploads\\\/2025\\\/07\\\/Boina-lana-azul.jpg\",\"contentUrl\":\"https:\\\/\\\/macrocolorlevante.com\\\/wp-content\\\/uploads\\\/2025\\\/07\\\/Boina-lana-azul.jpg\",\"width\":1200,\"height\":800},{\"@type\":\"BreadcrumbList\",\"@id\":\"https:\\\/\\\/macrocolorlevante.com\\\/producto\\\/pack-de-2-boinas-160mm-azulamarilla-de-lana-rupes\\\/#breadcrumb\",\"itemListElement\":[{\"@type\":\"ListItem\",\"position\":1,\"name\":\"Portada\",\"item\":\"https:\\\/\\\/macrocolorlevante.com\\\/\"},{\"@type\":\"ListItem\",\"position\":2,\"name\":\"Productos\",\"item\":\"https:\\\/\\\/macrocolorlevante.com\\\/shop\\\/\"},{\"@type\":\"ListItem\",\"position\":3,\"name\":\"Pack de 2 boinas 160mm (azul+amarilla) de lana Rupes\"}]},{\"@type\":\"WebSite\",\"@id\":\"https:\\\/\\\/macrocolorlevante.com\\\/#website\",\"url\":\"https:\\\/\\\/macrocolorlevante.com\\\/\",\"name\":\"Macrocolor\",\"description\":\"\",\"potentialAction\":[{\"@type\":\"SearchAction\",\"target\":{\"@type\":\"EntryPoint\",\"urlTemplate\":\"https:\\\/\\\/macrocolorlevante.com\\\/?s={search_term_string}\"},\"query-input\":{\"@type\":\"PropertyValueSpecification\",\"valueRequired\":true,\"valueName\":\"search_term_string\"}}],\"inLanguage\":\"en-US\"}]}<\/script>\n<!-- \/ Yoast SEO plugin. -->","yoast_head_json":{"title":"Pack de 2 boinas 160mm (azul+amarilla) de lana Rupes - Macrocolor","robots":{"index":"index","follow":"follow","max-snippet":"max-snippet:-1","max-image-preview":"max-image-preview:large","max-video-preview":"max-video-preview:-1"},"canonical":"https:\/\/macrocolorlevante.com\/en\/producto\/pack-de-2-boinas-160mm-azulamarilla-de-lana-rupes\/","og_locale":"en_US","og_type":"article","og_title":"Pack de 2 boinas 160mm (azul+amarilla) de lana Rupes - Macrocolor","og_description":"\u2022 Dise\u00f1adas para pulidoras de doble acci\u00f3n, las almohadillas de lana D-A ofrecen una soluci\u00f3n vers\u00e1til en diferentes tipos de superficies pintadas. \u2022 Fabricadas con lana de alta calidad y una base de espuma flexible, proporcionan un equilibrio \u00f3ptimo entre capacidad de corte y acabado. \u2022 La almohadilla con espuma azul proporciona mayor poder de corte gracias a su estructura r\u00edgida, mientras que la almohadilla con espuma amarilla, m\u00e1s flexible, mejora el control y la capacidad de acabado.","og_url":"https:\/\/macrocolorlevante.com\/en\/producto\/pack-de-2-boinas-160mm-azulamarilla-de-lana-rupes\/","og_site_name":"Macrocolor","article_modified_time":"2026-04-17T06:34:08+00:00","og_image":[{"width":1200,"height":800,"url":"https:\/\/macrocolorlevante.com\/wp-content\/uploads\/2025\/07\/Boina-lana-azul.jpg","type":"image\/jpeg"}],"twitter_card":"summary_large_image","twitter_misc":{"Est. reading time":"1 minute"},"schema":{"@context":"https:\/\/schema.org","@graph":[{"@type":"WebPage","@id":"https:\/\/macrocolorlevante.com\/producto\/pack-de-2-boinas-160mm-azulamarilla-de-lana-rupes\/","url":"https:\/\/macrocolorlevante.com\/producto\/pack-de-2-boinas-160mm-azulamarilla-de-lana-rupes\/","name":"Pack de 2 boinas 160mm (azul+amarilla) de lana Rupes - Macrocolor","isPartOf":{"@id":"https:\/\/macrocolorlevante.com\/#website"},"primaryImageOfPage":{"@id":"https:\/\/macrocolorlevante.com\/producto\/pack-de-2-boinas-160mm-azulamarilla-de-lana-rupes\/#primaryimage"},"image":{"@id":"https:\/\/macrocolorlevante.com\/producto\/pack-de-2-boinas-160mm-azulamarilla-de-lana-rupes\/#primaryimage"},"thumbnailUrl":"https:\/\/macrocolorlevante.com\/wp-content\/uploads\/2025\/07\/Boina-lana-azul.jpg","datePublished":"2025-07-30T10:54:19+00:00","dateModified":"2026-04-17T06:34:08+00:00","breadcrumb":{"@id":"https:\/\/macrocolorlevante.com\/producto\/pack-de-2-boinas-160mm-azulamarilla-de-lana-rupes\/#breadcrumb"},"inLanguage":"en-US","potentialAction":[{"@type":"ReadAction","target":["https:\/\/macrocolorlevante.com\/producto\/pack-de-2-boinas-160mm-azulamarilla-de-lana-rupes\/"]}]},{"@type":"ImageObject","inLanguage":"en-US","@id":"https:\/\/macrocolorlevante.com\/producto\/pack-de-2-boinas-160mm-azulamarilla-de-lana-rupes\/#primaryimage","url":"https:\/\/macrocolorlevante.com\/wp-content\/uploads\/2025\/07\/Boina-lana-azul.jpg","contentUrl":"https:\/\/macrocolorlevante.com\/wp-content\/uploads\/2025\/07\/Boina-lana-azul.jpg","width":1200,"height":800},{"@type":"BreadcrumbList","@id":"https:\/\/macrocolorlevante.com\/producto\/pack-de-2-boinas-160mm-azulamarilla-de-lana-rupes\/#breadcrumb","itemListElement":[{"@type":"ListItem","position":1,"name":"Portada","item":"https:\/\/macrocolorlevante.com\/"},{"@type":"ListItem","position":2,"name":"Productos","item":"https:\/\/macrocolorlevante.com\/shop\/"},{"@type":"ListItem","position":3,"name":"Pack de 2 boinas 160mm (azul+amarilla) de lana Rupes"}]},{"@type":"WebSite","@id":"https:\/\/macrocolorlevante.com\/#website","url":"https:\/\/macrocolorlevante.com\/","name":"Macrocolor","description":"","potentialAction":[{"@type":"SearchAction","target":{"@type":"EntryPoint","urlTemplate":"https:\/\/macrocolorlevante.com\/?s={search_term_string}"},"query-input":{"@type":"PropertyValueSpecification","valueRequired":true,"valueName":"search_term_string"}}],"inLanguage":"en-US"}]}},"_links":{"self":[{"href":"https:\/\/macrocolorlevante.com\/en\/wp-json\/wp\/v2\/product\/2068","targetHints":{"allow":["GET"]}}],"collection":[{"href":"https:\/\/macrocolorlevante.com\/en\/wp-json\/wp\/v2\/product"}],"about":[{"href":"https:\/\/macrocolorlevante.com\/en\/wp-json\/wp\/v2\/types\/product"}],"replies":[{"embeddable":true,"href":"https:\/\/macrocolorlevante.com\/en\/wp-json\/wp\/v2\/comments?post=2068"}],"wp:featuredmedia":[{"embeddable":true,"href":"https:\/\/macrocolorlevante.com\/en\/wp-json\/wp\/v2\/media\/2066"}],"wp:attachment":[{"href":"https:\/\/macrocolorlevante.com\/en\/wp-json\/wp\/v2\/media?parent=2068"}],"wp:term":[{"taxonomy":"product_brand","embeddable":true,"href":"https:\/\/macrocolorlevante.com\/en\/wp-json\/wp\/v2\/product_brand?post=2068"},{"taxonomy":"product_cat","embeddable":true,"href":"https:\/\/macrocolorlevante.com\/en\/wp-json\/wp\/v2\/product_cat?post=2068"},{"taxonomy":"product_tag","embeddable":true,"href":"https:\/\/macrocolorlevante.com\/en\/wp-json\/wp\/v2\/product_tag?post=2068"}],"curies":[{"name":"wp","href":"https:\/\/api.w.org\/{rel}","templated":true}]}}