{"id":2031,"date":"2025-06-20T09:44:01","date_gmt":"2025-06-20T09:44:01","guid":{"rendered":"https:\/\/macrocolorlevante.com\/?post_type=product&#038;p=2031"},"modified":"2025-09-04T17:23:06","modified_gmt":"2025-09-04T17:23:06","slug":"adhesivo-reparador-de-plasticos-universal","status":"publish","type":"product","link":"https:\/\/macrocolorlevante.com\/en\/product\/adhesivo-reparador-de-plasticos-universal\/","title":{"rendered":"Adhesivo reparador de pl\u00e1sticos universal"},"content":{"rendered":"<p>Reparador de pl\u00e1sticos universal bicomponente. Adecuado para el pegado y sellado de la mayor\u00eda de pl\u00e1sticos, as\u00ed como pegados estructurales en la carrocer\u00eda y la industria. Tiempo de secado: 1 minuto.<\/p>\n<p>Incluye una boquilla mezcladora por cada cartucho.<\/p>\n<p>Disponible en color negro.<\/p>","protected":false},"excerpt":{"rendered":"<p>Reparador de pl\u00e1sticos universal bicomponente. Adecuado para el pegado y sellado de la mayor\u00eda de pl\u00e1sticos, as\u00ed como pegados estructurales en la carrocer\u00eda y la industria. Tiempo de secado: 1 minuto. Incluye una boquilla mezcladora por cada cartucho. Disponible en color negro.<\/p>","protected":false},"featured_media":2032,"comment_status":"closed","ping_status":"closed","template":"","meta":[],"product_brand":[58],"product_cat":[61],"product_tag":[],"class_list":{"0":"post-2031","1":"product","2":"type-product","3":"status-publish","4":"has-post-thumbnail","6":"product_brand-procar","7":"product_cat-carroceria","9":"first","10":"instock","11":"shipping-taxable","12":"purchasable","13":"product-type-simple"},"yoast_head":"<!-- This site is optimized with the Yoast SEO plugin v27.4 - https:\/\/yoast.com\/product\/yoast-seo-wordpress\/ -->\n<title>Adhesivo reparador de pl\u00e1sticos universal - Macrocolor<\/title>\n<meta name=\"description\" content=\"Reparador de pl\u00e1sticos universal bicomponente. Reparador de pl\u00e1sticos universal bicomponente. Adecuado para el pegado y sellado de la mayor\u00eda de pl\u00e1sticos, as\u00ed como pegados estructurales en la carrocer\u00eda y la industria. Tiempo de secado: 1 minuto.\" \/>\n<meta name=\"robots\" content=\"index, follow, max-snippet:-1, max-image-preview:large, max-video-preview:-1\" \/>\n<link rel=\"canonical\" href=\"https:\/\/macrocolorlevante.com\/en\/producto\/adhesivo-reparador-de-plasticos-universal\/\" \/>\n<meta property=\"og:locale\" content=\"en_US\" \/>\n<meta property=\"og:type\" content=\"article\" \/>\n<meta property=\"og:title\" content=\"Adhesivo reparador de pl\u00e1sticos universal - Macrocolor\" \/>\n<meta property=\"og:description\" content=\"Reparador de pl\u00e1sticos universal bicomponente. Reparador de pl\u00e1sticos universal bicomponente. Adecuado para el pegado y sellado de la mayor\u00eda de pl\u00e1sticos, as\u00ed como pegados estructurales en la carrocer\u00eda y la industria. Tiempo de secado: 1 minuto.\" \/>\n<meta property=\"og:url\" content=\"https:\/\/macrocolorlevante.com\/en\/producto\/adhesivo-reparador-de-plasticos-universal\/\" \/>\n<meta property=\"og:site_name\" content=\"Macrocolor\" \/>\n<meta property=\"article:modified_time\" content=\"2025-09-04T17:23:06+00:00\" \/>\n<meta property=\"og:image\" content=\"https:\/\/macrocolorlevante.com\/wp-content\/uploads\/2025\/06\/8007.jpg\" \/>\n\t<meta property=\"og:image:width\" content=\"448\" \/>\n\t<meta property=\"og:image:height\" content=\"415\" \/>\n\t<meta property=\"og:image:type\" content=\"image\/jpeg\" \/>\n<meta name=\"twitter:card\" content=\"summary_large_image\" \/>\n<meta name=\"twitter:label1\" content=\"Est. reading time\" \/>\n\t<meta name=\"twitter:data1\" content=\"1 minute\" \/>\n<script type=\"application\/ld+json\" class=\"yoast-schema-graph\">{\"@context\":\"https:\\\/\\\/schema.org\",\"@graph\":[{\"@type\":\"WebPage\",\"@id\":\"https:\\\/\\\/macrocolorlevante.com\\\/producto\\\/adhesivo-reparador-de-plasticos-universal\\\/\",\"url\":\"https:\\\/\\\/macrocolorlevante.com\\\/producto\\\/adhesivo-reparador-de-plasticos-universal\\\/\",\"name\":\"Adhesivo reparador de pl\u00e1sticos universal - Macrocolor\",\"isPartOf\":{\"@id\":\"https:\\\/\\\/macrocolorlevante.com\\\/#website\"},\"primaryImageOfPage\":{\"@id\":\"https:\\\/\\\/macrocolorlevante.com\\\/producto\\\/adhesivo-reparador-de-plasticos-universal\\\/#primaryimage\"},\"image\":{\"@id\":\"https:\\\/\\\/macrocolorlevante.com\\\/producto\\\/adhesivo-reparador-de-plasticos-universal\\\/#primaryimage\"},\"thumbnailUrl\":\"https:\\\/\\\/macrocolorlevante.com\\\/wp-content\\\/uploads\\\/2025\\\/06\\\/8007.jpg\",\"datePublished\":\"2025-06-20T09:44:01+00:00\",\"dateModified\":\"2025-09-04T17:23:06+00:00\",\"description\":\"Reparador de pl\u00e1sticos universal bicomponente. Reparador de pl\u00e1sticos universal bicomponente. Adecuado para el pegado y sellado de la mayor\u00eda de pl\u00e1sticos, as\u00ed como pegados estructurales en la carrocer\u00eda y la industria. Tiempo de secado: 1 minuto.\",\"breadcrumb\":{\"@id\":\"https:\\\/\\\/macrocolorlevante.com\\\/producto\\\/adhesivo-reparador-de-plasticos-universal\\\/#breadcrumb\"},\"inLanguage\":\"en-US\",\"potentialAction\":[{\"@type\":\"ReadAction\",\"target\":[\"https:\\\/\\\/macrocolorlevante.com\\\/producto\\\/adhesivo-reparador-de-plasticos-universal\\\/\"]}]},{\"@type\":\"ImageObject\",\"inLanguage\":\"en-US\",\"@id\":\"https:\\\/\\\/macrocolorlevante.com\\\/producto\\\/adhesivo-reparador-de-plasticos-universal\\\/#primaryimage\",\"url\":\"https:\\\/\\\/macrocolorlevante.com\\\/wp-content\\\/uploads\\\/2025\\\/06\\\/8007.jpg\",\"contentUrl\":\"https:\\\/\\\/macrocolorlevante.com\\\/wp-content\\\/uploads\\\/2025\\\/06\\\/8007.jpg\",\"width\":448,\"height\":415},{\"@type\":\"BreadcrumbList\",\"@id\":\"https:\\\/\\\/macrocolorlevante.com\\\/producto\\\/adhesivo-reparador-de-plasticos-universal\\\/#breadcrumb\",\"itemListElement\":[{\"@type\":\"ListItem\",\"position\":1,\"name\":\"Portada\",\"item\":\"https:\\\/\\\/macrocolorlevante.com\\\/\"},{\"@type\":\"ListItem\",\"position\":2,\"name\":\"Productos\",\"item\":\"https:\\\/\\\/macrocolorlevante.com\\\/shop\\\/\"},{\"@type\":\"ListItem\",\"position\":3,\"name\":\"Adhesivo reparador de pl\u00e1sticos universal\"}]},{\"@type\":\"WebSite\",\"@id\":\"https:\\\/\\\/macrocolorlevante.com\\\/#website\",\"url\":\"https:\\\/\\\/macrocolorlevante.com\\\/\",\"name\":\"Macrocolor\",\"description\":\"\",\"potentialAction\":[{\"@type\":\"SearchAction\",\"target\":{\"@type\":\"EntryPoint\",\"urlTemplate\":\"https:\\\/\\\/macrocolorlevante.com\\\/?s={search_term_string}\"},\"query-input\":{\"@type\":\"PropertyValueSpecification\",\"valueRequired\":true,\"valueName\":\"search_term_string\"}}],\"inLanguage\":\"en-US\"}]}<\/script>\n<!-- \/ Yoast SEO plugin. -->","yoast_head_json":{"title":"Adhesivo reparador de pl\u00e1sticos universal - Macrocolor","description":"Reparador de pl\u00e1sticos universal bicomponente. Reparador de pl\u00e1sticos universal bicomponente. Adecuado para el pegado y sellado de la mayor\u00eda de pl\u00e1sticos, as\u00ed como pegados estructurales en la carrocer\u00eda y la industria. Tiempo de secado: 1 minuto.","robots":{"index":"index","follow":"follow","max-snippet":"max-snippet:-1","max-image-preview":"max-image-preview:large","max-video-preview":"max-video-preview:-1"},"canonical":"https:\/\/macrocolorlevante.com\/en\/producto\/adhesivo-reparador-de-plasticos-universal\/","og_locale":"en_US","og_type":"article","og_title":"Adhesivo reparador de pl\u00e1sticos universal - Macrocolor","og_description":"Reparador de pl\u00e1sticos universal bicomponente. Reparador de pl\u00e1sticos universal bicomponente. Adecuado para el pegado y sellado de la mayor\u00eda de pl\u00e1sticos, as\u00ed como pegados estructurales en la carrocer\u00eda y la industria. Tiempo de secado: 1 minuto.","og_url":"https:\/\/macrocolorlevante.com\/en\/producto\/adhesivo-reparador-de-plasticos-universal\/","og_site_name":"Macrocolor","article_modified_time":"2025-09-04T17:23:06+00:00","og_image":[{"width":448,"height":415,"url":"https:\/\/macrocolorlevante.com\/wp-content\/uploads\/2025\/06\/8007.jpg","type":"image\/jpeg"}],"twitter_card":"summary_large_image","twitter_misc":{"Est. reading time":"1 minute"},"schema":{"@context":"https:\/\/schema.org","@graph":[{"@type":"WebPage","@id":"https:\/\/macrocolorlevante.com\/producto\/adhesivo-reparador-de-plasticos-universal\/","url":"https:\/\/macrocolorlevante.com\/producto\/adhesivo-reparador-de-plasticos-universal\/","name":"Adhesivo reparador de pl\u00e1sticos universal - Macrocolor","isPartOf":{"@id":"https:\/\/macrocolorlevante.com\/#website"},"primaryImageOfPage":{"@id":"https:\/\/macrocolorlevante.com\/producto\/adhesivo-reparador-de-plasticos-universal\/#primaryimage"},"image":{"@id":"https:\/\/macrocolorlevante.com\/producto\/adhesivo-reparador-de-plasticos-universal\/#primaryimage"},"thumbnailUrl":"https:\/\/macrocolorlevante.com\/wp-content\/uploads\/2025\/06\/8007.jpg","datePublished":"2025-06-20T09:44:01+00:00","dateModified":"2025-09-04T17:23:06+00:00","description":"Reparador de pl\u00e1sticos universal bicomponente. Reparador de pl\u00e1sticos universal bicomponente. Adecuado para el pegado y sellado de la mayor\u00eda de pl\u00e1sticos, as\u00ed como pegados estructurales en la carrocer\u00eda y la industria. Tiempo de secado: 1 minuto.","breadcrumb":{"@id":"https:\/\/macrocolorlevante.com\/producto\/adhesivo-reparador-de-plasticos-universal\/#breadcrumb"},"inLanguage":"en-US","potentialAction":[{"@type":"ReadAction","target":["https:\/\/macrocolorlevante.com\/producto\/adhesivo-reparador-de-plasticos-universal\/"]}]},{"@type":"ImageObject","inLanguage":"en-US","@id":"https:\/\/macrocolorlevante.com\/producto\/adhesivo-reparador-de-plasticos-universal\/#primaryimage","url":"https:\/\/macrocolorlevante.com\/wp-content\/uploads\/2025\/06\/8007.jpg","contentUrl":"https:\/\/macrocolorlevante.com\/wp-content\/uploads\/2025\/06\/8007.jpg","width":448,"height":415},{"@type":"BreadcrumbList","@id":"https:\/\/macrocolorlevante.com\/producto\/adhesivo-reparador-de-plasticos-universal\/#breadcrumb","itemListElement":[{"@type":"ListItem","position":1,"name":"Portada","item":"https:\/\/macrocolorlevante.com\/"},{"@type":"ListItem","position":2,"name":"Productos","item":"https:\/\/macrocolorlevante.com\/shop\/"},{"@type":"ListItem","position":3,"name":"Adhesivo reparador de pl\u00e1sticos universal"}]},{"@type":"WebSite","@id":"https:\/\/macrocolorlevante.com\/#website","url":"https:\/\/macrocolorlevante.com\/","name":"Macrocolor","description":"","potentialAction":[{"@type":"SearchAction","target":{"@type":"EntryPoint","urlTemplate":"https:\/\/macrocolorlevante.com\/?s={search_term_string}"},"query-input":{"@type":"PropertyValueSpecification","valueRequired":true,"valueName":"search_term_string"}}],"inLanguage":"en-US"}]}},"_links":{"self":[{"href":"https:\/\/macrocolorlevante.com\/en\/wp-json\/wp\/v2\/product\/2031","targetHints":{"allow":["GET"]}}],"collection":[{"href":"https:\/\/macrocolorlevante.com\/en\/wp-json\/wp\/v2\/product"}],"about":[{"href":"https:\/\/macrocolorlevante.com\/en\/wp-json\/wp\/v2\/types\/product"}],"replies":[{"embeddable":true,"href":"https:\/\/macrocolorlevante.com\/en\/wp-json\/wp\/v2\/comments?post=2031"}],"wp:featuredmedia":[{"embeddable":true,"href":"https:\/\/macrocolorlevante.com\/en\/wp-json\/wp\/v2\/media\/2032"}],"wp:attachment":[{"href":"https:\/\/macrocolorlevante.com\/en\/wp-json\/wp\/v2\/media?parent=2031"}],"wp:term":[{"taxonomy":"product_brand","embeddable":true,"href":"https:\/\/macrocolorlevante.com\/en\/wp-json\/wp\/v2\/product_brand?post=2031"},{"taxonomy":"product_cat","embeddable":true,"href":"https:\/\/macrocolorlevante.com\/en\/wp-json\/wp\/v2\/product_cat?post=2031"},{"taxonomy":"product_tag","embeddable":true,"href":"https:\/\/macrocolorlevante.com\/en\/wp-json\/wp\/v2\/product_tag?post=2031"}],"curies":[{"name":"wp","href":"https:\/\/api.w.org\/{rel}","templated":true}]}}