{"id":2022,"date":"2025-06-13T11:46:06","date_gmt":"2025-06-13T11:46:06","guid":{"rendered":"https:\/\/macrocolorlevante.com\/?post_type=product&#038;p=2022"},"modified":"2025-09-04T17:21:50","modified_gmt":"2025-09-04T17:21:50","slug":"lubricante-descontaminante","status":"publish","type":"product","link":"https:\/\/macrocolorlevante.com\/en\/product\/lubricante-descontaminante\/","title":{"rendered":"Lubricante descontaminante"},"content":{"rendered":"<p>Aditivo lubricante de color blanco y olor frutal, listo para usar. Abrillanta y protege la superficie mientras trabaja con e pol\u00edmero de caucho descontaminante, mediante el uso de la avanzada nanoteconologia. Proporciona a la superficie una leve capa protectora que permite realizar el trabajo, facilitando el alisado y descontaminaci\u00f3n, repele el agua, disipa la est\u00e1tica, y a\u00f1ade una protecci\u00f3n adicional. Formato en bote con atomizador de 1L ya mezclado para su uso.<\/p>","protected":false},"excerpt":{"rendered":"<p>Aditivo lubricante de color blanco y olor frutal, listo para usar. Abrillanta y protege la superficie mientras trabaja con e pol\u00edmero de caucho descontaminante, mediante el uso de la avanzada nanoteconologia. Proporciona a la superficie una leve capa protectora que permite realizar el trabajo, facilitando el alisado y descontaminaci\u00f3n, repele el agua, disipa la est\u00e1tica, y a\u00f1ade una protecci\u00f3n adicional. Formato en bote con atomizador de 1L ya mezclado para su uso.<\/p>","protected":false},"featured_media":2023,"comment_status":"closed","ping_status":"closed","template":"","meta":[],"product_brand":[58],"product_cat":[60],"product_tag":[],"class_list":{"0":"post-2022","1":"product","2":"type-product","3":"status-publish","4":"has-post-thumbnail","6":"product_brand-procar","7":"product_cat-limpieza-y-abrillantado","9":"first","10":"instock","11":"shipping-taxable","12":"purchasable","13":"product-type-simple"},"yoast_head":"<!-- This site is optimized with the Yoast SEO plugin v27.4 - https:\/\/yoast.com\/product\/yoast-seo-wordpress\/ -->\n<title>Lubricante descontaminante - Macrocolor<\/title>\n<meta name=\"robots\" content=\"index, follow, max-snippet:-1, max-image-preview:large, max-video-preview:-1\" \/>\n<link rel=\"canonical\" href=\"https:\/\/macrocolorlevante.com\/en\/producto\/lubricante-descontaminante\/\" \/>\n<meta property=\"og:locale\" content=\"en_US\" \/>\n<meta property=\"og:type\" content=\"article\" \/>\n<meta property=\"og:title\" content=\"Lubricante descontaminante - Macrocolor\" \/>\n<meta property=\"og:description\" content=\"Aditivo lubricante de color blanco y olor frutal, listo para usar. Abrillanta y protege la superficie mientras trabaja con e pol\u00edmero de caucho descontaminante, mediante el uso de la avanzada nanoteconologia. Proporciona a la superficie una leve capa protectora que permite realizar el trabajo, facilitando el alisado y descontaminaci\u00f3n, repele el agua, disipa la est\u00e1tica, y a\u00f1ade una protecci\u00f3n adicional. Formato en bote con atomizador de 1L ya mezclado para su uso.\" \/>\n<meta property=\"og:url\" content=\"https:\/\/macrocolorlevante.com\/en\/producto\/lubricante-descontaminante\/\" \/>\n<meta property=\"og:site_name\" content=\"Macrocolor\" \/>\n<meta property=\"article:modified_time\" content=\"2025-09-04T17:21:50+00:00\" \/>\n<meta property=\"og:image\" content=\"https:\/\/macrocolorlevante.com\/wp-content\/uploads\/2025\/06\/lubricante-descontaminante-1l.jpg\" \/>\n\t<meta property=\"og:image:width\" content=\"448\" \/>\n\t<meta property=\"og:image:height\" content=\"415\" \/>\n\t<meta property=\"og:image:type\" content=\"image\/jpeg\" \/>\n<meta name=\"twitter:card\" content=\"summary_large_image\" \/>\n<meta name=\"twitter:label1\" content=\"Est. reading time\" \/>\n\t<meta name=\"twitter:data1\" content=\"1 minute\" \/>\n<script type=\"application\/ld+json\" class=\"yoast-schema-graph\">{\"@context\":\"https:\\\/\\\/schema.org\",\"@graph\":[{\"@type\":\"WebPage\",\"@id\":\"https:\\\/\\\/macrocolorlevante.com\\\/producto\\\/lubricante-descontaminante\\\/\",\"url\":\"https:\\\/\\\/macrocolorlevante.com\\\/producto\\\/lubricante-descontaminante\\\/\",\"name\":\"Lubricante descontaminante - Macrocolor\",\"isPartOf\":{\"@id\":\"https:\\\/\\\/macrocolorlevante.com\\\/#website\"},\"primaryImageOfPage\":{\"@id\":\"https:\\\/\\\/macrocolorlevante.com\\\/producto\\\/lubricante-descontaminante\\\/#primaryimage\"},\"image\":{\"@id\":\"https:\\\/\\\/macrocolorlevante.com\\\/producto\\\/lubricante-descontaminante\\\/#primaryimage\"},\"thumbnailUrl\":\"https:\\\/\\\/macrocolorlevante.com\\\/wp-content\\\/uploads\\\/2025\\\/06\\\/lubricante-descontaminante-1l.jpg\",\"datePublished\":\"2025-06-13T11:46:06+00:00\",\"dateModified\":\"2025-09-04T17:21:50+00:00\",\"breadcrumb\":{\"@id\":\"https:\\\/\\\/macrocolorlevante.com\\\/producto\\\/lubricante-descontaminante\\\/#breadcrumb\"},\"inLanguage\":\"en-US\",\"potentialAction\":[{\"@type\":\"ReadAction\",\"target\":[\"https:\\\/\\\/macrocolorlevante.com\\\/producto\\\/lubricante-descontaminante\\\/\"]}]},{\"@type\":\"ImageObject\",\"inLanguage\":\"en-US\",\"@id\":\"https:\\\/\\\/macrocolorlevante.com\\\/producto\\\/lubricante-descontaminante\\\/#primaryimage\",\"url\":\"https:\\\/\\\/macrocolorlevante.com\\\/wp-content\\\/uploads\\\/2025\\\/06\\\/lubricante-descontaminante-1l.jpg\",\"contentUrl\":\"https:\\\/\\\/macrocolorlevante.com\\\/wp-content\\\/uploads\\\/2025\\\/06\\\/lubricante-descontaminante-1l.jpg\",\"width\":448,\"height\":415},{\"@type\":\"BreadcrumbList\",\"@id\":\"https:\\\/\\\/macrocolorlevante.com\\\/producto\\\/lubricante-descontaminante\\\/#breadcrumb\",\"itemListElement\":[{\"@type\":\"ListItem\",\"position\":1,\"name\":\"Portada\",\"item\":\"https:\\\/\\\/macrocolorlevante.com\\\/\"},{\"@type\":\"ListItem\",\"position\":2,\"name\":\"Productos\",\"item\":\"https:\\\/\\\/macrocolorlevante.com\\\/shop\\\/\"},{\"@type\":\"ListItem\",\"position\":3,\"name\":\"Lubricante descontaminante\"}]},{\"@type\":\"WebSite\",\"@id\":\"https:\\\/\\\/macrocolorlevante.com\\\/#website\",\"url\":\"https:\\\/\\\/macrocolorlevante.com\\\/\",\"name\":\"Macrocolor\",\"description\":\"\",\"potentialAction\":[{\"@type\":\"SearchAction\",\"target\":{\"@type\":\"EntryPoint\",\"urlTemplate\":\"https:\\\/\\\/macrocolorlevante.com\\\/?s={search_term_string}\"},\"query-input\":{\"@type\":\"PropertyValueSpecification\",\"valueRequired\":true,\"valueName\":\"search_term_string\"}}],\"inLanguage\":\"en-US\"}]}<\/script>\n<!-- \/ Yoast SEO plugin. -->","yoast_head_json":{"title":"Lubricante descontaminante - Macrocolor","robots":{"index":"index","follow":"follow","max-snippet":"max-snippet:-1","max-image-preview":"max-image-preview:large","max-video-preview":"max-video-preview:-1"},"canonical":"https:\/\/macrocolorlevante.com\/en\/producto\/lubricante-descontaminante\/","og_locale":"en_US","og_type":"article","og_title":"Lubricante descontaminante - Macrocolor","og_description":"Aditivo lubricante de color blanco y olor frutal, listo para usar. Abrillanta y protege la superficie mientras trabaja con e pol\u00edmero de caucho descontaminante, mediante el uso de la avanzada nanoteconologia. Proporciona a la superficie una leve capa protectora que permite realizar el trabajo, facilitando el alisado y descontaminaci\u00f3n, repele el agua, disipa la est\u00e1tica, y a\u00f1ade una protecci\u00f3n adicional. Formato en bote con atomizador de 1L ya mezclado para su uso.","og_url":"https:\/\/macrocolorlevante.com\/en\/producto\/lubricante-descontaminante\/","og_site_name":"Macrocolor","article_modified_time":"2025-09-04T17:21:50+00:00","og_image":[{"width":448,"height":415,"url":"https:\/\/macrocolorlevante.com\/wp-content\/uploads\/2025\/06\/lubricante-descontaminante-1l.jpg","type":"image\/jpeg"}],"twitter_card":"summary_large_image","twitter_misc":{"Est. reading time":"1 minute"},"schema":{"@context":"https:\/\/schema.org","@graph":[{"@type":"WebPage","@id":"https:\/\/macrocolorlevante.com\/producto\/lubricante-descontaminante\/","url":"https:\/\/macrocolorlevante.com\/producto\/lubricante-descontaminante\/","name":"Lubricante descontaminante - Macrocolor","isPartOf":{"@id":"https:\/\/macrocolorlevante.com\/#website"},"primaryImageOfPage":{"@id":"https:\/\/macrocolorlevante.com\/producto\/lubricante-descontaminante\/#primaryimage"},"image":{"@id":"https:\/\/macrocolorlevante.com\/producto\/lubricante-descontaminante\/#primaryimage"},"thumbnailUrl":"https:\/\/macrocolorlevante.com\/wp-content\/uploads\/2025\/06\/lubricante-descontaminante-1l.jpg","datePublished":"2025-06-13T11:46:06+00:00","dateModified":"2025-09-04T17:21:50+00:00","breadcrumb":{"@id":"https:\/\/macrocolorlevante.com\/producto\/lubricante-descontaminante\/#breadcrumb"},"inLanguage":"en-US","potentialAction":[{"@type":"ReadAction","target":["https:\/\/macrocolorlevante.com\/producto\/lubricante-descontaminante\/"]}]},{"@type":"ImageObject","inLanguage":"en-US","@id":"https:\/\/macrocolorlevante.com\/producto\/lubricante-descontaminante\/#primaryimage","url":"https:\/\/macrocolorlevante.com\/wp-content\/uploads\/2025\/06\/lubricante-descontaminante-1l.jpg","contentUrl":"https:\/\/macrocolorlevante.com\/wp-content\/uploads\/2025\/06\/lubricante-descontaminante-1l.jpg","width":448,"height":415},{"@type":"BreadcrumbList","@id":"https:\/\/macrocolorlevante.com\/producto\/lubricante-descontaminante\/#breadcrumb","itemListElement":[{"@type":"ListItem","position":1,"name":"Portada","item":"https:\/\/macrocolorlevante.com\/"},{"@type":"ListItem","position":2,"name":"Productos","item":"https:\/\/macrocolorlevante.com\/shop\/"},{"@type":"ListItem","position":3,"name":"Lubricante descontaminante"}]},{"@type":"WebSite","@id":"https:\/\/macrocolorlevante.com\/#website","url":"https:\/\/macrocolorlevante.com\/","name":"Macrocolor","description":"","potentialAction":[{"@type":"SearchAction","target":{"@type":"EntryPoint","urlTemplate":"https:\/\/macrocolorlevante.com\/?s={search_term_string}"},"query-input":{"@type":"PropertyValueSpecification","valueRequired":true,"valueName":"search_term_string"}}],"inLanguage":"en-US"}]}},"_links":{"self":[{"href":"https:\/\/macrocolorlevante.com\/en\/wp-json\/wp\/v2\/product\/2022","targetHints":{"allow":["GET"]}}],"collection":[{"href":"https:\/\/macrocolorlevante.com\/en\/wp-json\/wp\/v2\/product"}],"about":[{"href":"https:\/\/macrocolorlevante.com\/en\/wp-json\/wp\/v2\/types\/product"}],"replies":[{"embeddable":true,"href":"https:\/\/macrocolorlevante.com\/en\/wp-json\/wp\/v2\/comments?post=2022"}],"wp:featuredmedia":[{"embeddable":true,"href":"https:\/\/macrocolorlevante.com\/en\/wp-json\/wp\/v2\/media\/2023"}],"wp:attachment":[{"href":"https:\/\/macrocolorlevante.com\/en\/wp-json\/wp\/v2\/media?parent=2022"}],"wp:term":[{"taxonomy":"product_brand","embeddable":true,"href":"https:\/\/macrocolorlevante.com\/en\/wp-json\/wp\/v2\/product_brand?post=2022"},{"taxonomy":"product_cat","embeddable":true,"href":"https:\/\/macrocolorlevante.com\/en\/wp-json\/wp\/v2\/product_cat?post=2022"},{"taxonomy":"product_tag","embeddable":true,"href":"https:\/\/macrocolorlevante.com\/en\/wp-json\/wp\/v2\/product_tag?post=2022"}],"curies":[{"name":"wp","href":"https:\/\/api.w.org\/{rel}","templated":true}]}}