{"id":1988,"date":"2025-06-13T11:58:55","date_gmt":"2025-06-13T11:58:55","guid":{"rendered":"https:\/\/macrocolorlevante.com\/?post_type=product&#038;p=1988"},"modified":"2025-09-04T17:17:28","modified_gmt":"2025-09-04T17:17:28","slug":"adhesivo-poliuretano-lunas","status":"publish","type":"product","link":"https:\/\/macrocolorlevante.com\/en\/product\/adhesivo-poliuretano-lunas\/","title":{"rendered":"Adhesivo poliuretano Lunas"},"content":{"rendered":"<p>Pol\u00edmero MS mono componente para el pegado de cristales en veh\u00edculos. Secado r\u00e1pido (veh\u00edculos con dos airbags pueden circular 1 hora despu\u00e9s del pegado), sin necesidad de aplicaci\u00f3n de primarios o activadores. Excelente adherencia a todas las superficies, incluso pintadas. Libre de isocianatos y de disolventes. Alta resistencia a los rayos UV y\u00a0 a la temperatura. Puede ser aplicado a partir de 5\u00baC sin necesidad de precalentamiento.<\/p>","protected":false},"excerpt":{"rendered":"<p>Pol\u00edmero MS mono componente para el pegado de cristales en veh\u00edculos. Secado r\u00e1pido (veh\u00edculos con dos airbags pueden circular 1 hora despu\u00e9s del pegado), sin necesidad de aplicaci\u00f3n de primarios o activadores. Excelente adherencia a todas las superficies, incluso pintadas. Libre de isocianatos y de disolventes. Alta resistencia a los rayos UV y\u00a0 a la temperatura. Puede ser aplicado a partir de 5\u00baC sin necesidad de precalentamiento.<\/p>","protected":false},"featured_media":1989,"comment_status":"closed","ping_status":"closed","template":"","meta":[],"product_brand":[58],"product_cat":[61],"product_tag":[],"class_list":{"0":"post-1988","1":"product","2":"type-product","3":"status-publish","4":"has-post-thumbnail","6":"product_brand-procar","7":"product_cat-carroceria","9":"first","10":"instock","11":"shipping-taxable","12":"purchasable","13":"product-type-simple"},"yoast_head":"<!-- This site is optimized with the Yoast SEO plugin v27.4 - https:\/\/yoast.com\/product\/yoast-seo-wordpress\/ -->\n<title>Adhesivo poliuretano Lunas - Macrocolor<\/title>\n<meta name=\"robots\" content=\"index, follow, max-snippet:-1, max-image-preview:large, max-video-preview:-1\" \/>\n<link rel=\"canonical\" href=\"https:\/\/macrocolorlevante.com\/en\/producto\/adhesivo-poliuretano-lunas\/\" \/>\n<meta property=\"og:locale\" content=\"en_US\" \/>\n<meta property=\"og:type\" content=\"article\" \/>\n<meta property=\"og:title\" content=\"Adhesivo poliuretano Lunas - Macrocolor\" \/>\n<meta property=\"og:description\" content=\"Pol\u00edmero MS mono componente para el pegado de cristales en veh\u00edculos. Secado r\u00e1pido (veh\u00edculos con dos airbags pueden circular 1 hora despu\u00e9s del pegado), sin necesidad de aplicaci\u00f3n de primarios o activadores. Excelente adherencia a todas las superficies, incluso pintadas. Libre de isocianatos y de disolventes. Alta resistencia a los rayos UV y\u00a0 a la temperatura. Puede ser aplicado a partir de 5\u00baC sin necesidad de precalentamiento.\" \/>\n<meta property=\"og:url\" content=\"https:\/\/macrocolorlevante.com\/en\/producto\/adhesivo-poliuretano-lunas\/\" \/>\n<meta property=\"og:site_name\" content=\"Macrocolor\" \/>\n<meta property=\"article:modified_time\" content=\"2025-09-04T17:17:28+00:00\" \/>\n<meta property=\"og:image\" content=\"https:\/\/macrocolorlevante.com\/wp-content\/uploads\/2025\/06\/adhesivo-polimero-ms-de-lunas-290ml.jpg\" \/>\n\t<meta property=\"og:image:width\" content=\"448\" \/>\n\t<meta property=\"og:image:height\" content=\"415\" \/>\n\t<meta property=\"og:image:type\" content=\"image\/jpeg\" \/>\n<meta name=\"twitter:card\" content=\"summary_large_image\" \/>\n<meta name=\"twitter:label1\" content=\"Est. reading time\" \/>\n\t<meta name=\"twitter:data1\" content=\"1 minute\" \/>\n<script type=\"application\/ld+json\" class=\"yoast-schema-graph\">{\"@context\":\"https:\\\/\\\/schema.org\",\"@graph\":[{\"@type\":\"WebPage\",\"@id\":\"https:\\\/\\\/macrocolorlevante.com\\\/producto\\\/adhesivo-poliuretano-lunas\\\/\",\"url\":\"https:\\\/\\\/macrocolorlevante.com\\\/producto\\\/adhesivo-poliuretano-lunas\\\/\",\"name\":\"Adhesivo poliuretano Lunas - Macrocolor\",\"isPartOf\":{\"@id\":\"https:\\\/\\\/macrocolorlevante.com\\\/#website\"},\"primaryImageOfPage\":{\"@id\":\"https:\\\/\\\/macrocolorlevante.com\\\/producto\\\/adhesivo-poliuretano-lunas\\\/#primaryimage\"},\"image\":{\"@id\":\"https:\\\/\\\/macrocolorlevante.com\\\/producto\\\/adhesivo-poliuretano-lunas\\\/#primaryimage\"},\"thumbnailUrl\":\"https:\\\/\\\/macrocolorlevante.com\\\/wp-content\\\/uploads\\\/2025\\\/06\\\/adhesivo-polimero-ms-de-lunas-290ml.jpg\",\"datePublished\":\"2025-06-13T11:58:55+00:00\",\"dateModified\":\"2025-09-04T17:17:28+00:00\",\"breadcrumb\":{\"@id\":\"https:\\\/\\\/macrocolorlevante.com\\\/producto\\\/adhesivo-poliuretano-lunas\\\/#breadcrumb\"},\"inLanguage\":\"en-US\",\"potentialAction\":[{\"@type\":\"ReadAction\",\"target\":[\"https:\\\/\\\/macrocolorlevante.com\\\/producto\\\/adhesivo-poliuretano-lunas\\\/\"]}]},{\"@type\":\"ImageObject\",\"inLanguage\":\"en-US\",\"@id\":\"https:\\\/\\\/macrocolorlevante.com\\\/producto\\\/adhesivo-poliuretano-lunas\\\/#primaryimage\",\"url\":\"https:\\\/\\\/macrocolorlevante.com\\\/wp-content\\\/uploads\\\/2025\\\/06\\\/adhesivo-polimero-ms-de-lunas-290ml.jpg\",\"contentUrl\":\"https:\\\/\\\/macrocolorlevante.com\\\/wp-content\\\/uploads\\\/2025\\\/06\\\/adhesivo-polimero-ms-de-lunas-290ml.jpg\",\"width\":448,\"height\":415},{\"@type\":\"BreadcrumbList\",\"@id\":\"https:\\\/\\\/macrocolorlevante.com\\\/producto\\\/adhesivo-poliuretano-lunas\\\/#breadcrumb\",\"itemListElement\":[{\"@type\":\"ListItem\",\"position\":1,\"name\":\"Portada\",\"item\":\"https:\\\/\\\/macrocolorlevante.com\\\/\"},{\"@type\":\"ListItem\",\"position\":2,\"name\":\"Productos\",\"item\":\"https:\\\/\\\/macrocolorlevante.com\\\/shop\\\/\"},{\"@type\":\"ListItem\",\"position\":3,\"name\":\"Adhesivo poliuretano Lunas\"}]},{\"@type\":\"WebSite\",\"@id\":\"https:\\\/\\\/macrocolorlevante.com\\\/#website\",\"url\":\"https:\\\/\\\/macrocolorlevante.com\\\/\",\"name\":\"Macrocolor\",\"description\":\"\",\"potentialAction\":[{\"@type\":\"SearchAction\",\"target\":{\"@type\":\"EntryPoint\",\"urlTemplate\":\"https:\\\/\\\/macrocolorlevante.com\\\/?s={search_term_string}\"},\"query-input\":{\"@type\":\"PropertyValueSpecification\",\"valueRequired\":true,\"valueName\":\"search_term_string\"}}],\"inLanguage\":\"en-US\"}]}<\/script>\n<!-- \/ Yoast SEO plugin. -->","yoast_head_json":{"title":"Adhesivo poliuretano Lunas - Macrocolor","robots":{"index":"index","follow":"follow","max-snippet":"max-snippet:-1","max-image-preview":"max-image-preview:large","max-video-preview":"max-video-preview:-1"},"canonical":"https:\/\/macrocolorlevante.com\/en\/producto\/adhesivo-poliuretano-lunas\/","og_locale":"en_US","og_type":"article","og_title":"Adhesivo poliuretano Lunas - Macrocolor","og_description":"Pol\u00edmero MS mono componente para el pegado de cristales en veh\u00edculos. Secado r\u00e1pido (veh\u00edculos con dos airbags pueden circular 1 hora despu\u00e9s del pegado), sin necesidad de aplicaci\u00f3n de primarios o activadores. Excelente adherencia a todas las superficies, incluso pintadas. Libre de isocianatos y de disolventes. Alta resistencia a los rayos UV y\u00a0 a la temperatura. Puede ser aplicado a partir de 5\u00baC sin necesidad de precalentamiento.","og_url":"https:\/\/macrocolorlevante.com\/en\/producto\/adhesivo-poliuretano-lunas\/","og_site_name":"Macrocolor","article_modified_time":"2025-09-04T17:17:28+00:00","og_image":[{"width":448,"height":415,"url":"https:\/\/macrocolorlevante.com\/wp-content\/uploads\/2025\/06\/adhesivo-polimero-ms-de-lunas-290ml.jpg","type":"image\/jpeg"}],"twitter_card":"summary_large_image","twitter_misc":{"Est. reading time":"1 minute"},"schema":{"@context":"https:\/\/schema.org","@graph":[{"@type":"WebPage","@id":"https:\/\/macrocolorlevante.com\/producto\/adhesivo-poliuretano-lunas\/","url":"https:\/\/macrocolorlevante.com\/producto\/adhesivo-poliuretano-lunas\/","name":"Adhesivo poliuretano Lunas - Macrocolor","isPartOf":{"@id":"https:\/\/macrocolorlevante.com\/#website"},"primaryImageOfPage":{"@id":"https:\/\/macrocolorlevante.com\/producto\/adhesivo-poliuretano-lunas\/#primaryimage"},"image":{"@id":"https:\/\/macrocolorlevante.com\/producto\/adhesivo-poliuretano-lunas\/#primaryimage"},"thumbnailUrl":"https:\/\/macrocolorlevante.com\/wp-content\/uploads\/2025\/06\/adhesivo-polimero-ms-de-lunas-290ml.jpg","datePublished":"2025-06-13T11:58:55+00:00","dateModified":"2025-09-04T17:17:28+00:00","breadcrumb":{"@id":"https:\/\/macrocolorlevante.com\/producto\/adhesivo-poliuretano-lunas\/#breadcrumb"},"inLanguage":"en-US","potentialAction":[{"@type":"ReadAction","target":["https:\/\/macrocolorlevante.com\/producto\/adhesivo-poliuretano-lunas\/"]}]},{"@type":"ImageObject","inLanguage":"en-US","@id":"https:\/\/macrocolorlevante.com\/producto\/adhesivo-poliuretano-lunas\/#primaryimage","url":"https:\/\/macrocolorlevante.com\/wp-content\/uploads\/2025\/06\/adhesivo-polimero-ms-de-lunas-290ml.jpg","contentUrl":"https:\/\/macrocolorlevante.com\/wp-content\/uploads\/2025\/06\/adhesivo-polimero-ms-de-lunas-290ml.jpg","width":448,"height":415},{"@type":"BreadcrumbList","@id":"https:\/\/macrocolorlevante.com\/producto\/adhesivo-poliuretano-lunas\/#breadcrumb","itemListElement":[{"@type":"ListItem","position":1,"name":"Portada","item":"https:\/\/macrocolorlevante.com\/"},{"@type":"ListItem","position":2,"name":"Productos","item":"https:\/\/macrocolorlevante.com\/shop\/"},{"@type":"ListItem","position":3,"name":"Adhesivo poliuretano Lunas"}]},{"@type":"WebSite","@id":"https:\/\/macrocolorlevante.com\/#website","url":"https:\/\/macrocolorlevante.com\/","name":"Macrocolor","description":"","potentialAction":[{"@type":"SearchAction","target":{"@type":"EntryPoint","urlTemplate":"https:\/\/macrocolorlevante.com\/?s={search_term_string}"},"query-input":{"@type":"PropertyValueSpecification","valueRequired":true,"valueName":"search_term_string"}}],"inLanguage":"en-US"}]}},"_links":{"self":[{"href":"https:\/\/macrocolorlevante.com\/en\/wp-json\/wp\/v2\/product\/1988","targetHints":{"allow":["GET"]}}],"collection":[{"href":"https:\/\/macrocolorlevante.com\/en\/wp-json\/wp\/v2\/product"}],"about":[{"href":"https:\/\/macrocolorlevante.com\/en\/wp-json\/wp\/v2\/types\/product"}],"replies":[{"embeddable":true,"href":"https:\/\/macrocolorlevante.com\/en\/wp-json\/wp\/v2\/comments?post=1988"}],"wp:featuredmedia":[{"embeddable":true,"href":"https:\/\/macrocolorlevante.com\/en\/wp-json\/wp\/v2\/media\/1989"}],"wp:attachment":[{"href":"https:\/\/macrocolorlevante.com\/en\/wp-json\/wp\/v2\/media?parent=1988"}],"wp:term":[{"taxonomy":"product_brand","embeddable":true,"href":"https:\/\/macrocolorlevante.com\/en\/wp-json\/wp\/v2\/product_brand?post=1988"},{"taxonomy":"product_cat","embeddable":true,"href":"https:\/\/macrocolorlevante.com\/en\/wp-json\/wp\/v2\/product_cat?post=1988"},{"taxonomy":"product_tag","embeddable":true,"href":"https:\/\/macrocolorlevante.com\/en\/wp-json\/wp\/v2\/product_tag?post=1988"}],"curies":[{"name":"wp","href":"https:\/\/api.w.org\/{rel}","templated":true}]}}