{"id":1505,"date":"2024-10-12T22:24:06","date_gmt":"2024-10-12T22:24:06","guid":{"rendered":"https:\/\/macrocolorlevante.com\/?post_type=product&#038;p=1505"},"modified":"2025-09-04T17:06:28","modified_gmt":"2025-09-04T17:06:28","slug":"spray-negro-mate-2","status":"publish","type":"product","link":"https:\/\/macrocolorlevante.com\/en\/product\/spray-negro-mate-2\/","title":{"rendered":"SPRAY NEGRO MATE"},"content":{"rendered":"<p>Esmalte negro mate de secado r\u00e1pido, elevado poder de cubrici\u00f3n, aspecto liso y sedosa, buena dureza y elasticidad. Adecuado para el retoque y acabado de peque\u00f1as partes de carrocer\u00eda.<\/p>\n<p>Su uso tambi\u00e9n abarca aplicaciones en la industria general tanto para interior como para el exterior.<\/p>\n<p>400ML.<\/p>","protected":false},"excerpt":{"rendered":"<p>Esmalte negro mate de secado r\u00e1pido, elevado poder de cubrici\u00f3n, aspecto liso y sedosa, buena dureza y elasticidad. Adecuado para el retoque y acabado de peque\u00f1as partes de carrocer\u00eda. Su uso tambi\u00e9n abarca aplicaciones en la industria general tanto para interior como para el exterior. 400ML.<\/p>","protected":false},"featured_media":1972,"comment_status":"closed","ping_status":"closed","template":"","meta":[],"product_brand":[48],"product_cat":[61],"product_tag":[],"class_list":{"0":"post-1505","1":"product","2":"type-product","3":"status-publish","4":"has-post-thumbnail","6":"product_brand-besa","7":"product_cat-carroceria","9":"first","10":"instock","11":"shipping-taxable","12":"purchasable","13":"product-type-simple"},"yoast_head":"<!-- This site is optimized with the Yoast SEO plugin v23.1 - https:\/\/yoast.com\/wordpress\/plugins\/seo\/ -->\n<title>SPRAY NEGRO MATE - Macrocolor<\/title>\n<meta name=\"robots\" content=\"index, follow, max-snippet:-1, max-image-preview:large, max-video-preview:-1\" \/>\n<link rel=\"canonical\" href=\"https:\/\/macrocolorlevante.com\/en\/producto\/spray-negro-mate-2\/\" \/>\n<meta property=\"og:locale\" content=\"en_US\" \/>\n<meta property=\"og:type\" content=\"article\" \/>\n<meta property=\"og:title\" content=\"SPRAY NEGRO MATE - Macrocolor\" \/>\n<meta property=\"og:description\" content=\"Esmalte negro mate de secado r\u00e1pido, elevado poder de cubrici\u00f3n, aspecto liso y sedosa, buena dureza y elasticidad. Adecuado para el retoque y acabado de peque\u00f1as partes de carrocer\u00eda. Su uso tambi\u00e9n abarca aplicaciones en la industria general tanto para interior como para el exterior. 400ML.\" \/>\n<meta property=\"og:url\" content=\"https:\/\/macrocolorlevante.com\/en\/producto\/spray-negro-mate-2\/\" \/>\n<meta property=\"og:site_name\" content=\"Macrocolor\" \/>\n<meta property=\"article:modified_time\" content=\"2025-09-04T17:06:28+00:00\" \/>\n<meta property=\"og:image\" content=\"https:\/\/macrocolorlevante.com\/wp-content\/uploads\/2024\/10\/pintura-negra-spray-negro-mate-j13-detail.960x0.webp\" \/>\n\t<meta property=\"og:image:width\" content=\"960\" \/>\n\t<meta property=\"og:image:height\" content=\"1113\" \/>\n\t<meta property=\"og:image:type\" content=\"image\/webp\" \/>\n<meta name=\"twitter:card\" content=\"summary_large_image\" \/>\n<meta name=\"twitter:label1\" content=\"Est. reading time\" \/>\n\t<meta name=\"twitter:data1\" content=\"1 minute\" \/>\n<script type=\"application\/ld+json\" class=\"yoast-schema-graph\">{\"@context\":\"https:\/\/schema.org\",\"@graph\":[{\"@type\":\"WebPage\",\"@id\":\"https:\/\/macrocolorlevante.com\/producto\/spray-negro-mate-2\/\",\"url\":\"https:\/\/macrocolorlevante.com\/producto\/spray-negro-mate-2\/\",\"name\":\"SPRAY NEGRO MATE - Macrocolor\",\"isPartOf\":{\"@id\":\"https:\/\/macrocolorlevante.com\/#website\"},\"primaryImageOfPage\":{\"@id\":\"https:\/\/macrocolorlevante.com\/producto\/spray-negro-mate-2\/#primaryimage\"},\"image\":{\"@id\":\"https:\/\/macrocolorlevante.com\/producto\/spray-negro-mate-2\/#primaryimage\"},\"thumbnailUrl\":\"https:\/\/macrocolorlevante.com\/wp-content\/uploads\/2024\/10\/pintura-negra-spray-negro-mate-j13-detail.960x0.webp\",\"datePublished\":\"2024-10-12T22:24:06+00:00\",\"dateModified\":\"2025-09-04T17:06:28+00:00\",\"breadcrumb\":{\"@id\":\"https:\/\/macrocolorlevante.com\/producto\/spray-negro-mate-2\/#breadcrumb\"},\"inLanguage\":\"en-US\",\"potentialAction\":[{\"@type\":\"ReadAction\",\"target\":[\"https:\/\/macrocolorlevante.com\/producto\/spray-negro-mate-2\/\"]}]},{\"@type\":\"ImageObject\",\"inLanguage\":\"en-US\",\"@id\":\"https:\/\/macrocolorlevante.com\/producto\/spray-negro-mate-2\/#primaryimage\",\"url\":\"https:\/\/macrocolorlevante.com\/wp-content\/uploads\/2024\/10\/pintura-negra-spray-negro-mate-j13-detail.960x0.webp\",\"contentUrl\":\"https:\/\/macrocolorlevante.com\/wp-content\/uploads\/2024\/10\/pintura-negra-spray-negro-mate-j13-detail.960x0.webp\",\"width\":960,\"height\":1113},{\"@type\":\"BreadcrumbList\",\"@id\":\"https:\/\/macrocolorlevante.com\/producto\/spray-negro-mate-2\/#breadcrumb\",\"itemListElement\":[{\"@type\":\"ListItem\",\"position\":1,\"name\":\"Portada\",\"item\":\"https:\/\/macrocolorlevante.com\/\"},{\"@type\":\"ListItem\",\"position\":2,\"name\":\"Productos\",\"item\":\"https:\/\/macrocolorlevante.com\/shop\/\"},{\"@type\":\"ListItem\",\"position\":3,\"name\":\"SPRAY NEGRO MATE\"}]},{\"@type\":\"WebSite\",\"@id\":\"https:\/\/macrocolorlevante.com\/#website\",\"url\":\"https:\/\/macrocolorlevante.com\/\",\"name\":\"Macrocolor\",\"description\":\"\",\"potentialAction\":[{\"@type\":\"SearchAction\",\"target\":{\"@type\":\"EntryPoint\",\"urlTemplate\":\"https:\/\/macrocolorlevante.com\/?s={search_term_string}\"},\"query-input\":\"required name=search_term_string\"}],\"inLanguage\":\"en-US\"}]}<\/script>\n<!-- \/ Yoast SEO plugin. -->","yoast_head_json":{"title":"SPRAY NEGRO MATE - Macrocolor","robots":{"index":"index","follow":"follow","max-snippet":"max-snippet:-1","max-image-preview":"max-image-preview:large","max-video-preview":"max-video-preview:-1"},"canonical":"https:\/\/macrocolorlevante.com\/en\/producto\/spray-negro-mate-2\/","og_locale":"en_US","og_type":"article","og_title":"SPRAY NEGRO MATE - Macrocolor","og_description":"Esmalte negro mate de secado r\u00e1pido, elevado poder de cubrici\u00f3n, aspecto liso y sedosa, buena dureza y elasticidad. Adecuado para el retoque y acabado de peque\u00f1as partes de carrocer\u00eda. Su uso tambi\u00e9n abarca aplicaciones en la industria general tanto para interior como para el exterior. 400ML.","og_url":"https:\/\/macrocolorlevante.com\/en\/producto\/spray-negro-mate-2\/","og_site_name":"Macrocolor","article_modified_time":"2025-09-04T17:06:28+00:00","og_image":[{"width":960,"height":1113,"url":"https:\/\/macrocolorlevante.com\/wp-content\/uploads\/2024\/10\/pintura-negra-spray-negro-mate-j13-detail.960x0.webp","type":"image\/webp"}],"twitter_card":"summary_large_image","twitter_misc":{"Est. reading time":"1 minute"},"schema":{"@context":"https:\/\/schema.org","@graph":[{"@type":"WebPage","@id":"https:\/\/macrocolorlevante.com\/producto\/spray-negro-mate-2\/","url":"https:\/\/macrocolorlevante.com\/producto\/spray-negro-mate-2\/","name":"SPRAY NEGRO MATE - Macrocolor","isPartOf":{"@id":"https:\/\/macrocolorlevante.com\/#website"},"primaryImageOfPage":{"@id":"https:\/\/macrocolorlevante.com\/producto\/spray-negro-mate-2\/#primaryimage"},"image":{"@id":"https:\/\/macrocolorlevante.com\/producto\/spray-negro-mate-2\/#primaryimage"},"thumbnailUrl":"https:\/\/macrocolorlevante.com\/wp-content\/uploads\/2024\/10\/pintura-negra-spray-negro-mate-j13-detail.960x0.webp","datePublished":"2024-10-12T22:24:06+00:00","dateModified":"2025-09-04T17:06:28+00:00","breadcrumb":{"@id":"https:\/\/macrocolorlevante.com\/producto\/spray-negro-mate-2\/#breadcrumb"},"inLanguage":"en-US","potentialAction":[{"@type":"ReadAction","target":["https:\/\/macrocolorlevante.com\/producto\/spray-negro-mate-2\/"]}]},{"@type":"ImageObject","inLanguage":"en-US","@id":"https:\/\/macrocolorlevante.com\/producto\/spray-negro-mate-2\/#primaryimage","url":"https:\/\/macrocolorlevante.com\/wp-content\/uploads\/2024\/10\/pintura-negra-spray-negro-mate-j13-detail.960x0.webp","contentUrl":"https:\/\/macrocolorlevante.com\/wp-content\/uploads\/2024\/10\/pintura-negra-spray-negro-mate-j13-detail.960x0.webp","width":960,"height":1113},{"@type":"BreadcrumbList","@id":"https:\/\/macrocolorlevante.com\/producto\/spray-negro-mate-2\/#breadcrumb","itemListElement":[{"@type":"ListItem","position":1,"name":"Portada","item":"https:\/\/macrocolorlevante.com\/"},{"@type":"ListItem","position":2,"name":"Productos","item":"https:\/\/macrocolorlevante.com\/shop\/"},{"@type":"ListItem","position":3,"name":"SPRAY NEGRO MATE"}]},{"@type":"WebSite","@id":"https:\/\/macrocolorlevante.com\/#website","url":"https:\/\/macrocolorlevante.com\/","name":"Macrocolor","description":"","potentialAction":[{"@type":"SearchAction","target":{"@type":"EntryPoint","urlTemplate":"https:\/\/macrocolorlevante.com\/?s={search_term_string}"},"query-input":"required name=search_term_string"}],"inLanguage":"en-US"}]}},"_links":{"self":[{"href":"https:\/\/macrocolorlevante.com\/en\/wp-json\/wp\/v2\/product\/1505","targetHints":{"allow":["GET"]}}],"collection":[{"href":"https:\/\/macrocolorlevante.com\/en\/wp-json\/wp\/v2\/product"}],"about":[{"href":"https:\/\/macrocolorlevante.com\/en\/wp-json\/wp\/v2\/types\/product"}],"replies":[{"embeddable":true,"href":"https:\/\/macrocolorlevante.com\/en\/wp-json\/wp\/v2\/comments?post=1505"}],"wp:featuredmedia":[{"embeddable":true,"href":"https:\/\/macrocolorlevante.com\/en\/wp-json\/wp\/v2\/media\/1972"}],"wp:attachment":[{"href":"https:\/\/macrocolorlevante.com\/en\/wp-json\/wp\/v2\/media?parent=1505"}],"wp:term":[{"taxonomy":"product_brand","embeddable":true,"href":"https:\/\/macrocolorlevante.com\/en\/wp-json\/wp\/v2\/product_brand?post=1505"},{"taxonomy":"product_cat","embeddable":true,"href":"https:\/\/macrocolorlevante.com\/en\/wp-json\/wp\/v2\/product_cat?post=1505"},{"taxonomy":"product_tag","embeddable":true,"href":"https:\/\/macrocolorlevante.com\/en\/wp-json\/wp\/v2\/product_tag?post=1505"}],"curies":[{"name":"wp","href":"https:\/\/api.w.org\/{rel}","templated":true}]}}