{"id":1481,"date":"2024-10-12T22:01:36","date_gmt":"2024-10-12T22:01:36","guid":{"rendered":"https:\/\/macrocolorlevante.com\/?post_type=product&#038;p=1481"},"modified":"2025-09-04T17:08:46","modified_gmt":"2025-09-04T17:08:46","slug":"masilla-fibra-de-vidrio","status":"publish","type":"product","link":"https:\/\/macrocolorlevante.com\/en\/product\/masilla-fibra-de-vidrio\/","title":{"rendered":"MASILLA FIBRA DE VIDRIO"},"content":{"rendered":"<p>Masilla Poli\u00e9ster de 2C reforzada con fibra de vidrio apropiada para cubrir peque\u00f1as perforaciones de corrosi\u00f3n y para el masillado de desigualdades y abolladuras en carrocer\u00edas de autom\u00f3viles. Se utiliza para rellenar soportes de fibra o pl\u00e1sticos r\u00edgidos.<\/p>","protected":false},"excerpt":{"rendered":"<p>Masilla Poli\u00e9ster de 2C reforzada con fibra de vidrio apropiada para cubrir peque\u00f1as perforaciones de corrosi\u00f3n y para el masillado de desigualdades y abolladuras en carrocer\u00edas de autom\u00f3viles. Se utiliza para rellenar soportes de fibra o pl\u00e1sticos r\u00edgidos.<\/p>","protected":false},"featured_media":1981,"comment_status":"closed","ping_status":"closed","template":"","meta":[],"product_brand":[48],"product_cat":[61],"product_tag":[],"class_list":{"0":"post-1481","1":"product","2":"type-product","3":"status-publish","4":"has-post-thumbnail","6":"product_brand-besa","7":"product_cat-carroceria","9":"first","10":"instock","11":"shipping-taxable","12":"purchasable","13":"product-type-simple"},"yoast_head":"<!-- This site is optimized with the Yoast SEO plugin v23.1 - https:\/\/yoast.com\/wordpress\/plugins\/seo\/ -->\n<title>MASILLA FIBRA DE VIDRIO - Macrocolor<\/title>\n<meta name=\"robots\" content=\"index, follow, max-snippet:-1, max-image-preview:large, max-video-preview:-1\" \/>\n<link rel=\"canonical\" href=\"https:\/\/macrocolorlevante.com\/en\/producto\/masilla-fibra-de-vidrio\/\" \/>\n<meta property=\"og:locale\" content=\"en_US\" \/>\n<meta property=\"og:type\" content=\"article\" \/>\n<meta property=\"og:title\" content=\"MASILLA FIBRA DE VIDRIO - Macrocolor\" \/>\n<meta property=\"og:description\" content=\"Masilla Poli\u00e9ster de 2C reforzada con fibra de vidrio apropiada para cubrir peque\u00f1as perforaciones de corrosi\u00f3n y para el masillado de desigualdades y abolladuras en carrocer\u00edas de autom\u00f3viles. Se utiliza para rellenar soportes de fibra o pl\u00e1sticos r\u00edgidos.\" \/>\n<meta property=\"og:url\" content=\"https:\/\/macrocolorlevante.com\/en\/producto\/masilla-fibra-de-vidrio\/\" \/>\n<meta property=\"og:site_name\" content=\"Macrocolor\" \/>\n<meta property=\"article:modified_time\" content=\"2025-09-04T17:08:46+00:00\" \/>\n<meta property=\"og:image\" content=\"https:\/\/macrocolorlevante.com\/wp-content\/uploads\/2024\/10\/FIBRA-VIDRIO.webp\" \/>\n\t<meta property=\"og:image:width\" content=\"384\" \/>\n\t<meta property=\"og:image:height\" content=\"249\" \/>\n\t<meta property=\"og:image:type\" content=\"image\/webp\" \/>\n<meta name=\"twitter:card\" content=\"summary_large_image\" \/>\n<meta name=\"twitter:label1\" content=\"Est. reading time\" \/>\n\t<meta name=\"twitter:data1\" content=\"1 minute\" \/>\n<script type=\"application\/ld+json\" class=\"yoast-schema-graph\">{\"@context\":\"https:\/\/schema.org\",\"@graph\":[{\"@type\":\"WebPage\",\"@id\":\"https:\/\/macrocolorlevante.com\/producto\/masilla-fibra-de-vidrio\/\",\"url\":\"https:\/\/macrocolorlevante.com\/producto\/masilla-fibra-de-vidrio\/\",\"name\":\"MASILLA FIBRA DE VIDRIO - Macrocolor\",\"isPartOf\":{\"@id\":\"https:\/\/macrocolorlevante.com\/#website\"},\"primaryImageOfPage\":{\"@id\":\"https:\/\/macrocolorlevante.com\/producto\/masilla-fibra-de-vidrio\/#primaryimage\"},\"image\":{\"@id\":\"https:\/\/macrocolorlevante.com\/producto\/masilla-fibra-de-vidrio\/#primaryimage\"},\"thumbnailUrl\":\"https:\/\/macrocolorlevante.com\/wp-content\/uploads\/2024\/10\/FIBRA-VIDRIO.webp\",\"datePublished\":\"2024-10-12T22:01:36+00:00\",\"dateModified\":\"2025-09-04T17:08:46+00:00\",\"breadcrumb\":{\"@id\":\"https:\/\/macrocolorlevante.com\/producto\/masilla-fibra-de-vidrio\/#breadcrumb\"},\"inLanguage\":\"en-US\",\"potentialAction\":[{\"@type\":\"ReadAction\",\"target\":[\"https:\/\/macrocolorlevante.com\/producto\/masilla-fibra-de-vidrio\/\"]}]},{\"@type\":\"ImageObject\",\"inLanguage\":\"en-US\",\"@id\":\"https:\/\/macrocolorlevante.com\/producto\/masilla-fibra-de-vidrio\/#primaryimage\",\"url\":\"https:\/\/macrocolorlevante.com\/wp-content\/uploads\/2024\/10\/FIBRA-VIDRIO.webp\",\"contentUrl\":\"https:\/\/macrocolorlevante.com\/wp-content\/uploads\/2024\/10\/FIBRA-VIDRIO.webp\",\"width\":384,\"height\":249},{\"@type\":\"BreadcrumbList\",\"@id\":\"https:\/\/macrocolorlevante.com\/producto\/masilla-fibra-de-vidrio\/#breadcrumb\",\"itemListElement\":[{\"@type\":\"ListItem\",\"position\":1,\"name\":\"Portada\",\"item\":\"https:\/\/macrocolorlevante.com\/\"},{\"@type\":\"ListItem\",\"position\":2,\"name\":\"Productos\",\"item\":\"https:\/\/macrocolorlevante.com\/shop\/\"},{\"@type\":\"ListItem\",\"position\":3,\"name\":\"MASILLA FIBRA DE VIDRIO\"}]},{\"@type\":\"WebSite\",\"@id\":\"https:\/\/macrocolorlevante.com\/#website\",\"url\":\"https:\/\/macrocolorlevante.com\/\",\"name\":\"Macrocolor\",\"description\":\"\",\"potentialAction\":[{\"@type\":\"SearchAction\",\"target\":{\"@type\":\"EntryPoint\",\"urlTemplate\":\"https:\/\/macrocolorlevante.com\/?s={search_term_string}\"},\"query-input\":\"required name=search_term_string\"}],\"inLanguage\":\"en-US\"}]}<\/script>\n<!-- \/ Yoast SEO plugin. -->","yoast_head_json":{"title":"MASILLA FIBRA DE VIDRIO - Macrocolor","robots":{"index":"index","follow":"follow","max-snippet":"max-snippet:-1","max-image-preview":"max-image-preview:large","max-video-preview":"max-video-preview:-1"},"canonical":"https:\/\/macrocolorlevante.com\/en\/producto\/masilla-fibra-de-vidrio\/","og_locale":"en_US","og_type":"article","og_title":"MASILLA FIBRA DE VIDRIO - Macrocolor","og_description":"Masilla Poli\u00e9ster de 2C reforzada con fibra de vidrio apropiada para cubrir peque\u00f1as perforaciones de corrosi\u00f3n y para el masillado de desigualdades y abolladuras en carrocer\u00edas de autom\u00f3viles. Se utiliza para rellenar soportes de fibra o pl\u00e1sticos r\u00edgidos.","og_url":"https:\/\/macrocolorlevante.com\/en\/producto\/masilla-fibra-de-vidrio\/","og_site_name":"Macrocolor","article_modified_time":"2025-09-04T17:08:46+00:00","og_image":[{"width":384,"height":249,"url":"https:\/\/macrocolorlevante.com\/wp-content\/uploads\/2024\/10\/FIBRA-VIDRIO.webp","type":"image\/webp"}],"twitter_card":"summary_large_image","twitter_misc":{"Est. reading time":"1 minute"},"schema":{"@context":"https:\/\/schema.org","@graph":[{"@type":"WebPage","@id":"https:\/\/macrocolorlevante.com\/producto\/masilla-fibra-de-vidrio\/","url":"https:\/\/macrocolorlevante.com\/producto\/masilla-fibra-de-vidrio\/","name":"MASILLA FIBRA DE VIDRIO - Macrocolor","isPartOf":{"@id":"https:\/\/macrocolorlevante.com\/#website"},"primaryImageOfPage":{"@id":"https:\/\/macrocolorlevante.com\/producto\/masilla-fibra-de-vidrio\/#primaryimage"},"image":{"@id":"https:\/\/macrocolorlevante.com\/producto\/masilla-fibra-de-vidrio\/#primaryimage"},"thumbnailUrl":"https:\/\/macrocolorlevante.com\/wp-content\/uploads\/2024\/10\/FIBRA-VIDRIO.webp","datePublished":"2024-10-12T22:01:36+00:00","dateModified":"2025-09-04T17:08:46+00:00","breadcrumb":{"@id":"https:\/\/macrocolorlevante.com\/producto\/masilla-fibra-de-vidrio\/#breadcrumb"},"inLanguage":"en-US","potentialAction":[{"@type":"ReadAction","target":["https:\/\/macrocolorlevante.com\/producto\/masilla-fibra-de-vidrio\/"]}]},{"@type":"ImageObject","inLanguage":"en-US","@id":"https:\/\/macrocolorlevante.com\/producto\/masilla-fibra-de-vidrio\/#primaryimage","url":"https:\/\/macrocolorlevante.com\/wp-content\/uploads\/2024\/10\/FIBRA-VIDRIO.webp","contentUrl":"https:\/\/macrocolorlevante.com\/wp-content\/uploads\/2024\/10\/FIBRA-VIDRIO.webp","width":384,"height":249},{"@type":"BreadcrumbList","@id":"https:\/\/macrocolorlevante.com\/producto\/masilla-fibra-de-vidrio\/#breadcrumb","itemListElement":[{"@type":"ListItem","position":1,"name":"Portada","item":"https:\/\/macrocolorlevante.com\/"},{"@type":"ListItem","position":2,"name":"Productos","item":"https:\/\/macrocolorlevante.com\/shop\/"},{"@type":"ListItem","position":3,"name":"MASILLA FIBRA DE VIDRIO"}]},{"@type":"WebSite","@id":"https:\/\/macrocolorlevante.com\/#website","url":"https:\/\/macrocolorlevante.com\/","name":"Macrocolor","description":"","potentialAction":[{"@type":"SearchAction","target":{"@type":"EntryPoint","urlTemplate":"https:\/\/macrocolorlevante.com\/?s={search_term_string}"},"query-input":"required name=search_term_string"}],"inLanguage":"en-US"}]}},"_links":{"self":[{"href":"https:\/\/macrocolorlevante.com\/en\/wp-json\/wp\/v2\/product\/1481","targetHints":{"allow":["GET"]}}],"collection":[{"href":"https:\/\/macrocolorlevante.com\/en\/wp-json\/wp\/v2\/product"}],"about":[{"href":"https:\/\/macrocolorlevante.com\/en\/wp-json\/wp\/v2\/types\/product"}],"replies":[{"embeddable":true,"href":"https:\/\/macrocolorlevante.com\/en\/wp-json\/wp\/v2\/comments?post=1481"}],"wp:featuredmedia":[{"embeddable":true,"href":"https:\/\/macrocolorlevante.com\/en\/wp-json\/wp\/v2\/media\/1981"}],"wp:attachment":[{"href":"https:\/\/macrocolorlevante.com\/en\/wp-json\/wp\/v2\/media?parent=1481"}],"wp:term":[{"taxonomy":"product_brand","embeddable":true,"href":"https:\/\/macrocolorlevante.com\/en\/wp-json\/wp\/v2\/product_brand?post=1481"},{"taxonomy":"product_cat","embeddable":true,"href":"https:\/\/macrocolorlevante.com\/en\/wp-json\/wp\/v2\/product_cat?post=1481"},{"taxonomy":"product_tag","embeddable":true,"href":"https:\/\/macrocolorlevante.com\/en\/wp-json\/wp\/v2\/product_tag?post=1481"}],"curies":[{"name":"wp","href":"https:\/\/api.w.org\/{rel}","templated":true}]}}