{"id":1453,"date":"2024-10-12T21:38:53","date_gmt":"2024-10-12T21:38:53","guid":{"rendered":"https:\/\/macrocolorlevante.com\/?post_type=product&#038;p=1453"},"modified":"2025-09-03T21:22:00","modified_gmt":"2025-09-03T21:22:00","slug":"high-definition-wax","status":"publish","type":"product","link":"https:\/\/macrocolorlevante.com\/en\/product\/high-definition-wax\/","title":{"rendered":"High Definition Wax"},"content":{"rendered":"<p>Cera de alta definici\u00f3n es el mejor producto para el abrillantado y protecci\u00f3n de la carrocer\u00eda. La mejor cera por su excelencia y durabilidad (hasta 100 veh\u00edculos por envase). Contiene una mezcla compleja y cuidadosamente equilibrada de pol\u00edmeros, ceras carnauba y micro cristalina. Las superficies tratadas exhiben un brillo notable combinado con una resistencia excepcional a contaminantes ambientales como sal, detergentes, luz ultravioleta, lluvia \u00e1cida y residuos industriales. El producto no contiene abrasivos, agua ni emulsionantes.<\/p>\n<p>Modo de Empleo: Esta cera es muy f\u00e1cil de usar; debe aplicarse, en peque\u00f1os c\u00edrculos, una capa lo m\u00e1s delgada y uniforme que sea posible. Si el aplicador se embarra de cera al frotar, se ha usado una cantidad excesiva de producto. Repartir en m\u00e1s superficie. Usando Cera de alta definici\u00f3n, no es necesario utilizar ninguna otra.<\/p>","protected":false},"excerpt":{"rendered":"<div class=\"content-description description-brief\">\n<p class=\"product-short-description\">CONSULTA TUS DESCUENTOS POR V\u00cdA MAIL O TEL\u00c9FONO<\/p>\n<\/div>","protected":false},"featured_media":1454,"comment_status":"closed","ping_status":"closed","template":"","meta":[],"product_brand":[57],"product_cat":[60],"product_tag":[],"class_list":{"0":"post-1453","1":"product","2":"type-product","3":"status-publish","4":"has-post-thumbnail","6":"product_brand-autoglym","7":"product_cat-limpieza-y-abrillantado","9":"first","10":"instock","11":"shipping-taxable","12":"purchasable","13":"product-type-simple"},"yoast_head":"<!-- This site is optimized with the Yoast SEO plugin v27.4 - https:\/\/yoast.com\/product\/yoast-seo-wordpress\/ -->\n<title>High Definition Wax - Macrocolor<\/title>\n<meta name=\"robots\" content=\"index, follow, max-snippet:-1, max-image-preview:large, max-video-preview:-1\" \/>\n<link rel=\"canonical\" href=\"https:\/\/macrocolorlevante.com\/en\/producto\/high-definition-wax\/\" \/>\n<meta property=\"og:locale\" content=\"en_US\" \/>\n<meta property=\"og:type\" content=\"article\" \/>\n<meta property=\"og:title\" content=\"High Definition Wax - Macrocolor\" \/>\n<meta property=\"og:description\" content=\"CONSULTA TUS DESCUENTOS POR V\u00cdA MAIL O TEL\u00c9FONO\" \/>\n<meta property=\"og:url\" content=\"https:\/\/macrocolorlevante.com\/en\/producto\/high-definition-wax\/\" \/>\n<meta property=\"og:site_name\" content=\"Macrocolor\" \/>\n<meta property=\"article:modified_time\" content=\"2025-09-03T21:22:00+00:00\" \/>\n<meta property=\"og:image\" content=\"https:\/\/macrocolorlevante.com\/wp-content\/uploads\/2024\/10\/20-HD-wax_opt.jpg\" \/>\n\t<meta property=\"og:image:width\" content=\"1220\" \/>\n\t<meta property=\"og:image:height\" content=\"915\" \/>\n\t<meta property=\"og:image:type\" content=\"image\/jpeg\" \/>\n<meta name=\"twitter:card\" content=\"summary_large_image\" \/>\n<meta name=\"twitter:label1\" content=\"Est. reading time\" \/>\n\t<meta name=\"twitter:data1\" content=\"1 minute\" \/>\n<script type=\"application\/ld+json\" class=\"yoast-schema-graph\">{\"@context\":\"https:\\\/\\\/schema.org\",\"@graph\":[{\"@type\":\"WebPage\",\"@id\":\"https:\\\/\\\/macrocolorlevante.com\\\/producto\\\/high-definition-wax\\\/\",\"url\":\"https:\\\/\\\/macrocolorlevante.com\\\/producto\\\/high-definition-wax\\\/\",\"name\":\"High Definition Wax - Macrocolor\",\"isPartOf\":{\"@id\":\"https:\\\/\\\/macrocolorlevante.com\\\/#website\"},\"primaryImageOfPage\":{\"@id\":\"https:\\\/\\\/macrocolorlevante.com\\\/producto\\\/high-definition-wax\\\/#primaryimage\"},\"image\":{\"@id\":\"https:\\\/\\\/macrocolorlevante.com\\\/producto\\\/high-definition-wax\\\/#primaryimage\"},\"thumbnailUrl\":\"https:\\\/\\\/macrocolorlevante.com\\\/wp-content\\\/uploads\\\/2024\\\/10\\\/20-HD-wax_opt.jpg\",\"datePublished\":\"2024-10-12T21:38:53+00:00\",\"dateModified\":\"2025-09-03T21:22:00+00:00\",\"breadcrumb\":{\"@id\":\"https:\\\/\\\/macrocolorlevante.com\\\/producto\\\/high-definition-wax\\\/#breadcrumb\"},\"inLanguage\":\"en-US\",\"potentialAction\":[{\"@type\":\"ReadAction\",\"target\":[\"https:\\\/\\\/macrocolorlevante.com\\\/producto\\\/high-definition-wax\\\/\"]}]},{\"@type\":\"ImageObject\",\"inLanguage\":\"en-US\",\"@id\":\"https:\\\/\\\/macrocolorlevante.com\\\/producto\\\/high-definition-wax\\\/#primaryimage\",\"url\":\"https:\\\/\\\/macrocolorlevante.com\\\/wp-content\\\/uploads\\\/2024\\\/10\\\/20-HD-wax_opt.jpg\",\"contentUrl\":\"https:\\\/\\\/macrocolorlevante.com\\\/wp-content\\\/uploads\\\/2024\\\/10\\\/20-HD-wax_opt.jpg\",\"width\":1220,\"height\":915},{\"@type\":\"BreadcrumbList\",\"@id\":\"https:\\\/\\\/macrocolorlevante.com\\\/producto\\\/high-definition-wax\\\/#breadcrumb\",\"itemListElement\":[{\"@type\":\"ListItem\",\"position\":1,\"name\":\"Portada\",\"item\":\"https:\\\/\\\/macrocolorlevante.com\\\/\"},{\"@type\":\"ListItem\",\"position\":2,\"name\":\"Productos\",\"item\":\"https:\\\/\\\/macrocolorlevante.com\\\/shop\\\/\"},{\"@type\":\"ListItem\",\"position\":3,\"name\":\"High Definition Wax\"}]},{\"@type\":\"WebSite\",\"@id\":\"https:\\\/\\\/macrocolorlevante.com\\\/#website\",\"url\":\"https:\\\/\\\/macrocolorlevante.com\\\/\",\"name\":\"Macrocolor\",\"description\":\"\",\"potentialAction\":[{\"@type\":\"SearchAction\",\"target\":{\"@type\":\"EntryPoint\",\"urlTemplate\":\"https:\\\/\\\/macrocolorlevante.com\\\/?s={search_term_string}\"},\"query-input\":{\"@type\":\"PropertyValueSpecification\",\"valueRequired\":true,\"valueName\":\"search_term_string\"}}],\"inLanguage\":\"en-US\"}]}<\/script>\n<!-- \/ Yoast SEO plugin. -->","yoast_head_json":{"title":"High Definition Wax - Macrocolor","robots":{"index":"index","follow":"follow","max-snippet":"max-snippet:-1","max-image-preview":"max-image-preview:large","max-video-preview":"max-video-preview:-1"},"canonical":"https:\/\/macrocolorlevante.com\/en\/producto\/high-definition-wax\/","og_locale":"en_US","og_type":"article","og_title":"High Definition Wax - Macrocolor","og_description":"CONSULTA TUS DESCUENTOS POR V\u00cdA MAIL O TEL\u00c9FONO","og_url":"https:\/\/macrocolorlevante.com\/en\/producto\/high-definition-wax\/","og_site_name":"Macrocolor","article_modified_time":"2025-09-03T21:22:00+00:00","og_image":[{"width":1220,"height":915,"url":"https:\/\/macrocolorlevante.com\/wp-content\/uploads\/2024\/10\/20-HD-wax_opt.jpg","type":"image\/jpeg"}],"twitter_card":"summary_large_image","twitter_misc":{"Est. reading time":"1 minute"},"schema":{"@context":"https:\/\/schema.org","@graph":[{"@type":"WebPage","@id":"https:\/\/macrocolorlevante.com\/producto\/high-definition-wax\/","url":"https:\/\/macrocolorlevante.com\/producto\/high-definition-wax\/","name":"High Definition Wax - Macrocolor","isPartOf":{"@id":"https:\/\/macrocolorlevante.com\/#website"},"primaryImageOfPage":{"@id":"https:\/\/macrocolorlevante.com\/producto\/high-definition-wax\/#primaryimage"},"image":{"@id":"https:\/\/macrocolorlevante.com\/producto\/high-definition-wax\/#primaryimage"},"thumbnailUrl":"https:\/\/macrocolorlevante.com\/wp-content\/uploads\/2024\/10\/20-HD-wax_opt.jpg","datePublished":"2024-10-12T21:38:53+00:00","dateModified":"2025-09-03T21:22:00+00:00","breadcrumb":{"@id":"https:\/\/macrocolorlevante.com\/producto\/high-definition-wax\/#breadcrumb"},"inLanguage":"en-US","potentialAction":[{"@type":"ReadAction","target":["https:\/\/macrocolorlevante.com\/producto\/high-definition-wax\/"]}]},{"@type":"ImageObject","inLanguage":"en-US","@id":"https:\/\/macrocolorlevante.com\/producto\/high-definition-wax\/#primaryimage","url":"https:\/\/macrocolorlevante.com\/wp-content\/uploads\/2024\/10\/20-HD-wax_opt.jpg","contentUrl":"https:\/\/macrocolorlevante.com\/wp-content\/uploads\/2024\/10\/20-HD-wax_opt.jpg","width":1220,"height":915},{"@type":"BreadcrumbList","@id":"https:\/\/macrocolorlevante.com\/producto\/high-definition-wax\/#breadcrumb","itemListElement":[{"@type":"ListItem","position":1,"name":"Portada","item":"https:\/\/macrocolorlevante.com\/"},{"@type":"ListItem","position":2,"name":"Productos","item":"https:\/\/macrocolorlevante.com\/shop\/"},{"@type":"ListItem","position":3,"name":"High Definition Wax"}]},{"@type":"WebSite","@id":"https:\/\/macrocolorlevante.com\/#website","url":"https:\/\/macrocolorlevante.com\/","name":"Macrocolor","description":"","potentialAction":[{"@type":"SearchAction","target":{"@type":"EntryPoint","urlTemplate":"https:\/\/macrocolorlevante.com\/?s={search_term_string}"},"query-input":{"@type":"PropertyValueSpecification","valueRequired":true,"valueName":"search_term_string"}}],"inLanguage":"en-US"}]}},"_links":{"self":[{"href":"https:\/\/macrocolorlevante.com\/en\/wp-json\/wp\/v2\/product\/1453","targetHints":{"allow":["GET"]}}],"collection":[{"href":"https:\/\/macrocolorlevante.com\/en\/wp-json\/wp\/v2\/product"}],"about":[{"href":"https:\/\/macrocolorlevante.com\/en\/wp-json\/wp\/v2\/types\/product"}],"replies":[{"embeddable":true,"href":"https:\/\/macrocolorlevante.com\/en\/wp-json\/wp\/v2\/comments?post=1453"}],"wp:featuredmedia":[{"embeddable":true,"href":"https:\/\/macrocolorlevante.com\/en\/wp-json\/wp\/v2\/media\/1454"}],"wp:attachment":[{"href":"https:\/\/macrocolorlevante.com\/en\/wp-json\/wp\/v2\/media?parent=1453"}],"wp:term":[{"taxonomy":"product_brand","embeddable":true,"href":"https:\/\/macrocolorlevante.com\/en\/wp-json\/wp\/v2\/product_brand?post=1453"},{"taxonomy":"product_cat","embeddable":true,"href":"https:\/\/macrocolorlevante.com\/en\/wp-json\/wp\/v2\/product_cat?post=1453"},{"taxonomy":"product_tag","embeddable":true,"href":"https:\/\/macrocolorlevante.com\/en\/wp-json\/wp\/v2\/product_tag?post=1453"}],"curies":[{"name":"wp","href":"https:\/\/api.w.org\/{rel}","templated":true}]}}