{"id":1430,"date":"2024-10-12T20:56:12","date_gmt":"2024-10-12T20:56:12","guid":{"rendered":"https:\/\/macrocolorlevante.com\/?post_type=product&#038;p=1430"},"modified":"2025-09-03T21:17:12","modified_gmt":"2025-09-03T21:17:12","slug":"limpiacristales-para-coche","status":"publish","type":"product","link":"https:\/\/macrocolorlevante.com\/en\/product\/limpiacristales-para-coche\/","title":{"rendered":"Limpiacristales para Coche"},"content":{"rendered":"<p>Permite una excelente visibilidad para una conducci\u00f3n segura.\u00a0Gracias a su formulaci\u00f3n limpia y pulen de manera r\u00e1pida y eficaz los cristales dejando un acabado uniforme en interior y exterior. No contiene ni ceras ni silicona. Uso interior \/ exterior, elimina la suciedad de la carretera, marcas de agua, restos de insectos, savia de \u00e1rbol, aceite, grasa y excrementos de p\u00e1jaros, sin dejar marcas ni rasgu\u00f1os.<\/p>\n<p>Modo de empleo: Aplique el producto sobre una bayeta y realizando peque\u00f1os c\u00edrculos en el cristal deje una fina capa de producto. Deje secar 5 minutos y elimine con bayeta limpia.<\/p>","protected":false},"excerpt":{"rendered":"<div class=\"content-description description-brief\">\n<p class=\"product-short-description\">CONSULTA TUS DESCUENTOS POR V\u00cdA MAIL O TEL\u00c9FONO<\/p>\n<\/div>","protected":false},"featured_media":1431,"comment_status":"closed","ping_status":"closed","template":"","meta":[],"product_brand":[57],"product_cat":[60],"product_tag":[],"class_list":{"0":"post-1430","1":"product","2":"type-product","3":"status-publish","4":"has-post-thumbnail","6":"product_brand-autoglym","7":"product_cat-limpieza-y-abrillantado","9":"first","10":"instock","11":"shipping-taxable","12":"purchasable","13":"product-type-simple"},"yoast_head":"<!-- This site is optimized with the Yoast SEO plugin v27.4 - https:\/\/yoast.com\/product\/yoast-seo-wordpress\/ -->\n<title>Limpiacristales para Coche - Macrocolor<\/title>\n<meta name=\"robots\" content=\"index, follow, max-snippet:-1, max-image-preview:large, max-video-preview:-1\" \/>\n<link rel=\"canonical\" href=\"https:\/\/macrocolorlevante.com\/en\/producto\/limpiacristales-para-coche\/\" \/>\n<meta property=\"og:locale\" content=\"en_US\" \/>\n<meta property=\"og:type\" content=\"article\" \/>\n<meta property=\"og:title\" content=\"Limpiacristales para Coche - Macrocolor\" \/>\n<meta property=\"og:description\" content=\"CONSULTA TUS DESCUENTOS POR V\u00cdA MAIL O TEL\u00c9FONO\" \/>\n<meta property=\"og:url\" content=\"https:\/\/macrocolorlevante.com\/en\/producto\/limpiacristales-para-coche\/\" \/>\n<meta property=\"og:site_name\" content=\"Macrocolor\" \/>\n<meta property=\"article:modified_time\" content=\"2025-09-03T21:17:12+00:00\" \/>\n<meta property=\"og:image\" content=\"https:\/\/macrocolorlevante.com\/wp-content\/uploads\/2024\/10\/100780.jpg\" \/>\n\t<meta property=\"og:image:width\" content=\"1220\" \/>\n\t<meta property=\"og:image:height\" content=\"915\" \/>\n\t<meta property=\"og:image:type\" content=\"image\/jpeg\" \/>\n<meta name=\"twitter:card\" content=\"summary_large_image\" \/>\n<meta name=\"twitter:label1\" content=\"Est. reading time\" \/>\n\t<meta name=\"twitter:data1\" content=\"1 minute\" \/>\n<script type=\"application\/ld+json\" class=\"yoast-schema-graph\">{\"@context\":\"https:\\\/\\\/schema.org\",\"@graph\":[{\"@type\":\"WebPage\",\"@id\":\"https:\\\/\\\/macrocolorlevante.com\\\/producto\\\/limpiacristales-para-coche\\\/\",\"url\":\"https:\\\/\\\/macrocolorlevante.com\\\/producto\\\/limpiacristales-para-coche\\\/\",\"name\":\"Limpiacristales para Coche - Macrocolor\",\"isPartOf\":{\"@id\":\"https:\\\/\\\/macrocolorlevante.com\\\/#website\"},\"primaryImageOfPage\":{\"@id\":\"https:\\\/\\\/macrocolorlevante.com\\\/producto\\\/limpiacristales-para-coche\\\/#primaryimage\"},\"image\":{\"@id\":\"https:\\\/\\\/macrocolorlevante.com\\\/producto\\\/limpiacristales-para-coche\\\/#primaryimage\"},\"thumbnailUrl\":\"https:\\\/\\\/macrocolorlevante.com\\\/wp-content\\\/uploads\\\/2024\\\/10\\\/100780.jpg\",\"datePublished\":\"2024-10-12T20:56:12+00:00\",\"dateModified\":\"2025-09-03T21:17:12+00:00\",\"breadcrumb\":{\"@id\":\"https:\\\/\\\/macrocolorlevante.com\\\/producto\\\/limpiacristales-para-coche\\\/#breadcrumb\"},\"inLanguage\":\"en-US\",\"potentialAction\":[{\"@type\":\"ReadAction\",\"target\":[\"https:\\\/\\\/macrocolorlevante.com\\\/producto\\\/limpiacristales-para-coche\\\/\"]}]},{\"@type\":\"ImageObject\",\"inLanguage\":\"en-US\",\"@id\":\"https:\\\/\\\/macrocolorlevante.com\\\/producto\\\/limpiacristales-para-coche\\\/#primaryimage\",\"url\":\"https:\\\/\\\/macrocolorlevante.com\\\/wp-content\\\/uploads\\\/2024\\\/10\\\/100780.jpg\",\"contentUrl\":\"https:\\\/\\\/macrocolorlevante.com\\\/wp-content\\\/uploads\\\/2024\\\/10\\\/100780.jpg\",\"width\":1220,\"height\":915},{\"@type\":\"BreadcrumbList\",\"@id\":\"https:\\\/\\\/macrocolorlevante.com\\\/producto\\\/limpiacristales-para-coche\\\/#breadcrumb\",\"itemListElement\":[{\"@type\":\"ListItem\",\"position\":1,\"name\":\"Portada\",\"item\":\"https:\\\/\\\/macrocolorlevante.com\\\/\"},{\"@type\":\"ListItem\",\"position\":2,\"name\":\"Productos\",\"item\":\"https:\\\/\\\/macrocolorlevante.com\\\/shop\\\/\"},{\"@type\":\"ListItem\",\"position\":3,\"name\":\"Limpiacristales para Coche\"}]},{\"@type\":\"WebSite\",\"@id\":\"https:\\\/\\\/macrocolorlevante.com\\\/#website\",\"url\":\"https:\\\/\\\/macrocolorlevante.com\\\/\",\"name\":\"Macrocolor\",\"description\":\"\",\"potentialAction\":[{\"@type\":\"SearchAction\",\"target\":{\"@type\":\"EntryPoint\",\"urlTemplate\":\"https:\\\/\\\/macrocolorlevante.com\\\/?s={search_term_string}\"},\"query-input\":{\"@type\":\"PropertyValueSpecification\",\"valueRequired\":true,\"valueName\":\"search_term_string\"}}],\"inLanguage\":\"en-US\"}]}<\/script>\n<!-- \/ Yoast SEO plugin. -->","yoast_head_json":{"title":"Limpiacristales para Coche - Macrocolor","robots":{"index":"index","follow":"follow","max-snippet":"max-snippet:-1","max-image-preview":"max-image-preview:large","max-video-preview":"max-video-preview:-1"},"canonical":"https:\/\/macrocolorlevante.com\/en\/producto\/limpiacristales-para-coche\/","og_locale":"en_US","og_type":"article","og_title":"Limpiacristales para Coche - Macrocolor","og_description":"CONSULTA TUS DESCUENTOS POR V\u00cdA MAIL O TEL\u00c9FONO","og_url":"https:\/\/macrocolorlevante.com\/en\/producto\/limpiacristales-para-coche\/","og_site_name":"Macrocolor","article_modified_time":"2025-09-03T21:17:12+00:00","og_image":[{"width":1220,"height":915,"url":"https:\/\/macrocolorlevante.com\/wp-content\/uploads\/2024\/10\/100780.jpg","type":"image\/jpeg"}],"twitter_card":"summary_large_image","twitter_misc":{"Est. reading time":"1 minute"},"schema":{"@context":"https:\/\/schema.org","@graph":[{"@type":"WebPage","@id":"https:\/\/macrocolorlevante.com\/producto\/limpiacristales-para-coche\/","url":"https:\/\/macrocolorlevante.com\/producto\/limpiacristales-para-coche\/","name":"Limpiacristales para Coche - Macrocolor","isPartOf":{"@id":"https:\/\/macrocolorlevante.com\/#website"},"primaryImageOfPage":{"@id":"https:\/\/macrocolorlevante.com\/producto\/limpiacristales-para-coche\/#primaryimage"},"image":{"@id":"https:\/\/macrocolorlevante.com\/producto\/limpiacristales-para-coche\/#primaryimage"},"thumbnailUrl":"https:\/\/macrocolorlevante.com\/wp-content\/uploads\/2024\/10\/100780.jpg","datePublished":"2024-10-12T20:56:12+00:00","dateModified":"2025-09-03T21:17:12+00:00","breadcrumb":{"@id":"https:\/\/macrocolorlevante.com\/producto\/limpiacristales-para-coche\/#breadcrumb"},"inLanguage":"en-US","potentialAction":[{"@type":"ReadAction","target":["https:\/\/macrocolorlevante.com\/producto\/limpiacristales-para-coche\/"]}]},{"@type":"ImageObject","inLanguage":"en-US","@id":"https:\/\/macrocolorlevante.com\/producto\/limpiacristales-para-coche\/#primaryimage","url":"https:\/\/macrocolorlevante.com\/wp-content\/uploads\/2024\/10\/100780.jpg","contentUrl":"https:\/\/macrocolorlevante.com\/wp-content\/uploads\/2024\/10\/100780.jpg","width":1220,"height":915},{"@type":"BreadcrumbList","@id":"https:\/\/macrocolorlevante.com\/producto\/limpiacristales-para-coche\/#breadcrumb","itemListElement":[{"@type":"ListItem","position":1,"name":"Portada","item":"https:\/\/macrocolorlevante.com\/"},{"@type":"ListItem","position":2,"name":"Productos","item":"https:\/\/macrocolorlevante.com\/shop\/"},{"@type":"ListItem","position":3,"name":"Limpiacristales para Coche"}]},{"@type":"WebSite","@id":"https:\/\/macrocolorlevante.com\/#website","url":"https:\/\/macrocolorlevante.com\/","name":"Macrocolor","description":"","potentialAction":[{"@type":"SearchAction","target":{"@type":"EntryPoint","urlTemplate":"https:\/\/macrocolorlevante.com\/?s={search_term_string}"},"query-input":{"@type":"PropertyValueSpecification","valueRequired":true,"valueName":"search_term_string"}}],"inLanguage":"en-US"}]}},"_links":{"self":[{"href":"https:\/\/macrocolorlevante.com\/en\/wp-json\/wp\/v2\/product\/1430","targetHints":{"allow":["GET"]}}],"collection":[{"href":"https:\/\/macrocolorlevante.com\/en\/wp-json\/wp\/v2\/product"}],"about":[{"href":"https:\/\/macrocolorlevante.com\/en\/wp-json\/wp\/v2\/types\/product"}],"replies":[{"embeddable":true,"href":"https:\/\/macrocolorlevante.com\/en\/wp-json\/wp\/v2\/comments?post=1430"}],"wp:featuredmedia":[{"embeddable":true,"href":"https:\/\/macrocolorlevante.com\/en\/wp-json\/wp\/v2\/media\/1431"}],"wp:attachment":[{"href":"https:\/\/macrocolorlevante.com\/en\/wp-json\/wp\/v2\/media?parent=1430"}],"wp:term":[{"taxonomy":"product_brand","embeddable":true,"href":"https:\/\/macrocolorlevante.com\/en\/wp-json\/wp\/v2\/product_brand?post=1430"},{"taxonomy":"product_cat","embeddable":true,"href":"https:\/\/macrocolorlevante.com\/en\/wp-json\/wp\/v2\/product_cat?post=1430"},{"taxonomy":"product_tag","embeddable":true,"href":"https:\/\/macrocolorlevante.com\/en\/wp-json\/wp\/v2\/product_tag?post=1430"}],"curies":[{"name":"wp","href":"https:\/\/api.w.org\/{rel}","templated":true}]}}