{"id":1428,"date":"2024-10-12T20:54:57","date_gmt":"2024-10-12T20:54:57","guid":{"rendered":"https:\/\/macrocolorlevante.com\/?post_type=product&#038;p=1428"},"modified":"2025-09-03T21:16:50","modified_gmt":"2025-09-03T21:16:50","slug":"limpiador-piel-y-cuero-500ml","status":"publish","type":"product","link":"https:\/\/macrocolorlevante.com\/en\/product\/limpiador-piel-y-cuero-500ml\/","title":{"rendered":"Limpiador piel y cuero 500ml"},"content":{"rendered":"<p>Limpiador con una formulaci\u00f3n de pH neutro que permite su uso sin riesgos en todas las superficies interiores de cuero.\u00a0No a\u00f1ade brillo a sus asientos, sino que deja un acabado natural. No contiene silicona ni otros agentes enmascarantes que pueden dejar una sensaci\u00f3n desagradable en el interior de su coche. Se puede usar el producto tambi\u00e9n en cueros de imitaci\u00f3n pues no provoca da\u00f1os.<\/p>\n<p>Modo de empleo: Pulverizar el producto sobre la superficie a limpiar dejar actuar y frotar suavemente con la gasa Perfect Polish o con la gamuza Aqua Dry Tech, esperar a que seque y acondicionar con Crema nutritiva de cuero AutoGlym.<\/p>","protected":false},"excerpt":{"rendered":"<div class=\"content-description description-brief\">\n<p class=\"product-short-description\">CONSULTA TUS DESCUENTOS POR V\u00cdA MAIL O TEL\u00c9FONO<\/p>\n<\/div>","protected":false},"featured_media":1429,"comment_status":"closed","ping_status":"closed","template":"","meta":[],"product_brand":[57],"product_cat":[60],"product_tag":[],"class_list":{"0":"post-1428","1":"product","2":"type-product","3":"status-publish","4":"has-post-thumbnail","6":"product_brand-autoglym","7":"product_cat-limpieza-y-abrillantado","9":"first","10":"instock","11":"shipping-taxable","12":"purchasable","13":"product-type-simple"},"yoast_head":"<!-- This site is optimized with the Yoast SEO plugin v27.4 - https:\/\/yoast.com\/product\/yoast-seo-wordpress\/ -->\n<title>Limpiador piel y cuero 500ml - Macrocolor<\/title>\n<meta name=\"robots\" content=\"index, follow, max-snippet:-1, max-image-preview:large, max-video-preview:-1\" \/>\n<link rel=\"canonical\" href=\"https:\/\/macrocolorlevante.com\/en\/producto\/limpiador-piel-y-cuero-500ml\/\" \/>\n<meta property=\"og:locale\" content=\"en_US\" \/>\n<meta property=\"og:type\" content=\"article\" \/>\n<meta property=\"og:title\" content=\"Limpiador piel y cuero 500ml - Macrocolor\" \/>\n<meta property=\"og:description\" content=\"CONSULTA TUS DESCUENTOS POR V\u00cdA MAIL O TEL\u00c9FONO\" \/>\n<meta property=\"og:url\" content=\"https:\/\/macrocolorlevante.com\/en\/producto\/limpiador-piel-y-cuero-500ml\/\" \/>\n<meta property=\"og:site_name\" content=\"Macrocolor\" \/>\n<meta property=\"article:modified_time\" content=\"2025-09-03T21:16:50+00:00\" \/>\n<meta property=\"og:image\" content=\"https:\/\/macrocolorlevante.com\/wp-content\/uploads\/2024\/10\/100791.jpg\" \/>\n\t<meta property=\"og:image:width\" content=\"1220\" \/>\n\t<meta property=\"og:image:height\" content=\"915\" \/>\n\t<meta property=\"og:image:type\" content=\"image\/jpeg\" \/>\n<meta name=\"twitter:card\" content=\"summary_large_image\" \/>\n<meta name=\"twitter:label1\" content=\"Est. reading time\" \/>\n\t<meta name=\"twitter:data1\" content=\"1 minute\" \/>\n<script type=\"application\/ld+json\" class=\"yoast-schema-graph\">{\"@context\":\"https:\\\/\\\/schema.org\",\"@graph\":[{\"@type\":\"WebPage\",\"@id\":\"https:\\\/\\\/macrocolorlevante.com\\\/producto\\\/limpiador-piel-y-cuero-500ml\\\/\",\"url\":\"https:\\\/\\\/macrocolorlevante.com\\\/producto\\\/limpiador-piel-y-cuero-500ml\\\/\",\"name\":\"Limpiador piel y cuero 500ml - Macrocolor\",\"isPartOf\":{\"@id\":\"https:\\\/\\\/macrocolorlevante.com\\\/#website\"},\"primaryImageOfPage\":{\"@id\":\"https:\\\/\\\/macrocolorlevante.com\\\/producto\\\/limpiador-piel-y-cuero-500ml\\\/#primaryimage\"},\"image\":{\"@id\":\"https:\\\/\\\/macrocolorlevante.com\\\/producto\\\/limpiador-piel-y-cuero-500ml\\\/#primaryimage\"},\"thumbnailUrl\":\"https:\\\/\\\/macrocolorlevante.com\\\/wp-content\\\/uploads\\\/2024\\\/10\\\/100791.jpg\",\"datePublished\":\"2024-10-12T20:54:57+00:00\",\"dateModified\":\"2025-09-03T21:16:50+00:00\",\"breadcrumb\":{\"@id\":\"https:\\\/\\\/macrocolorlevante.com\\\/producto\\\/limpiador-piel-y-cuero-500ml\\\/#breadcrumb\"},\"inLanguage\":\"en-US\",\"potentialAction\":[{\"@type\":\"ReadAction\",\"target\":[\"https:\\\/\\\/macrocolorlevante.com\\\/producto\\\/limpiador-piel-y-cuero-500ml\\\/\"]}]},{\"@type\":\"ImageObject\",\"inLanguage\":\"en-US\",\"@id\":\"https:\\\/\\\/macrocolorlevante.com\\\/producto\\\/limpiador-piel-y-cuero-500ml\\\/#primaryimage\",\"url\":\"https:\\\/\\\/macrocolorlevante.com\\\/wp-content\\\/uploads\\\/2024\\\/10\\\/100791.jpg\",\"contentUrl\":\"https:\\\/\\\/macrocolorlevante.com\\\/wp-content\\\/uploads\\\/2024\\\/10\\\/100791.jpg\",\"width\":1220,\"height\":915},{\"@type\":\"BreadcrumbList\",\"@id\":\"https:\\\/\\\/macrocolorlevante.com\\\/producto\\\/limpiador-piel-y-cuero-500ml\\\/#breadcrumb\",\"itemListElement\":[{\"@type\":\"ListItem\",\"position\":1,\"name\":\"Portada\",\"item\":\"https:\\\/\\\/macrocolorlevante.com\\\/\"},{\"@type\":\"ListItem\",\"position\":2,\"name\":\"Productos\",\"item\":\"https:\\\/\\\/macrocolorlevante.com\\\/shop\\\/\"},{\"@type\":\"ListItem\",\"position\":3,\"name\":\"Limpiador piel y cuero 500ml\"}]},{\"@type\":\"WebSite\",\"@id\":\"https:\\\/\\\/macrocolorlevante.com\\\/#website\",\"url\":\"https:\\\/\\\/macrocolorlevante.com\\\/\",\"name\":\"Macrocolor\",\"description\":\"\",\"potentialAction\":[{\"@type\":\"SearchAction\",\"target\":{\"@type\":\"EntryPoint\",\"urlTemplate\":\"https:\\\/\\\/macrocolorlevante.com\\\/?s={search_term_string}\"},\"query-input\":{\"@type\":\"PropertyValueSpecification\",\"valueRequired\":true,\"valueName\":\"search_term_string\"}}],\"inLanguage\":\"en-US\"}]}<\/script>\n<!-- \/ Yoast SEO plugin. -->","yoast_head_json":{"title":"Limpiador piel y cuero 500ml - Macrocolor","robots":{"index":"index","follow":"follow","max-snippet":"max-snippet:-1","max-image-preview":"max-image-preview:large","max-video-preview":"max-video-preview:-1"},"canonical":"https:\/\/macrocolorlevante.com\/en\/producto\/limpiador-piel-y-cuero-500ml\/","og_locale":"en_US","og_type":"article","og_title":"Limpiador piel y cuero 500ml - Macrocolor","og_description":"CONSULTA TUS DESCUENTOS POR V\u00cdA MAIL O TEL\u00c9FONO","og_url":"https:\/\/macrocolorlevante.com\/en\/producto\/limpiador-piel-y-cuero-500ml\/","og_site_name":"Macrocolor","article_modified_time":"2025-09-03T21:16:50+00:00","og_image":[{"width":1220,"height":915,"url":"https:\/\/macrocolorlevante.com\/wp-content\/uploads\/2024\/10\/100791.jpg","type":"image\/jpeg"}],"twitter_card":"summary_large_image","twitter_misc":{"Est. reading time":"1 minute"},"schema":{"@context":"https:\/\/schema.org","@graph":[{"@type":"WebPage","@id":"https:\/\/macrocolorlevante.com\/producto\/limpiador-piel-y-cuero-500ml\/","url":"https:\/\/macrocolorlevante.com\/producto\/limpiador-piel-y-cuero-500ml\/","name":"Limpiador piel y cuero 500ml - Macrocolor","isPartOf":{"@id":"https:\/\/macrocolorlevante.com\/#website"},"primaryImageOfPage":{"@id":"https:\/\/macrocolorlevante.com\/producto\/limpiador-piel-y-cuero-500ml\/#primaryimage"},"image":{"@id":"https:\/\/macrocolorlevante.com\/producto\/limpiador-piel-y-cuero-500ml\/#primaryimage"},"thumbnailUrl":"https:\/\/macrocolorlevante.com\/wp-content\/uploads\/2024\/10\/100791.jpg","datePublished":"2024-10-12T20:54:57+00:00","dateModified":"2025-09-03T21:16:50+00:00","breadcrumb":{"@id":"https:\/\/macrocolorlevante.com\/producto\/limpiador-piel-y-cuero-500ml\/#breadcrumb"},"inLanguage":"en-US","potentialAction":[{"@type":"ReadAction","target":["https:\/\/macrocolorlevante.com\/producto\/limpiador-piel-y-cuero-500ml\/"]}]},{"@type":"ImageObject","inLanguage":"en-US","@id":"https:\/\/macrocolorlevante.com\/producto\/limpiador-piel-y-cuero-500ml\/#primaryimage","url":"https:\/\/macrocolorlevante.com\/wp-content\/uploads\/2024\/10\/100791.jpg","contentUrl":"https:\/\/macrocolorlevante.com\/wp-content\/uploads\/2024\/10\/100791.jpg","width":1220,"height":915},{"@type":"BreadcrumbList","@id":"https:\/\/macrocolorlevante.com\/producto\/limpiador-piel-y-cuero-500ml\/#breadcrumb","itemListElement":[{"@type":"ListItem","position":1,"name":"Portada","item":"https:\/\/macrocolorlevante.com\/"},{"@type":"ListItem","position":2,"name":"Productos","item":"https:\/\/macrocolorlevante.com\/shop\/"},{"@type":"ListItem","position":3,"name":"Limpiador piel y cuero 500ml"}]},{"@type":"WebSite","@id":"https:\/\/macrocolorlevante.com\/#website","url":"https:\/\/macrocolorlevante.com\/","name":"Macrocolor","description":"","potentialAction":[{"@type":"SearchAction","target":{"@type":"EntryPoint","urlTemplate":"https:\/\/macrocolorlevante.com\/?s={search_term_string}"},"query-input":{"@type":"PropertyValueSpecification","valueRequired":true,"valueName":"search_term_string"}}],"inLanguage":"en-US"}]}},"_links":{"self":[{"href":"https:\/\/macrocolorlevante.com\/en\/wp-json\/wp\/v2\/product\/1428","targetHints":{"allow":["GET"]}}],"collection":[{"href":"https:\/\/macrocolorlevante.com\/en\/wp-json\/wp\/v2\/product"}],"about":[{"href":"https:\/\/macrocolorlevante.com\/en\/wp-json\/wp\/v2\/types\/product"}],"replies":[{"embeddable":true,"href":"https:\/\/macrocolorlevante.com\/en\/wp-json\/wp\/v2\/comments?post=1428"}],"wp:featuredmedia":[{"embeddable":true,"href":"https:\/\/macrocolorlevante.com\/en\/wp-json\/wp\/v2\/media\/1429"}],"wp:attachment":[{"href":"https:\/\/macrocolorlevante.com\/en\/wp-json\/wp\/v2\/media?parent=1428"}],"wp:term":[{"taxonomy":"product_brand","embeddable":true,"href":"https:\/\/macrocolorlevante.com\/en\/wp-json\/wp\/v2\/product_brand?post=1428"},{"taxonomy":"product_cat","embeddable":true,"href":"https:\/\/macrocolorlevante.com\/en\/wp-json\/wp\/v2\/product_cat?post=1428"},{"taxonomy":"product_tag","embeddable":true,"href":"https:\/\/macrocolorlevante.com\/en\/wp-json\/wp\/v2\/product_tag?post=1428"}],"curies":[{"name":"wp","href":"https:\/\/api.w.org\/{rel}","templated":true}]}}