{"id":1424,"date":"2024-10-12T20:47:20","date_gmt":"2024-10-12T20:47:20","guid":{"rendered":"https:\/\/macrocolorlevante.com\/?post_type=product&#038;p=1424"},"modified":"2025-09-03T20:34:02","modified_gmt":"2025-09-03T20:34:02","slug":"cera-abrillantadora","status":"publish","type":"product","link":"https:\/\/macrocolorlevante.com\/en\/product\/cera-abrillantadora\/","title":{"rendered":"Cera Abrillantadora"},"content":{"rendered":"<p>Excelente producto para crear una brillante y resistente capa protectora en el exterior del veh\u00edculo. Fijaci\u00f3n, protecci\u00f3n y limpieza. Con un uso regular se mantendr\u00e1 el exterior en perfecto estado, gracias al efecto sellado que aporta m\u00e1s durabilidad del brillo.<\/p>\n<p>Modo de empleo: Poner una cantidad razonable de producto sobre la una Gasa de Pulido Autoglym (Perfect Polishing Cloth) y aplicar haciendo peque\u00f1os c\u00edrculos sobre la carrocer\u00eda. Repetir hasta terminar toda la superficie. Esperar unos 15 minutos para su correcto secado y retirar, tambi\u00e9n realizando peque\u00f1os c\u00edrculos, usando la Bayeta de acabado High-Tech.<\/p>","protected":false},"excerpt":{"rendered":"<p>Excelente producto para crear una brillante y resistente capa protectora en el exterior del veh\u00edculo. Fijaci\u00f3n, protecci\u00f3n y limpieza. Con un uso regular se mantendr\u00e1 el exterior en perfecto estado, gracias al efecto sellado que aporta m\u00e1s durabilidad del brillo. Modo de empleo: Poner una cantidad razonable de producto sobre la una Gasa de Pulido Autoglym (Perfect Polishing Cloth) y aplicar haciendo peque\u00f1os c\u00edrculos sobre la carrocer\u00eda. Repetir hasta terminar toda la superficie. Esperar unos 15 minutos para su correcto secado y retirar, tambi\u00e9n realizando peque\u00f1os c\u00edrculos, usando la Bayeta de acabado High-Tech.<\/p>","protected":false},"featured_media":1425,"comment_status":"closed","ping_status":"closed","template":"","meta":[],"product_brand":[57],"product_cat":[60],"product_tag":[],"class_list":{"0":"post-1424","1":"product","2":"type-product","3":"status-publish","4":"has-post-thumbnail","6":"product_brand-autoglym","7":"product_cat-limpieza-y-abrillantado","9":"first","10":"instock","11":"shipping-taxable","12":"purchasable","13":"product-type-simple"},"yoast_head":"<!-- This site is optimized with the Yoast SEO plugin v23.1 - https:\/\/yoast.com\/wordpress\/plugins\/seo\/ -->\n<title>Cera Abrillantadora - Macrocolor<\/title>\n<meta name=\"robots\" content=\"index, follow, max-snippet:-1, max-image-preview:large, max-video-preview:-1\" \/>\n<link rel=\"canonical\" href=\"https:\/\/macrocolorlevante.com\/en\/producto\/cera-abrillantadora\/\" \/>\n<meta property=\"og:locale\" content=\"en_US\" \/>\n<meta property=\"og:type\" content=\"article\" \/>\n<meta property=\"og:title\" content=\"Cera Abrillantadora - Macrocolor\" \/>\n<meta property=\"og:description\" content=\"Excelente producto para crear una brillante y resistente capa protectora en el exterior del veh\u00edculo. Fijaci\u00f3n, protecci\u00f3n y limpieza. Con un uso regular se mantendr\u00e1 el exterior en perfecto estado, gracias al efecto sellado que aporta m\u00e1s durabilidad del brillo. Modo de empleo: Poner una cantidad razonable de producto sobre la una Gasa de Pulido Autoglym (Perfect Polishing Cloth) y aplicar haciendo peque\u00f1os c\u00edrculos sobre la carrocer\u00eda. Repetir hasta terminar toda la superficie. Esperar unos 15 minutos para su correcto secado y retirar, tambi\u00e9n realizando peque\u00f1os c\u00edrculos, usando la Bayeta de acabado High-Tech.\" \/>\n<meta property=\"og:url\" content=\"https:\/\/macrocolorlevante.com\/en\/producto\/cera-abrillantadora\/\" \/>\n<meta property=\"og:site_name\" content=\"Macrocolor\" \/>\n<meta property=\"article:modified_time\" content=\"2025-09-03T20:34:02+00:00\" \/>\n<meta property=\"og:image\" content=\"https:\/\/macrocolorlevante.com\/wp-content\/uploads\/2024\/10\/410Wgm6lRRL._SY450_.jpg\" \/>\n\t<meta property=\"og:image:width\" content=\"1220\" \/>\n\t<meta property=\"og:image:height\" content=\"915\" \/>\n\t<meta property=\"og:image:type\" content=\"image\/jpeg\" \/>\n<meta name=\"twitter:card\" content=\"summary_large_image\" \/>\n<meta name=\"twitter:label1\" content=\"Est. reading time\" \/>\n\t<meta name=\"twitter:data1\" content=\"1 minute\" \/>\n<script type=\"application\/ld+json\" class=\"yoast-schema-graph\">{\"@context\":\"https:\/\/schema.org\",\"@graph\":[{\"@type\":\"WebPage\",\"@id\":\"https:\/\/macrocolorlevante.com\/producto\/cera-abrillantadora\/\",\"url\":\"https:\/\/macrocolorlevante.com\/producto\/cera-abrillantadora\/\",\"name\":\"Cera Abrillantadora - Macrocolor\",\"isPartOf\":{\"@id\":\"https:\/\/macrocolorlevante.com\/#website\"},\"primaryImageOfPage\":{\"@id\":\"https:\/\/macrocolorlevante.com\/producto\/cera-abrillantadora\/#primaryimage\"},\"image\":{\"@id\":\"https:\/\/macrocolorlevante.com\/producto\/cera-abrillantadora\/#primaryimage\"},\"thumbnailUrl\":\"https:\/\/macrocolorlevante.com\/wp-content\/uploads\/2024\/10\/410Wgm6lRRL._SY450_.jpg\",\"datePublished\":\"2024-10-12T20:47:20+00:00\",\"dateModified\":\"2025-09-03T20:34:02+00:00\",\"breadcrumb\":{\"@id\":\"https:\/\/macrocolorlevante.com\/producto\/cera-abrillantadora\/#breadcrumb\"},\"inLanguage\":\"en-US\",\"potentialAction\":[{\"@type\":\"ReadAction\",\"target\":[\"https:\/\/macrocolorlevante.com\/producto\/cera-abrillantadora\/\"]}]},{\"@type\":\"ImageObject\",\"inLanguage\":\"en-US\",\"@id\":\"https:\/\/macrocolorlevante.com\/producto\/cera-abrillantadora\/#primaryimage\",\"url\":\"https:\/\/macrocolorlevante.com\/wp-content\/uploads\/2024\/10\/410Wgm6lRRL._SY450_.jpg\",\"contentUrl\":\"https:\/\/macrocolorlevante.com\/wp-content\/uploads\/2024\/10\/410Wgm6lRRL._SY450_.jpg\",\"width\":1220,\"height\":915},{\"@type\":\"BreadcrumbList\",\"@id\":\"https:\/\/macrocolorlevante.com\/producto\/cera-abrillantadora\/#breadcrumb\",\"itemListElement\":[{\"@type\":\"ListItem\",\"position\":1,\"name\":\"Portada\",\"item\":\"https:\/\/macrocolorlevante.com\/\"},{\"@type\":\"ListItem\",\"position\":2,\"name\":\"Productos\",\"item\":\"https:\/\/macrocolorlevante.com\/shop\/\"},{\"@type\":\"ListItem\",\"position\":3,\"name\":\"Cera Abrillantadora\"}]},{\"@type\":\"WebSite\",\"@id\":\"https:\/\/macrocolorlevante.com\/#website\",\"url\":\"https:\/\/macrocolorlevante.com\/\",\"name\":\"Macrocolor\",\"description\":\"\",\"potentialAction\":[{\"@type\":\"SearchAction\",\"target\":{\"@type\":\"EntryPoint\",\"urlTemplate\":\"https:\/\/macrocolorlevante.com\/?s={search_term_string}\"},\"query-input\":\"required name=search_term_string\"}],\"inLanguage\":\"en-US\"}]}<\/script>\n<!-- \/ Yoast SEO plugin. -->","yoast_head_json":{"title":"Cera Abrillantadora - Macrocolor","robots":{"index":"index","follow":"follow","max-snippet":"max-snippet:-1","max-image-preview":"max-image-preview:large","max-video-preview":"max-video-preview:-1"},"canonical":"https:\/\/macrocolorlevante.com\/en\/producto\/cera-abrillantadora\/","og_locale":"en_US","og_type":"article","og_title":"Cera Abrillantadora - Macrocolor","og_description":"Excelente producto para crear una brillante y resistente capa protectora en el exterior del veh\u00edculo. Fijaci\u00f3n, protecci\u00f3n y limpieza. Con un uso regular se mantendr\u00e1 el exterior en perfecto estado, gracias al efecto sellado que aporta m\u00e1s durabilidad del brillo. Modo de empleo: Poner una cantidad razonable de producto sobre la una Gasa de Pulido Autoglym (Perfect Polishing Cloth) y aplicar haciendo peque\u00f1os c\u00edrculos sobre la carrocer\u00eda. Repetir hasta terminar toda la superficie. Esperar unos 15 minutos para su correcto secado y retirar, tambi\u00e9n realizando peque\u00f1os c\u00edrculos, usando la Bayeta de acabado High-Tech.","og_url":"https:\/\/macrocolorlevante.com\/en\/producto\/cera-abrillantadora\/","og_site_name":"Macrocolor","article_modified_time":"2025-09-03T20:34:02+00:00","og_image":[{"width":1220,"height":915,"url":"https:\/\/macrocolorlevante.com\/wp-content\/uploads\/2024\/10\/410Wgm6lRRL._SY450_.jpg","type":"image\/jpeg"}],"twitter_card":"summary_large_image","twitter_misc":{"Est. reading time":"1 minute"},"schema":{"@context":"https:\/\/schema.org","@graph":[{"@type":"WebPage","@id":"https:\/\/macrocolorlevante.com\/producto\/cera-abrillantadora\/","url":"https:\/\/macrocolorlevante.com\/producto\/cera-abrillantadora\/","name":"Cera Abrillantadora - Macrocolor","isPartOf":{"@id":"https:\/\/macrocolorlevante.com\/#website"},"primaryImageOfPage":{"@id":"https:\/\/macrocolorlevante.com\/producto\/cera-abrillantadora\/#primaryimage"},"image":{"@id":"https:\/\/macrocolorlevante.com\/producto\/cera-abrillantadora\/#primaryimage"},"thumbnailUrl":"https:\/\/macrocolorlevante.com\/wp-content\/uploads\/2024\/10\/410Wgm6lRRL._SY450_.jpg","datePublished":"2024-10-12T20:47:20+00:00","dateModified":"2025-09-03T20:34:02+00:00","breadcrumb":{"@id":"https:\/\/macrocolorlevante.com\/producto\/cera-abrillantadora\/#breadcrumb"},"inLanguage":"en-US","potentialAction":[{"@type":"ReadAction","target":["https:\/\/macrocolorlevante.com\/producto\/cera-abrillantadora\/"]}]},{"@type":"ImageObject","inLanguage":"en-US","@id":"https:\/\/macrocolorlevante.com\/producto\/cera-abrillantadora\/#primaryimage","url":"https:\/\/macrocolorlevante.com\/wp-content\/uploads\/2024\/10\/410Wgm6lRRL._SY450_.jpg","contentUrl":"https:\/\/macrocolorlevante.com\/wp-content\/uploads\/2024\/10\/410Wgm6lRRL._SY450_.jpg","width":1220,"height":915},{"@type":"BreadcrumbList","@id":"https:\/\/macrocolorlevante.com\/producto\/cera-abrillantadora\/#breadcrumb","itemListElement":[{"@type":"ListItem","position":1,"name":"Portada","item":"https:\/\/macrocolorlevante.com\/"},{"@type":"ListItem","position":2,"name":"Productos","item":"https:\/\/macrocolorlevante.com\/shop\/"},{"@type":"ListItem","position":3,"name":"Cera Abrillantadora"}]},{"@type":"WebSite","@id":"https:\/\/macrocolorlevante.com\/#website","url":"https:\/\/macrocolorlevante.com\/","name":"Macrocolor","description":"","potentialAction":[{"@type":"SearchAction","target":{"@type":"EntryPoint","urlTemplate":"https:\/\/macrocolorlevante.com\/?s={search_term_string}"},"query-input":"required name=search_term_string"}],"inLanguage":"en-US"}]}},"_links":{"self":[{"href":"https:\/\/macrocolorlevante.com\/en\/wp-json\/wp\/v2\/product\/1424","targetHints":{"allow":["GET"]}}],"collection":[{"href":"https:\/\/macrocolorlevante.com\/en\/wp-json\/wp\/v2\/product"}],"about":[{"href":"https:\/\/macrocolorlevante.com\/en\/wp-json\/wp\/v2\/types\/product"}],"replies":[{"embeddable":true,"href":"https:\/\/macrocolorlevante.com\/en\/wp-json\/wp\/v2\/comments?post=1424"}],"wp:featuredmedia":[{"embeddable":true,"href":"https:\/\/macrocolorlevante.com\/en\/wp-json\/wp\/v2\/media\/1425"}],"wp:attachment":[{"href":"https:\/\/macrocolorlevante.com\/en\/wp-json\/wp\/v2\/media?parent=1424"}],"wp:term":[{"taxonomy":"product_brand","embeddable":true,"href":"https:\/\/macrocolorlevante.com\/en\/wp-json\/wp\/v2\/product_brand?post=1424"},{"taxonomy":"product_cat","embeddable":true,"href":"https:\/\/macrocolorlevante.com\/en\/wp-json\/wp\/v2\/product_cat?post=1424"},{"taxonomy":"product_tag","embeddable":true,"href":"https:\/\/macrocolorlevante.com\/en\/wp-json\/wp\/v2\/product_tag?post=1424"}],"curies":[{"name":"wp","href":"https:\/\/api.w.org\/{rel}","templated":true}]}}