{"id":1408,"date":"2024-10-12T20:27:54","date_gmt":"2024-10-12T20:27:54","guid":{"rendered":"https:\/\/macrocolorlevante.com\/?post_type=product&#038;p=1408"},"modified":"2025-09-03T20:32:02","modified_gmt":"2025-09-03T20:32:02","slug":"eliminador-de-agua-hi-tech","status":"publish","type":"product","link":"https:\/\/macrocolorlevante.com\/en\/product\/eliminador-de-agua-hi-tech\/","title":{"rendered":"ELIMINADOR DE AGUA HI-TECH"},"content":{"rendered":"<p>Eficaz eliminador de agua agua para veh\u00edculos.<\/p>\n<p>Muy \u00fatil en veh\u00edculos grandes con superficies planas.<\/p>\n<p>Esta escobilla de silicona de alta flexibilidad no tiene componentes duros; su uso sobre pintura u otras superficies de veh\u00edculos es totalmente seguro.<\/p>\n<p>La escobilla no provoca rayones ni marcas, siempre que se haya limpiado de manera exhaustiva.<\/p>\n<p>La hoja de silicona tiene la combinaci\u00f3n ideal de rigidez y flexibilidad necesaria para adaptarse al contorno de las superficies exteriores de los veh\u00edculo.<\/p>\n<p>Modo de empleo: Deslizar el eliminador de agua Hi-Tech sobre la superficie plana de arriba hacia abajo y dejar caer el agua al suelo. Debe usarse muy limpio y solo en superficies muy limpias y despu\u00e9s de un lavado exhaustivo.No utilizar para eliminar el agua de lluvia, pues junto con la precipitaci\u00f3n pueden haber ca\u00eddo contaminantes.<\/p>","protected":false},"excerpt":{"rendered":"<p>Eficaz eliminador de agua agua para veh\u00edculos. Muy \u00fatil en veh\u00edculos grandes con superficies planas. Esta escobilla de silicona de alta flexibilidad no tiene componentes duros; su uso sobre pintura u otras superficies de veh\u00edculos es totalmente seguro. La escobilla no provoca rayones ni marcas, siempre que se haya limpiado de manera exhaustiva. La hoja de silicona tiene la combinaci\u00f3n ideal de rigidez y flexibilidad necesaria para adaptarse al contorno de las superficies exteriores de los veh\u00edculo. Modo de empleo: Deslizar el eliminador de agua Hi-Tech sobre la superficie plana de arriba hacia abajo y dejar caer el agua al suelo. Debe usarse muy limpio y solo en superficies muy limpias y despu\u00e9s de un lavado exhaustivo.No utilizar para eliminar el agua de lluvia, pues junto con la precipitaci\u00f3n pueden haber ca\u00eddo contaminantes.<\/p>","protected":false},"featured_media":1409,"comment_status":"closed","ping_status":"closed","template":"","meta":[],"product_brand":[57],"product_cat":[59],"product_tag":[],"class_list":{"0":"post-1408","1":"product","2":"type-product","3":"status-publish","4":"has-post-thumbnail","6":"product_brand-autoglym","7":"product_cat-accesorios","9":"first","10":"instock","11":"shipping-taxable","12":"purchasable","13":"product-type-simple"},"yoast_head":"<!-- This site is optimized with the Yoast SEO plugin v23.1 - https:\/\/yoast.com\/wordpress\/plugins\/seo\/ -->\n<title>ELIMINADOR DE AGUA HI-TECH - Macrocolor<\/title>\n<meta name=\"robots\" content=\"index, follow, max-snippet:-1, max-image-preview:large, max-video-preview:-1\" \/>\n<link rel=\"canonical\" href=\"https:\/\/macrocolorlevante.com\/en\/producto\/eliminador-de-agua-hi-tech\/\" \/>\n<meta property=\"og:locale\" content=\"en_US\" \/>\n<meta property=\"og:type\" content=\"article\" \/>\n<meta property=\"og:title\" content=\"ELIMINADOR DE AGUA HI-TECH - Macrocolor\" \/>\n<meta property=\"og:description\" content=\"Eficaz eliminador de agua agua para veh\u00edculos. Muy \u00fatil en veh\u00edculos grandes con superficies planas. Esta escobilla de silicona de alta flexibilidad no tiene componentes duros; su uso sobre pintura u otras superficies de veh\u00edculos es totalmente seguro. La escobilla no provoca rayones ni marcas, siempre que se haya limpiado de manera exhaustiva. La hoja de silicona tiene la combinaci\u00f3n ideal de rigidez y flexibilidad necesaria para adaptarse al contorno de las superficies exteriores de los veh\u00edculo. Modo de empleo: Deslizar el eliminador de agua Hi-Tech sobre la superficie plana de arriba hacia abajo y dejar caer el agua al suelo. Debe usarse muy limpio y solo en superficies muy limpias y despu\u00e9s de un lavado exhaustivo.No utilizar para eliminar el agua de lluvia, pues junto con la precipitaci\u00f3n pueden haber ca\u00eddo contaminantes.\" \/>\n<meta property=\"og:url\" content=\"https:\/\/macrocolorlevante.com\/en\/producto\/eliminador-de-agua-hi-tech\/\" \/>\n<meta property=\"og:site_name\" content=\"Macrocolor\" \/>\n<meta property=\"article:modified_time\" content=\"2025-09-03T20:32:02+00:00\" \/>\n<meta property=\"og:image\" content=\"https:\/\/macrocolorlevante.com\/wp-content\/uploads\/2024\/10\/101105.jpg\" \/>\n\t<meta property=\"og:image:width\" content=\"1220\" \/>\n\t<meta property=\"og:image:height\" content=\"915\" \/>\n\t<meta property=\"og:image:type\" content=\"image\/jpeg\" \/>\n<meta name=\"twitter:card\" content=\"summary_large_image\" \/>\n<meta name=\"twitter:label1\" content=\"Est. reading time\" \/>\n\t<meta name=\"twitter:data1\" content=\"1 minute\" \/>\n<script type=\"application\/ld+json\" class=\"yoast-schema-graph\">{\"@context\":\"https:\/\/schema.org\",\"@graph\":[{\"@type\":\"WebPage\",\"@id\":\"https:\/\/macrocolorlevante.com\/producto\/eliminador-de-agua-hi-tech\/\",\"url\":\"https:\/\/macrocolorlevante.com\/producto\/eliminador-de-agua-hi-tech\/\",\"name\":\"ELIMINADOR DE AGUA HI-TECH - Macrocolor\",\"isPartOf\":{\"@id\":\"https:\/\/macrocolorlevante.com\/#website\"},\"primaryImageOfPage\":{\"@id\":\"https:\/\/macrocolorlevante.com\/producto\/eliminador-de-agua-hi-tech\/#primaryimage\"},\"image\":{\"@id\":\"https:\/\/macrocolorlevante.com\/producto\/eliminador-de-agua-hi-tech\/#primaryimage\"},\"thumbnailUrl\":\"https:\/\/macrocolorlevante.com\/wp-content\/uploads\/2024\/10\/101105.jpg\",\"datePublished\":\"2024-10-12T20:27:54+00:00\",\"dateModified\":\"2025-09-03T20:32:02+00:00\",\"breadcrumb\":{\"@id\":\"https:\/\/macrocolorlevante.com\/producto\/eliminador-de-agua-hi-tech\/#breadcrumb\"},\"inLanguage\":\"en-US\",\"potentialAction\":[{\"@type\":\"ReadAction\",\"target\":[\"https:\/\/macrocolorlevante.com\/producto\/eliminador-de-agua-hi-tech\/\"]}]},{\"@type\":\"ImageObject\",\"inLanguage\":\"en-US\",\"@id\":\"https:\/\/macrocolorlevante.com\/producto\/eliminador-de-agua-hi-tech\/#primaryimage\",\"url\":\"https:\/\/macrocolorlevante.com\/wp-content\/uploads\/2024\/10\/101105.jpg\",\"contentUrl\":\"https:\/\/macrocolorlevante.com\/wp-content\/uploads\/2024\/10\/101105.jpg\",\"width\":1220,\"height\":915},{\"@type\":\"BreadcrumbList\",\"@id\":\"https:\/\/macrocolorlevante.com\/producto\/eliminador-de-agua-hi-tech\/#breadcrumb\",\"itemListElement\":[{\"@type\":\"ListItem\",\"position\":1,\"name\":\"Portada\",\"item\":\"https:\/\/macrocolorlevante.com\/\"},{\"@type\":\"ListItem\",\"position\":2,\"name\":\"Productos\",\"item\":\"https:\/\/macrocolorlevante.com\/shop\/\"},{\"@type\":\"ListItem\",\"position\":3,\"name\":\"ELIMINADOR DE AGUA HI-TECH\"}]},{\"@type\":\"WebSite\",\"@id\":\"https:\/\/macrocolorlevante.com\/#website\",\"url\":\"https:\/\/macrocolorlevante.com\/\",\"name\":\"Macrocolor\",\"description\":\"\",\"potentialAction\":[{\"@type\":\"SearchAction\",\"target\":{\"@type\":\"EntryPoint\",\"urlTemplate\":\"https:\/\/macrocolorlevante.com\/?s={search_term_string}\"},\"query-input\":\"required name=search_term_string\"}],\"inLanguage\":\"en-US\"}]}<\/script>\n<!-- \/ Yoast SEO plugin. -->","yoast_head_json":{"title":"ELIMINADOR DE AGUA HI-TECH - Macrocolor","robots":{"index":"index","follow":"follow","max-snippet":"max-snippet:-1","max-image-preview":"max-image-preview:large","max-video-preview":"max-video-preview:-1"},"canonical":"https:\/\/macrocolorlevante.com\/en\/producto\/eliminador-de-agua-hi-tech\/","og_locale":"en_US","og_type":"article","og_title":"ELIMINADOR DE AGUA HI-TECH - Macrocolor","og_description":"Eficaz eliminador de agua agua para veh\u00edculos. Muy \u00fatil en veh\u00edculos grandes con superficies planas. Esta escobilla de silicona de alta flexibilidad no tiene componentes duros; su uso sobre pintura u otras superficies de veh\u00edculos es totalmente seguro. La escobilla no provoca rayones ni marcas, siempre que se haya limpiado de manera exhaustiva. La hoja de silicona tiene la combinaci\u00f3n ideal de rigidez y flexibilidad necesaria para adaptarse al contorno de las superficies exteriores de los veh\u00edculo. Modo de empleo: Deslizar el eliminador de agua Hi-Tech sobre la superficie plana de arriba hacia abajo y dejar caer el agua al suelo. Debe usarse muy limpio y solo en superficies muy limpias y despu\u00e9s de un lavado exhaustivo.No utilizar para eliminar el agua de lluvia, pues junto con la precipitaci\u00f3n pueden haber ca\u00eddo contaminantes.","og_url":"https:\/\/macrocolorlevante.com\/en\/producto\/eliminador-de-agua-hi-tech\/","og_site_name":"Macrocolor","article_modified_time":"2025-09-03T20:32:02+00:00","og_image":[{"width":1220,"height":915,"url":"https:\/\/macrocolorlevante.com\/wp-content\/uploads\/2024\/10\/101105.jpg","type":"image\/jpeg"}],"twitter_card":"summary_large_image","twitter_misc":{"Est. reading time":"1 minute"},"schema":{"@context":"https:\/\/schema.org","@graph":[{"@type":"WebPage","@id":"https:\/\/macrocolorlevante.com\/producto\/eliminador-de-agua-hi-tech\/","url":"https:\/\/macrocolorlevante.com\/producto\/eliminador-de-agua-hi-tech\/","name":"ELIMINADOR DE AGUA HI-TECH - Macrocolor","isPartOf":{"@id":"https:\/\/macrocolorlevante.com\/#website"},"primaryImageOfPage":{"@id":"https:\/\/macrocolorlevante.com\/producto\/eliminador-de-agua-hi-tech\/#primaryimage"},"image":{"@id":"https:\/\/macrocolorlevante.com\/producto\/eliminador-de-agua-hi-tech\/#primaryimage"},"thumbnailUrl":"https:\/\/macrocolorlevante.com\/wp-content\/uploads\/2024\/10\/101105.jpg","datePublished":"2024-10-12T20:27:54+00:00","dateModified":"2025-09-03T20:32:02+00:00","breadcrumb":{"@id":"https:\/\/macrocolorlevante.com\/producto\/eliminador-de-agua-hi-tech\/#breadcrumb"},"inLanguage":"en-US","potentialAction":[{"@type":"ReadAction","target":["https:\/\/macrocolorlevante.com\/producto\/eliminador-de-agua-hi-tech\/"]}]},{"@type":"ImageObject","inLanguage":"en-US","@id":"https:\/\/macrocolorlevante.com\/producto\/eliminador-de-agua-hi-tech\/#primaryimage","url":"https:\/\/macrocolorlevante.com\/wp-content\/uploads\/2024\/10\/101105.jpg","contentUrl":"https:\/\/macrocolorlevante.com\/wp-content\/uploads\/2024\/10\/101105.jpg","width":1220,"height":915},{"@type":"BreadcrumbList","@id":"https:\/\/macrocolorlevante.com\/producto\/eliminador-de-agua-hi-tech\/#breadcrumb","itemListElement":[{"@type":"ListItem","position":1,"name":"Portada","item":"https:\/\/macrocolorlevante.com\/"},{"@type":"ListItem","position":2,"name":"Productos","item":"https:\/\/macrocolorlevante.com\/shop\/"},{"@type":"ListItem","position":3,"name":"ELIMINADOR DE AGUA HI-TECH"}]},{"@type":"WebSite","@id":"https:\/\/macrocolorlevante.com\/#website","url":"https:\/\/macrocolorlevante.com\/","name":"Macrocolor","description":"","potentialAction":[{"@type":"SearchAction","target":{"@type":"EntryPoint","urlTemplate":"https:\/\/macrocolorlevante.com\/?s={search_term_string}"},"query-input":"required name=search_term_string"}],"inLanguage":"en-US"}]}},"_links":{"self":[{"href":"https:\/\/macrocolorlevante.com\/en\/wp-json\/wp\/v2\/product\/1408","targetHints":{"allow":["GET"]}}],"collection":[{"href":"https:\/\/macrocolorlevante.com\/en\/wp-json\/wp\/v2\/product"}],"about":[{"href":"https:\/\/macrocolorlevante.com\/en\/wp-json\/wp\/v2\/types\/product"}],"replies":[{"embeddable":true,"href":"https:\/\/macrocolorlevante.com\/en\/wp-json\/wp\/v2\/comments?post=1408"}],"wp:featuredmedia":[{"embeddable":true,"href":"https:\/\/macrocolorlevante.com\/en\/wp-json\/wp\/v2\/media\/1409"}],"wp:attachment":[{"href":"https:\/\/macrocolorlevante.com\/en\/wp-json\/wp\/v2\/media?parent=1408"}],"wp:term":[{"taxonomy":"product_brand","embeddable":true,"href":"https:\/\/macrocolorlevante.com\/en\/wp-json\/wp\/v2\/product_brand?post=1408"},{"taxonomy":"product_cat","embeddable":true,"href":"https:\/\/macrocolorlevante.com\/en\/wp-json\/wp\/v2\/product_cat?post=1408"},{"taxonomy":"product_tag","embeddable":true,"href":"https:\/\/macrocolorlevante.com\/en\/wp-json\/wp\/v2\/product_tag?post=1408"}],"curies":[{"name":"wp","href":"https:\/\/api.w.org\/{rel}","templated":true}]}}