{"id":646,"date":"2024-08-05T21:48:34","date_gmt":"2024-08-05T21:48:34","guid":{"rendered":"https:\/\/macrocolorlevante.com\/?page_id=646"},"modified":"2024-10-12T23:15:41","modified_gmt":"2024-10-12T23:15:41","slug":"accesibilidad","status":"publish","type":"page","link":"https:\/\/macrocolorlevante.com\/en\/accesibilidad\/","title":{"rendered":"Accesibilidad"},"content":{"rendered":"<style>.elementor-646 .elementor-element.elementor-element-42330b5:not(.elementor-motion-effects-element-type-background), .elementor-646 .elementor-element.elementor-element-42330b5 > .elementor-motion-effects-container > .elementor-motion-effects-layer{background-image:url(\"https:\/\/macrocolorlevante.com\/wp-content\/uploads\/2024\/10\/26860.jpg\");background-position:bottom center;background-repeat:no-repeat;background-size:cover;}.elementor-646 .elementor-element.elementor-element-42330b5 > .elementor-background-overlay{background-color:var( --e-global-color-text );opacity:0.5;transition:background 0.3s, border-radius 0.3s, opacity 0.3s;}.elementor-646 .elementor-element.elementor-element-42330b5{transition:background 0.3s, border 0.3s, border-radius 0.3s, box-shadow 0.3s;}.elementor-646 .elementor-element.elementor-element-de69e97{--spacer-size:120px;}.elementor-widget-heading .elementor-heading-title{font-family:var( --e-global-typography-primary-font-family ), Sans-serif;font-weight:var( --e-global-typography-primary-font-weight );color:var( --e-global-color-primary );}.elementor-646 .elementor-element.elementor-element-cf6f226{text-align:center;}.elementor-646 .elementor-element.elementor-element-cf6f226 .elementor-heading-title{font-family:var( --e-global-typography-ecece4a-font-family ), Sans-serif;font-size:var( --e-global-typography-ecece4a-font-size );font-weight:var( --e-global-typography-ecece4a-font-weight );line-height:var( --e-global-typography-ecece4a-line-height );text-shadow:0px 0px 10px rgba(0,0,0,0.3);color:#FFFFFF;}.elementor-widget-icon-list .elementor-icon-list-item:not(:last-child):after{border-color:var( --e-global-color-text );}.elementor-widget-icon-list .elementor-icon-list-icon i{color:var( --e-global-color-primary );}.elementor-widget-icon-list .elementor-icon-list-icon svg{fill:var( --e-global-color-primary );}.elementor-widget-icon-list .elementor-icon-list-item > .elementor-icon-list-text, .elementor-widget-icon-list .elementor-icon-list-item > a{font-family:var( --e-global-typography-text-font-family ), Sans-serif;font-weight:var( --e-global-typography-text-font-weight );}.elementor-widget-icon-list .elementor-icon-list-text{color:var( --e-global-color-secondary );}.elementor-646 .elementor-element.elementor-element-3067ea4 .elementor-icon-list-icon i{transition:color 0.3s;}.elementor-646 .elementor-element.elementor-element-3067ea4 .elementor-icon-list-icon svg{transition:fill 0.3s;}.elementor-646 .elementor-element.elementor-element-3067ea4{--e-icon-list-icon-size:14px;--icon-vertical-offset:0px;}.elementor-646 .elementor-element.elementor-element-3067ea4 .elementor-icon-list-item > .elementor-icon-list-text, .elementor-646 .elementor-element.elementor-element-3067ea4 .elementor-icon-list-item > a{font-family:\"Montserrat\", Sans-serif;font-size:16px;font-weight:400;text-decoration:none;}.elementor-646 .elementor-element.elementor-element-3067ea4 .elementor-icon-list-text{color:#FFFFFF;transition:color 0.3s;}.elementor-646 .elementor-element.elementor-element-1f9af5c{--spacer-size:100px;}.elementor-646 .elementor-element.elementor-element-0ef32c6{--spacer-size:50px;}.elementor-widget-text-editor{font-family:var( --e-global-typography-text-font-family ), Sans-serif;font-weight:var( --e-global-typography-text-font-weight );color:var( --e-global-color-text );}.elementor-widget-text-editor.elementor-drop-cap-view-stacked .elementor-drop-cap{background-color:var( --e-global-color-primary );}.elementor-widget-text-editor.elementor-drop-cap-view-framed .elementor-drop-cap, .elementor-widget-text-editor.elementor-drop-cap-view-default .elementor-drop-cap{color:var( --e-global-color-primary );border-color:var( --e-global-color-primary );}.elementor-646 .elementor-element.elementor-element-417adcc{font-family:var( --e-global-typography-76f6076-font-family ), Sans-serif;font-size:var( --e-global-typography-76f6076-font-size );font-weight:var( --e-global-typography-76f6076-font-weight );line-height:var( --e-global-typography-76f6076-line-height );}.elementor-646 .elementor-element.elementor-element-582a15f{--spacer-size:50px;}:root{--page-title-display:none;}@media(min-width:1025px){.elementor-646 .elementor-element.elementor-element-42330b5:not(.elementor-motion-effects-element-type-background), .elementor-646 .elementor-element.elementor-element-42330b5 > .elementor-motion-effects-container > .elementor-motion-effects-layer{background-attachment:fixed;}}@media(max-width:1024px){.elementor-646 .elementor-element.elementor-element-42330b5{padding:0px 30px 0px 30px;}.elementor-646 .elementor-element.elementor-element-de69e97{--spacer-size:80px;}.elementor-646 .elementor-element.elementor-element-cf6f226 .elementor-heading-title{font-size:var( --e-global-typography-ecece4a-font-size );line-height:var( --e-global-typography-ecece4a-line-height );}.elementor-646 .elementor-element.elementor-element-1f9af5c{--spacer-size:60px;}.elementor-646 .elementor-element.elementor-element-0ef32c6{--spacer-size:30px;}.elementor-646 .elementor-element.elementor-element-0a42ad9{padding:0px 30px 0px 30px;}.elementor-646 .elementor-element.elementor-element-417adcc{font-size:var( --e-global-typography-76f6076-font-size );line-height:var( --e-global-typography-76f6076-line-height );}.elementor-646 .elementor-element.elementor-element-582a15f{--spacer-size:30px;}}@media(max-width:767px){.elementor-646 .elementor-element.elementor-element-de69e97{--spacer-size:90px;}.elementor-646 .elementor-element.elementor-element-cf6f226 .elementor-heading-title{font-size:var( --e-global-typography-ecece4a-font-size );line-height:var( --e-global-typography-ecece4a-line-height );}.elementor-646 .elementor-element.elementor-element-1f9af5c{--spacer-size:30px;}.elementor-646 .elementor-element.elementor-element-417adcc{font-size:var( --e-global-typography-76f6076-font-size );line-height:var( --e-global-typography-76f6076-line-height );}}<\/style>\t\t<div data-elementor-type=\"wp-page\" data-elementor-id=\"646\" class=\"elementor elementor-646\">\n\t\t\t\t\t\t<section class=\"elementor-section elementor-top-section elementor-element elementor-element-42330b5 elementor-section-boxed elementor-section-height-default elementor-section-height-default wpr-particle-no wpr-jarallax-no wpr-parallax-no wpr-sticky-section-no\" data-id=\"42330b5\" data-element_type=\"section\" data-settings=\"{&quot;background_background&quot;:&quot;classic&quot;}\">\n\t\t\t\t\t\t\t<div class=\"elementor-background-overlay\"><\/div>\n\t\t\t\t\t\t\t<div class=\"elementor-container elementor-column-gap-default\">\n\t\t\t\t\t<div class=\"elementor-column elementor-col-100 elementor-top-column elementor-element elementor-element-226048f\" data-id=\"226048f\" data-element_type=\"column\">\n\t\t\t<div class=\"elementor-widget-wrap elementor-element-populated\">\n\t\t\t\t\t\t<div class=\"elementor-element elementor-element-de69e97 elementor-widget elementor-widget-spacer\" data-id=\"de69e97\" data-element_type=\"widget\" data-widget_type=\"spacer.default\">\n\t\t\t\t<div class=\"elementor-widget-container\">\n\t\t\t\t\t\t\t<div class=\"elementor-spacer\">\n\t\t\t<div class=\"elementor-spacer-inner\"><\/div>\n\t\t<\/div>\n\t\t\t\t\t\t<\/div>\n\t\t\t\t<\/div>\n\t\t\t\t<div class=\"elementor-element elementor-element-cf6f226 elementor-widget elementor-widget-heading\" data-id=\"cf6f226\" data-element_type=\"widget\" data-widget_type=\"heading.default\">\n\t\t\t\t<div class=\"elementor-widget-container\">\n\t\t\t\t\t<h2 class=\"elementor-heading-title elementor-size-default\">Accesibilidad<\/h2>\t\t\t\t<\/div>\n\t\t\t\t<\/div>\n\t\t\t\t<div class=\"elementor-element elementor-element-3067ea4 elementor-icon-list--layout-inline elementor-align-center elementor-list-item-link-full_width elementor-widget elementor-widget-icon-list\" data-id=\"3067ea4\" data-element_type=\"widget\" data-widget_type=\"icon-list.default\">\n\t\t\t\t<div class=\"elementor-widget-container\">\n\t\t\t\t\t\t\t<ul class=\"elementor-icon-list-items elementor-inline-items\">\n\t\t\t\t\t\t\t<li class=\"elementor-icon-list-item elementor-inline-item\">\n\t\t\t\t\t\t\t\t\t\t\t<a href=\"https:\/\/macrocolorlevante.com\/en\/\">\n\n\t\t\t\t\t\t\t\t\t\t\t<span class=\"elementor-icon-list-text\">Inicio<\/span>\n\t\t\t\t\t\t\t\t\t\t\t<\/a>\n\t\t\t\t\t\t\t\t\t<\/li>\n\t\t\t\t\t\t\t\t<li class=\"elementor-icon-list-item elementor-inline-item\">\n\t\t\t\t\t\t\t\t\t\t<span class=\"elementor-icon-list-text\">\/<\/span>\n\t\t\t\t\t\t\t\t\t<\/li>\n\t\t\t\t\t\t\t\t<li class=\"elementor-icon-list-item elementor-inline-item\">\n\t\t\t\t\t\t\t\t\t\t<span class=\"elementor-icon-list-text\">Accesibilidad<\/span>\n\t\t\t\t\t\t\t\t\t<\/li>\n\t\t\t\t\t\t<\/ul>\n\t\t\t\t\t\t<\/div>\n\t\t\t\t<\/div>\n\t\t\t\t<div class=\"elementor-element elementor-element-1f9af5c elementor-widget elementor-widget-spacer\" data-id=\"1f9af5c\" data-element_type=\"widget\" data-widget_type=\"spacer.default\">\n\t\t\t\t<div class=\"elementor-widget-container\">\n\t\t\t\t\t\t\t<div class=\"elementor-spacer\">\n\t\t\t<div class=\"elementor-spacer-inner\"><\/div>\n\t\t<\/div>\n\t\t\t\t\t\t<\/div>\n\t\t\t\t<\/div>\n\t\t\t\t\t<\/div>\n\t\t<\/div>\n\t\t\t\t\t<\/div>\n\t\t<\/section>\n\t\t\t\t<section class=\"elementor-section elementor-top-section elementor-element elementor-element-7bbe87f elementor-section-boxed elementor-section-height-default elementor-section-height-default wpr-particle-no wpr-jarallax-no wpr-parallax-no wpr-sticky-section-no\" data-id=\"7bbe87f\" data-element_type=\"section\">\n\t\t\t\t\t\t<div class=\"elementor-container elementor-column-gap-default\">\n\t\t\t\t\t<div class=\"elementor-column elementor-col-100 elementor-top-column elementor-element elementor-element-b9cba4b\" data-id=\"b9cba4b\" data-element_type=\"column\">\n\t\t\t<div class=\"elementor-widget-wrap elementor-element-populated\">\n\t\t\t\t\t\t<div class=\"elementor-element elementor-element-0ef32c6 elementor-widget elementor-widget-spacer\" data-id=\"0ef32c6\" data-element_type=\"widget\" data-widget_type=\"spacer.default\">\n\t\t\t\t<div class=\"elementor-widget-container\">\n\t\t\t\t\t\t\t<div class=\"elementor-spacer\">\n\t\t\t<div class=\"elementor-spacer-inner\"><\/div>\n\t\t<\/div>\n\t\t\t\t\t\t<\/div>\n\t\t\t\t<\/div>\n\t\t\t\t\t<\/div>\n\t\t<\/div>\n\t\t\t\t\t<\/div>\n\t\t<\/section>\n\t\t\t\t<section class=\"elementor-section elementor-top-section elementor-element elementor-element-0a42ad9 elementor-section-boxed elementor-section-height-default elementor-section-height-default wpr-particle-no wpr-jarallax-no wpr-parallax-no wpr-sticky-section-no\" data-id=\"0a42ad9\" data-element_type=\"section\">\n\t\t\t\t\t\t<div class=\"elementor-container elementor-column-gap-default\">\n\t\t\t\t\t<div class=\"elementor-column elementor-col-100 elementor-top-column elementor-element elementor-element-3f842a8\" data-id=\"3f842a8\" data-element_type=\"column\">\n\t\t\t<div class=\"elementor-widget-wrap elementor-element-populated\">\n\t\t\t\t\t\t<div class=\"elementor-element elementor-element-417adcc elementor-widget elementor-widget-text-editor\" data-id=\"417adcc\" data-element_type=\"widget\" data-widget_type=\"text-editor.default\">\n\t\t\t\t<div class=\"elementor-widget-container\">\n\t\t\t\t\t\t\t\t\t<p>Esta es una declaraci\u00f3n de accesibilidad de Macrocolor Levante S. L.\u00a0Estado de conformidad<strong>\u00a0<a href=\"https:\/\/www.w3.org\/WAI\/standards-guidelines\/wcag\/\">Las Pautas de Accesibilidad para el Contenido Web (WCAG)<\/a><\/strong> definen los requisitos para que los dise\u00f1adores y desarrolladores mejoren la accesibilidad para las personas con discapacidades. Define tres niveles de conformidad: Nivel A, Nivel AA y Nivel AAA. Macrocolor Levante S. L. cumple parcialmente con WCAG 2.1 nivel AA. Parcialmente conforme significa que algunas partes del contenido no se ajustan completamente al est\u00e1ndar de accesibilidad. Comentario Agradecemos sus comentarios sobre la accesibilidad de Macrocolor Levante S. L..\u00a0 H\u00e1ganos saber si encuentra barreras de accesibilidad en Macrocolor Levante S. L.<\/p><pre class=\"wp-block-code\"><code> Correo electr\u00f3nico: macrocolor@macrocolorlevante.es<\/code><\/pre><p>Tratamos de responder a los comentarios dentro de 2 d\u00edas. Esta declaraci\u00f3n se cre\u00f3 el 10 de octubre de 2024 utilizando la Herramienta generadora de declaraciones de accesibilidad del W3C.<\/p>\t\t\t\t\t\t\t\t<\/div>\n\t\t\t\t<\/div>\n\t\t\t\t\t<\/div>\n\t\t<\/div>\n\t\t\t\t\t<\/div>\n\t\t<\/section>\n\t\t\t\t<section class=\"elementor-section elementor-top-section elementor-element elementor-element-cff06ee elementor-section-boxed elementor-section-height-default elementor-section-height-default wpr-particle-no wpr-jarallax-no wpr-parallax-no wpr-sticky-section-no\" data-id=\"cff06ee\" data-element_type=\"section\">\n\t\t\t\t\t\t<div class=\"elementor-container elementor-column-gap-default\">\n\t\t\t\t\t<div class=\"elementor-column elementor-col-100 elementor-top-column elementor-element elementor-element-6d91b1c\" data-id=\"6d91b1c\" data-element_type=\"column\">\n\t\t\t<div class=\"elementor-widget-wrap elementor-element-populated\">\n\t\t\t\t\t\t<div class=\"elementor-element elementor-element-582a15f elementor-widget elementor-widget-spacer\" data-id=\"582a15f\" data-element_type=\"widget\" data-widget_type=\"spacer.default\">\n\t\t\t\t<div class=\"elementor-widget-container\">\n\t\t\t\t\t\t\t<div class=\"elementor-spacer\">\n\t\t\t<div class=\"elementor-spacer-inner\"><\/div>\n\t\t<\/div>\n\t\t\t\t\t\t<\/div>\n\t\t\t\t<\/div>\n\t\t\t\t\t<\/div>\n\t\t<\/div>\n\t\t\t\t\t<\/div>\n\t\t<\/section>\n\t\t\t\t<\/div>","protected":false},"excerpt":{"rendered":"<p>Accesibilidad Inicio \/ Accesibilidad Esta es una declaraci\u00f3n de accesibilidad de Macrocolor Levante S. L.\u00a0Estado de conformidad\u00a0Las Pautas de Accesibilidad para el Contenido Web (WCAG) definen los requisitos para que los dise\u00f1adores y desarrolladores mejoren la accesibilidad para las personas con discapacidades. Define tres niveles de conformidad: Nivel A, Nivel AA y Nivel AAA. Macrocolor Levante S. L. cumple parcialmente con WCAG 2.1 nivel AA. Parcialmente conforme significa que algunas partes del contenido no se ajustan completamente al est\u00e1ndar de accesibilidad. Comentario Agradecemos sus comentarios sobre la accesibilidad de Macrocolor Levante S. L..\u00a0 H\u00e1ganos saber si encuentra barreras de accesibilidad en Macrocolor Levante S. L. Correo electr\u00f3nico: macrocolor@macrocolorlevante.es Tratamos de responder a los comentarios dentro de 2 d\u00edas. Esta declaraci\u00f3n se cre\u00f3 el 10 de octubre de 2024 utilizando la Herramienta generadora de declaraciones de accesibilidad del W3C.<\/p>","protected":false},"author":1,"featured_media":0,"parent":0,"menu_order":0,"comment_status":"closed","ping_status":"closed","template":"","meta":{"footnotes":""},"class_list":["post-646","page","type-page","status-publish","hentry"],"yoast_head":"<!-- This site is optimized with the Yoast SEO plugin v23.1 - https:\/\/yoast.com\/wordpress\/plugins\/seo\/ -->\n<title>Accesibilidad - Macrocolor<\/title>\n<meta name=\"robots\" content=\"index, follow, max-snippet:-1, max-image-preview:large, max-video-preview:-1\" \/>\n<link rel=\"canonical\" href=\"https:\/\/macrocolorlevante.com\/en\/accesibilidad\/\" \/>\n<meta property=\"og:locale\" content=\"en_US\" \/>\n<meta property=\"og:type\" content=\"article\" \/>\n<meta property=\"og:title\" content=\"Accesibilidad - Macrocolor\" \/>\n<meta property=\"og:description\" content=\"Accesibilidad Inicio \/ Accesibilidad Esta es una declaraci\u00f3n de accesibilidad de Macrocolor Levante S. L.\u00a0Estado de conformidad\u00a0Las Pautas de Accesibilidad para el Contenido Web (WCAG) definen los requisitos para que los dise\u00f1adores y desarrolladores mejoren la accesibilidad para las personas con discapacidades. Define tres niveles de conformidad: Nivel A, Nivel AA y Nivel AAA. Macrocolor Levante S. L. cumple parcialmente con WCAG 2.1 nivel AA. Parcialmente conforme significa que algunas partes del contenido no se ajustan completamente al est\u00e1ndar de accesibilidad. Comentario Agradecemos sus comentarios sobre la accesibilidad de Macrocolor Levante S. L..\u00a0 H\u00e1ganos saber si encuentra barreras de accesibilidad en Macrocolor Levante S. L. Correo electr\u00f3nico: macrocolor@macrocolorlevante.es Tratamos de responder a los comentarios dentro de 2 d\u00edas. Esta declaraci\u00f3n se cre\u00f3 el 10 de octubre de 2024 utilizando la Herramienta generadora de declaraciones de accesibilidad del W3C.\" \/>\n<meta property=\"og:url\" content=\"https:\/\/macrocolorlevante.com\/en\/accesibilidad\/\" \/>\n<meta property=\"og:site_name\" content=\"Macrocolor\" \/>\n<meta property=\"article:modified_time\" content=\"2024-10-12T23:15:41+00:00\" \/>\n<meta name=\"twitter:card\" content=\"summary_large_image\" \/>\n<meta name=\"twitter:label1\" content=\"Est. reading time\" \/>\n\t<meta name=\"twitter:data1\" content=\"1 minute\" \/>\n<script type=\"application\/ld+json\" class=\"yoast-schema-graph\">{\"@context\":\"https:\/\/schema.org\",\"@graph\":[{\"@type\":\"WebPage\",\"@id\":\"https:\/\/macrocolorlevante.com\/accesibilidad\/\",\"url\":\"https:\/\/macrocolorlevante.com\/accesibilidad\/\",\"name\":\"Accesibilidad - Macrocolor\",\"isPartOf\":{\"@id\":\"https:\/\/macrocolorlevante.com\/#website\"},\"datePublished\":\"2024-08-05T21:48:34+00:00\",\"dateModified\":\"2024-10-12T23:15:41+00:00\",\"breadcrumb\":{\"@id\":\"https:\/\/macrocolorlevante.com\/accesibilidad\/#breadcrumb\"},\"inLanguage\":\"en-US\",\"potentialAction\":[{\"@type\":\"ReadAction\",\"target\":[\"https:\/\/macrocolorlevante.com\/accesibilidad\/\"]}]},{\"@type\":\"BreadcrumbList\",\"@id\":\"https:\/\/macrocolorlevante.com\/accesibilidad\/#breadcrumb\",\"itemListElement\":[{\"@type\":\"ListItem\",\"position\":1,\"name\":\"Portada\",\"item\":\"https:\/\/macrocolorlevante.com\/\"},{\"@type\":\"ListItem\",\"position\":2,\"name\":\"Accesibilidad\"}]},{\"@type\":\"WebSite\",\"@id\":\"https:\/\/macrocolorlevante.com\/#website\",\"url\":\"https:\/\/macrocolorlevante.com\/\",\"name\":\"Macrocolor\",\"description\":\"\",\"potentialAction\":[{\"@type\":\"SearchAction\",\"target\":{\"@type\":\"EntryPoint\",\"urlTemplate\":\"https:\/\/macrocolorlevante.com\/?s={search_term_string}\"},\"query-input\":\"required name=search_term_string\"}],\"inLanguage\":\"en-US\"}]}<\/script>\n<!-- \/ Yoast SEO plugin. -->","yoast_head_json":{"title":"Accesibilidad - Macrocolor","robots":{"index":"index","follow":"follow","max-snippet":"max-snippet:-1","max-image-preview":"max-image-preview:large","max-video-preview":"max-video-preview:-1"},"canonical":"https:\/\/macrocolorlevante.com\/en\/accesibilidad\/","og_locale":"en_US","og_type":"article","og_title":"Accesibilidad - Macrocolor","og_description":"Accesibilidad Inicio \/ Accesibilidad Esta es una declaraci\u00f3n de accesibilidad de Macrocolor Levante S. L.\u00a0Estado de conformidad\u00a0Las Pautas de Accesibilidad para el Contenido Web (WCAG) definen los requisitos para que los dise\u00f1adores y desarrolladores mejoren la accesibilidad para las personas con discapacidades. Define tres niveles de conformidad: Nivel A, Nivel AA y Nivel AAA. Macrocolor Levante S. L. cumple parcialmente con WCAG 2.1 nivel AA. Parcialmente conforme significa que algunas partes del contenido no se ajustan completamente al est\u00e1ndar de accesibilidad. Comentario Agradecemos sus comentarios sobre la accesibilidad de Macrocolor Levante S. L..\u00a0 H\u00e1ganos saber si encuentra barreras de accesibilidad en Macrocolor Levante S. L. Correo electr\u00f3nico: macrocolor@macrocolorlevante.es Tratamos de responder a los comentarios dentro de 2 d\u00edas. Esta declaraci\u00f3n se cre\u00f3 el 10 de octubre de 2024 utilizando la Herramienta generadora de declaraciones de accesibilidad del W3C.","og_url":"https:\/\/macrocolorlevante.com\/en\/accesibilidad\/","og_site_name":"Macrocolor","article_modified_time":"2024-10-12T23:15:41+00:00","twitter_card":"summary_large_image","twitter_misc":{"Est. reading time":"1 minute"},"schema":{"@context":"https:\/\/schema.org","@graph":[{"@type":"WebPage","@id":"https:\/\/macrocolorlevante.com\/accesibilidad\/","url":"https:\/\/macrocolorlevante.com\/accesibilidad\/","name":"Accesibilidad - Macrocolor","isPartOf":{"@id":"https:\/\/macrocolorlevante.com\/#website"},"datePublished":"2024-08-05T21:48:34+00:00","dateModified":"2024-10-12T23:15:41+00:00","breadcrumb":{"@id":"https:\/\/macrocolorlevante.com\/accesibilidad\/#breadcrumb"},"inLanguage":"en-US","potentialAction":[{"@type":"ReadAction","target":["https:\/\/macrocolorlevante.com\/accesibilidad\/"]}]},{"@type":"BreadcrumbList","@id":"https:\/\/macrocolorlevante.com\/accesibilidad\/#breadcrumb","itemListElement":[{"@type":"ListItem","position":1,"name":"Portada","item":"https:\/\/macrocolorlevante.com\/"},{"@type":"ListItem","position":2,"name":"Accesibilidad"}]},{"@type":"WebSite","@id":"https:\/\/macrocolorlevante.com\/#website","url":"https:\/\/macrocolorlevante.com\/","name":"Macrocolor","description":"","potentialAction":[{"@type":"SearchAction","target":{"@type":"EntryPoint","urlTemplate":"https:\/\/macrocolorlevante.com\/?s={search_term_string}"},"query-input":"required name=search_term_string"}],"inLanguage":"en-US"}]}},"_links":{"self":[{"href":"https:\/\/macrocolorlevante.com\/en\/wp-json\/wp\/v2\/pages\/646","targetHints":{"allow":["GET"]}}],"collection":[{"href":"https:\/\/macrocolorlevante.com\/en\/wp-json\/wp\/v2\/pages"}],"about":[{"href":"https:\/\/macrocolorlevante.com\/en\/wp-json\/wp\/v2\/types\/page"}],"author":[{"embeddable":true,"href":"https:\/\/macrocolorlevante.com\/en\/wp-json\/wp\/v2\/users\/1"}],"replies":[{"embeddable":true,"href":"https:\/\/macrocolorlevante.com\/en\/wp-json\/wp\/v2\/comments?post=646"}],"version-history":[{"count":31,"href":"https:\/\/macrocolorlevante.com\/en\/wp-json\/wp\/v2\/pages\/646\/revisions"}],"predecessor-version":[{"id":1582,"href":"https:\/\/macrocolorlevante.com\/en\/wp-json\/wp\/v2\/pages\/646\/revisions\/1582"}],"wp:attachment":[{"href":"https:\/\/macrocolorlevante.com\/en\/wp-json\/wp\/v2\/media?parent=646"}],"curies":[{"name":"wp","href":"https:\/\/api.w.org\/{rel}","templated":true}]}}