{"id":1533,"date":"2024-10-12T22:57:51","date_gmt":"2024-10-12T22:57:51","guid":{"rendered":"https:\/\/macrocolorlevante.com\/?page_id=1533"},"modified":"2024-10-12T23:03:36","modified_gmt":"2024-10-12T23:03:36","slug":"promociones","status":"publish","type":"page","link":"https:\/\/macrocolorlevante.com\/en\/promociones\/","title":{"rendered":"Promociones"},"content":{"rendered":"<style>.elementor-1533 .elementor-element.elementor-element-b8640fd:not(.elementor-motion-effects-element-type-background), .elementor-1533 .elementor-element.elementor-element-b8640fd > .elementor-motion-effects-container > .elementor-motion-effects-layer{background-image:url(\"https:\/\/macrocolorlevante.com\/wp-content\/uploads\/2024\/10\/set-green-red-blue-liquid-splashing-dark-backdrop-scaled.jpg\");background-position:center center;background-repeat:no-repeat;background-size:cover;}.elementor-1533 .elementor-element.elementor-element-b8640fd > .elementor-background-overlay{background-color:var( --e-global-color-text );opacity:0.5;transition:background 0.3s, border-radius 0.3s, opacity 0.3s;}.elementor-1533 .elementor-element.elementor-element-b8640fd{transition:background 0.3s, border 0.3s, border-radius 0.3s, box-shadow 0.3s;}.elementor-1533 .elementor-element.elementor-element-e29ea75{--spacer-size:120px;}.elementor-widget-heading .elementor-heading-title{font-family:var( --e-global-typography-primary-font-family ), Sans-serif;font-weight:var( --e-global-typography-primary-font-weight );color:var( --e-global-color-primary );}.elementor-1533 .elementor-element.elementor-element-36215db{text-align:center;}.elementor-1533 .elementor-element.elementor-element-36215db .elementor-heading-title{font-family:var( --e-global-typography-ecece4a-font-family ), Sans-serif;font-size:var( --e-global-typography-ecece4a-font-size );font-weight:var( --e-global-typography-ecece4a-font-weight );line-height:var( --e-global-typography-ecece4a-line-height );text-shadow:0px 0px 10px rgba(0,0,0,0.3);color:#FFFFFF;}.elementor-widget-icon-list .elementor-icon-list-item:not(:last-child):after{border-color:var( --e-global-color-text );}.elementor-widget-icon-list .elementor-icon-list-icon i{color:var( --e-global-color-primary );}.elementor-widget-icon-list .elementor-icon-list-icon svg{fill:var( --e-global-color-primary );}.elementor-widget-icon-list .elementor-icon-list-item > .elementor-icon-list-text, .elementor-widget-icon-list .elementor-icon-list-item > a{font-family:var( --e-global-typography-text-font-family ), Sans-serif;font-weight:var( --e-global-typography-text-font-weight );}.elementor-widget-icon-list .elementor-icon-list-text{color:var( --e-global-color-secondary );}.elementor-1533 .elementor-element.elementor-element-9f24a0c .elementor-icon-list-icon i{transition:color 0.3s;}.elementor-1533 .elementor-element.elementor-element-9f24a0c .elementor-icon-list-icon svg{transition:fill 0.3s;}.elementor-1533 .elementor-element.elementor-element-9f24a0c{--e-icon-list-icon-size:14px;--icon-vertical-offset:0px;}.elementor-1533 .elementor-element.elementor-element-9f24a0c .elementor-icon-list-item > .elementor-icon-list-text, .elementor-1533 .elementor-element.elementor-element-9f24a0c .elementor-icon-list-item > a{font-family:\"Montserrat\", Sans-serif;font-size:16px;font-weight:400;text-decoration:none;}.elementor-1533 .elementor-element.elementor-element-9f24a0c .elementor-icon-list-text{color:#FFFFFF;transition:color 0.3s;}.elementor-1533 .elementor-element.elementor-element-8ec4804{--spacer-size:100px;}.elementor-1533 .elementor-element.elementor-element-76e91a6{--spacer-size:80px;}.elementor-widget-premium-addon-blog .premium-blog-filters-container li a.category{font-family:var( --e-global-typography-primary-font-family ), Sans-serif;font-weight:var( --e-global-typography-primary-font-weight );color:var( --e-global-color-secondary );background-color:var( --e-global-color-primary );}.elementor-widget-premium-addon-blog .premium-blog-filters-container li a.active{color:var( --e-global-color-primary );background-color:var( --e-global-color-secondary );}.elementor-widget-premium-addon-blog .premium-blog-post-link:before, .elementor-widget-premium-addon-blog .premium-blog-post-link:after{border-color:var( --e-global-color-secondary );}.elementor-widget-premium-addon-blog .premium-blog-entry-title, .elementor-widget-premium-addon-blog .premium-blog-entry-title a{font-family:var( --e-global-typography-primary-font-family ), Sans-serif;font-weight:var( --e-global-typography-primary-font-weight );}.elementor-widget-premium-addon-blog .premium-blog-entry-title a{color:var( --e-global-color-secondary );}.elementor-widget-premium-addon-blog .premium-blog-entry-title:hover a{color:var( --e-global-color-primary );}.elementor-widget-premium-addon-blog .premium-blog-cats-container a{font-family:var( --e-global-typography-secondary-font-family ), Sans-serif;font-weight:var( --e-global-typography-secondary-font-weight );}.elementor-widget-premium-addon-blog .premium-blog-meta-data{font-family:var( --e-global-typography-secondary-font-family ), Sans-serif;font-weight:var( --e-global-typography-secondary-font-weight );}.elementor-widget-premium-addon-blog .premium-blog-post-content{color:var( --e-global-color-text );}.elementor-widget-premium-addon-blog .premium-blog-post-tags-container{font-family:var( --e-global-typography-secondary-font-family ), Sans-serif;font-weight:var( --e-global-typography-secondary-font-weight );color:var( --e-global-color-secondary );}.elementor-widget-premium-addon-blog .premium-blog-pagination-container .page-numbers{color:var( --e-global-color-secondary );background-color:var( --e-global-color-primary );}.elementor-widget-premium-addon-blog .premium-blog-pagination-container .page-numbers:hover{color:var( --e-global-color-primary );background-color:var( --e-global-color-secondary );}.elementor-widget-premium-addon-blog .premium-blog-pagination-container span.current{color:var( --e-global-color-primary );background-color:var( --e-global-color-secondary );}.elementor-widget-premium-addon-blog ul.slick-dots li{color:var( --e-global-color-secondary );}.elementor-widget-premium-addon-blog ul.slick-dots li.slick-active{color:var( --e-global-color-primary );}.elementor-widget-premium-addon-blog .premium-blog-wrap .slick-arrow{color:var( --e-global-color-primary );background-color:var( --e-global-color-secondary );}.elementor-1533 .elementor-element.elementor-element-53988eb .premium-blog-post-outer-container{width:33.33%;margin-bottom:0px;padding-inline:calc( 15px\/2 );padding:0px 15px 0px 15px;}.elementor-1533 .elementor-element.elementor-element-53988eb .premium-blog-content-wrapper{text-align:start;background-color:#FFFFFF;box-shadow:0px 0px 10px 0px rgba(0, 0, 0, 0.1);}.elementor-1533 .elementor-element.elementor-element-53988eb .post-categories , .elementor-1533 .elementor-element.elementor-element-53988eb .premium-blog-post-tags-container {justify-content:start;}.elementor-1533 .elementor-element.elementor-element-53988eb > .elementor-widget-container{margin:20px 0px 0px 0px;}.elementor-1533 .elementor-element.elementor-element-53988eb .premium-blog-skin-modern .premium-blog-content-wrapper{top:-66px;}.elementor-1533 .elementor-element.elementor-element-53988eb .premium-blog-thumbnail-container img{height:300px;object-fit:cover;}.elementor-1533 .elementor-element.elementor-element-53988eb .premium-blog-wrap{margin-inline:calc( -15px\/2 );}.elementor-1533 .elementor-element.elementor-element-53988eb .premium-blog-pagination-container{text-align:end;}.elementor-1533 .elementor-element.elementor-element-53988eb .premium-blog-entry-title, .elementor-1533 .elementor-element.elementor-element-53988eb .premium-blog-entry-title a{font-family:\"Poppins\", Sans-serif;font-size:25px;font-weight:600;text-decoration:none;line-height:30px;}.elementor-1533 .elementor-element.elementor-element-53988eb .premium-blog-entry-title a{color:#000000;}.elementor-1533 .elementor-element.elementor-element-53988eb .premium-blog-entry-title:hover a{color:var( --e-global-color-secondary );}.elementor-1533 .elementor-element.elementor-element-53988eb .premium-blog-entry-title{margin-bottom:15px;}.elementor-1533 .elementor-element.elementor-element-53988eb .premium-blog-meta-data{font-family:\"Poppins\", Sans-serif;font-size:12px;font-weight:400;text-transform:capitalize;line-height:15px;}.elementor-1533 .elementor-element.elementor-element-53988eb .premium-blog-meta-data > *{color:#000000;}.elementor-1533 .elementor-element.elementor-element-53988eb .premium-blog-post-content{font-family:\"Montserrat\", Sans-serif;font-size:16px;font-weight:400;line-height:24px;color:#000000;}.elementor-1533 .elementor-element.elementor-element-53988eb .premium-blog-post-container{background-color:#00000000;padding:0px 0px 0px 0px;}:root{--page-title-display:none;}@media(max-width:1024px){.elementor-1533 .elementor-element.elementor-element-b8640fd{padding:0px 30px 0px 30px;}.elementor-1533 .elementor-element.elementor-element-e29ea75{--spacer-size:80px;}.elementor-1533 .elementor-element.elementor-element-36215db .elementor-heading-title{font-size:var( --e-global-typography-ecece4a-font-size );line-height:var( --e-global-typography-ecece4a-line-height );}.elementor-1533 .elementor-element.elementor-element-8ec4804{--spacer-size:60px;}.elementor-1533 .elementor-element.elementor-element-76e91a6{--spacer-size:30px;}.elementor-1533 .elementor-element.elementor-element-53988eb .premium-blog-post-outer-container{width:50%;}}@media(max-width:767px){.elementor-1533 .elementor-element.elementor-element-e29ea75{--spacer-size:90px;}.elementor-1533 .elementor-element.elementor-element-36215db .elementor-heading-title{font-size:var( --e-global-typography-ecece4a-font-size );line-height:var( --e-global-typography-ecece4a-line-height );}.elementor-1533 .elementor-element.elementor-element-8ec4804{--spacer-size:30px;}.elementor-1533 .elementor-element.elementor-element-53988eb .premium-blog-post-outer-container{width:100%;}.elementor-1533 .elementor-element.elementor-element-53988eb .premium-blog-skin-modern .premium-blog-content-wrapper{top:-20px;}.elementor-1533 .elementor-element.elementor-element-53988eb .premium-blog-content-wrapper{padding:30px 30px 30px 30px;}}<\/style>\t\t<div data-elementor-type=\"wp-page\" data-elementor-id=\"1533\" class=\"elementor elementor-1533\">\n\t\t\t\t\t\t<section class=\"elementor-section elementor-top-section elementor-element elementor-element-b8640fd elementor-section-boxed elementor-section-height-default elementor-section-height-default wpr-particle-no wpr-jarallax-no wpr-parallax-no wpr-sticky-section-no\" data-id=\"b8640fd\" data-element_type=\"section\" data-settings=\"{&quot;background_background&quot;:&quot;classic&quot;}\">\n\t\t\t\t\t\t\t<div class=\"elementor-background-overlay\"><\/div>\n\t\t\t\t\t\t\t<div class=\"elementor-container elementor-column-gap-default\">\n\t\t\t\t\t<div class=\"elementor-column elementor-col-100 elementor-top-column elementor-element elementor-element-f3fe072\" data-id=\"f3fe072\" data-element_type=\"column\">\n\t\t\t<div class=\"elementor-widget-wrap elementor-element-populated\">\n\t\t\t\t\t\t<div class=\"elementor-element elementor-element-e29ea75 elementor-widget elementor-widget-spacer\" data-id=\"e29ea75\" data-element_type=\"widget\" data-widget_type=\"spacer.default\">\n\t\t\t\t<div class=\"elementor-widget-container\">\n\t\t\t\t\t\t\t<div class=\"elementor-spacer\">\n\t\t\t<div class=\"elementor-spacer-inner\"><\/div>\n\t\t<\/div>\n\t\t\t\t\t\t<\/div>\n\t\t\t\t<\/div>\n\t\t\t\t<div class=\"elementor-element elementor-element-36215db elementor-widget elementor-widget-heading\" data-id=\"36215db\" data-element_type=\"widget\" data-widget_type=\"heading.default\">\n\t\t\t\t<div class=\"elementor-widget-container\">\n\t\t\t\t\t<h2 class=\"elementor-heading-title elementor-size-default\">Promociones<\/h2>\t\t\t\t<\/div>\n\t\t\t\t<\/div>\n\t\t\t\t<div class=\"elementor-element elementor-element-9f24a0c elementor-icon-list--layout-inline elementor-align-center elementor-list-item-link-full_width elementor-widget elementor-widget-icon-list\" data-id=\"9f24a0c\" data-element_type=\"widget\" data-widget_type=\"icon-list.default\">\n\t\t\t\t<div class=\"elementor-widget-container\">\n\t\t\t\t\t\t\t<ul class=\"elementor-icon-list-items elementor-inline-items\">\n\t\t\t\t\t\t\t<li class=\"elementor-icon-list-item elementor-inline-item\">\n\t\t\t\t\t\t\t\t\t\t\t<a href=\"https:\/\/macrocolorlevante.com\/en\/\">\n\n\t\t\t\t\t\t\t\t\t\t\t<span class=\"elementor-icon-list-text\">Inicio<\/span>\n\t\t\t\t\t\t\t\t\t\t\t<\/a>\n\t\t\t\t\t\t\t\t\t<\/li>\n\t\t\t\t\t\t\t\t<li class=\"elementor-icon-list-item elementor-inline-item\">\n\t\t\t\t\t\t\t\t\t\t<span class=\"elementor-icon-list-text\">\/<\/span>\n\t\t\t\t\t\t\t\t\t<\/li>\n\t\t\t\t\t\t\t\t<li class=\"elementor-icon-list-item elementor-inline-item\">\n\t\t\t\t\t\t\t\t\t\t<span class=\"elementor-icon-list-text\">Promociones<\/span>\n\t\t\t\t\t\t\t\t\t<\/li>\n\t\t\t\t\t\t<\/ul>\n\t\t\t\t\t\t<\/div>\n\t\t\t\t<\/div>\n\t\t\t\t<div class=\"elementor-element elementor-element-8ec4804 elementor-widget elementor-widget-spacer\" data-id=\"8ec4804\" data-element_type=\"widget\" data-widget_type=\"spacer.default\">\n\t\t\t\t<div class=\"elementor-widget-container\">\n\t\t\t\t\t\t\t<div class=\"elementor-spacer\">\n\t\t\t<div class=\"elementor-spacer-inner\"><\/div>\n\t\t<\/div>\n\t\t\t\t\t\t<\/div>\n\t\t\t\t<\/div>\n\t\t\t\t\t<\/div>\n\t\t<\/div>\n\t\t\t\t\t<\/div>\n\t\t<\/section>\n\t\t\t\t<section class=\"elementor-section elementor-top-section elementor-element elementor-element-dcf89a5 elementor-section-boxed elementor-section-height-default elementor-section-height-default wpr-particle-no wpr-jarallax-no wpr-parallax-no wpr-sticky-section-no\" data-id=\"dcf89a5\" data-element_type=\"section\">\n\t\t\t\t\t\t<div class=\"elementor-container elementor-column-gap-default\">\n\t\t\t\t\t<div class=\"elementor-column elementor-col-100 elementor-top-column elementor-element elementor-element-9e59b55\" data-id=\"9e59b55\" data-element_type=\"column\">\n\t\t\t<div class=\"elementor-widget-wrap elementor-element-populated\">\n\t\t\t\t\t\t<div class=\"elementor-element elementor-element-76e91a6 elementor-widget elementor-widget-spacer\" data-id=\"76e91a6\" data-element_type=\"widget\" data-widget_type=\"spacer.default\">\n\t\t\t\t<div class=\"elementor-widget-container\">\n\t\t\t\t\t\t\t<div class=\"elementor-spacer\">\n\t\t\t<div class=\"elementor-spacer-inner\"><\/div>\n\t\t<\/div>\n\t\t\t\t\t\t<\/div>\n\t\t\t\t<\/div>\n\t\t\t\t\t<\/div>\n\t\t<\/div>\n\t\t\t\t\t<\/div>\n\t\t<\/section>\n\t\t\t\t<section class=\"elementor-section elementor-top-section elementor-element elementor-element-b2f8b0a elementor-section-boxed elementor-section-height-default elementor-section-height-default wpr-particle-no wpr-jarallax-no wpr-parallax-no wpr-sticky-section-no\" data-id=\"b2f8b0a\" data-element_type=\"section\">\n\t\t\t\t\t\t<div class=\"elementor-container elementor-column-gap-default\">\n\t\t\t\t\t<div class=\"elementor-column elementor-col-100 elementor-top-column elementor-element elementor-element-3bbaf52\" data-id=\"3bbaf52\" data-element_type=\"column\">\n\t\t\t<div class=\"elementor-widget-wrap elementor-element-populated\">\n\t\t\t\t\t\t<div class=\"elementor-element elementor-element-53988eb premium-blog-align-left elementor-widget elementor-widget-premium-addon-blog\" data-id=\"53988eb\" data-element_type=\"widget\" data-settings=\"{&quot;force_height&quot;:&quot;true&quot;,&quot;premium_blog_columns_number&quot;:&quot;33.33%&quot;,&quot;premium_blog_grid&quot;:&quot;yes&quot;,&quot;premium_blog_layout&quot;:&quot;even&quot;,&quot;premium_blog_columns_number_tablet&quot;:&quot;50%&quot;,&quot;premium_blog_columns_number_mobile&quot;:&quot;100%&quot;,&quot;scroll_to_offset&quot;:&quot;yes&quot;}\" data-widget_type=\"premium-addon-blog.default\">\n\t\t\t\t<div class=\"elementor-widget-container\">\n\t\t\t\t\t\r\n\t\t\t\t<div class=\"premium-blog-wrap  premium-blog-even\" data-page=\"1533\">\r\n\t\t\t\t\t<div class=\"premium-blog-post-outer-container\" data-total=\"1\">\r\n\t\t\t<div class=\"premium-blog-post-container premium-blog-skin-modern\">\r\n\t\t\t\t\t\t\t\t\t<div class=\"premium-blog-thumb-effect-wrapper\">\r\n\t\t\t\t\t\t<div class=\"premium-blog-thumbnail-container premium-blog-zoomin-effect\">\r\n\t\t\t\t\t\t\t\t\t\t\t<a href=\"https:\/\/macrocolorlevante.com\/en\/dacoarse-250mldafine-250ml\/\" target=\"_self\">\r\n\t\t\t\t<img fetchpriority=\"high\" decoding=\"async\" width=\"1143\" height=\"1600\" src=\"https:\/\/macrocolorlevante.com\/wp-content\/uploads\/2025\/08\/9d21763a-dfbe-49aa-914f-01e80c07cf1f.jpg\" class=\"attachment-full size-full wp-image-2156\" alt=\"\" srcset=\"https:\/\/macrocolorlevante.com\/wp-content\/uploads\/2025\/08\/9d21763a-dfbe-49aa-914f-01e80c07cf1f.jpg 1143w, https:\/\/macrocolorlevante.com\/wp-content\/uploads\/2025\/08\/9d21763a-dfbe-49aa-914f-01e80c07cf1f-214x300.jpg 214w, https:\/\/macrocolorlevante.com\/wp-content\/uploads\/2025\/08\/9d21763a-dfbe-49aa-914f-01e80c07cf1f-732x1024.jpg 732w, https:\/\/macrocolorlevante.com\/wp-content\/uploads\/2025\/08\/9d21763a-dfbe-49aa-914f-01e80c07cf1f-768x1075.jpg 768w, https:\/\/macrocolorlevante.com\/wp-content\/uploads\/2025\/08\/9d21763a-dfbe-49aa-914f-01e80c07cf1f-1097x1536.jpg 1097w, https:\/\/macrocolorlevante.com\/wp-content\/uploads\/2025\/08\/9d21763a-dfbe-49aa-914f-01e80c07cf1f-9x12.jpg 9w, https:\/\/macrocolorlevante.com\/wp-content\/uploads\/2025\/08\/9d21763a-dfbe-49aa-914f-01e80c07cf1f-600x840.jpg 600w, https:\/\/macrocolorlevante.com\/wp-content\/uploads\/2025\/08\/9d21763a-dfbe-49aa-914f-01e80c07cf1f-64x90.jpg 64w\" sizes=\"(max-width: 1143px) 100vw, 1143px\" \/>\t\t\t\t<\/a>\r\n\t\t\t\t\t\t\t\t\t\t<\/div>\r\n\t\t\t\t\t\t\t\t\t\t\t\t\t<div class=\"premium-blog-effect-container premium-blog-framed-effect\">\r\n\t\t\t\t\t\t\t\t<a class=\"premium-blog-post-link\" href=\"https:\/\/macrocolorlevante.com\/en\/dacoarse-250mldafine-250ml\/\" target=\"_self\"><span>DACOARSE (250ML)+DAFINE (250ML)<\/span><\/a>\r\n\t\t\t\t\t\t\t\t\t\t\t\t\t\t\t<\/div>\r\n\t\t\t\t\t\t\t\t\t\t\t<\/div>\r\n\t\t\t\t\t\t\t\t\t\t\t\t<div class=\"premium-blog-content-wrapper\">\r\n\r\n\t\t\t\t\t<div class=\"premium-blog-inner-container\">\r\n\r\n\t\t\t\t\t\t\t\t\t\t\t\t\t\t<h2 class=\"premium-blog-entry-title\">\r\n\t\t\t<a href=\"https:\/\/macrocolorlevante.com\/en\/dacoarse-250mldafine-250ml\/\" target=\"_self\">\r\n\t\t\t\tDACOARSE (250ML)+DAFINE (250ML)\t\t\t<\/a>\r\n\t\t<\/h2>\r\n\t\t\t\t<div class=\"premium-blog-entry-meta\">\r\n\t\t\t\r\n\t\t\t\r\n\t\t\t\r\n\t\t\t\t\t<\/div>\r\n\t\t\r\n\t\t\t\t\t<\/div>\r\n\r\n\t\t\t\t\t\t\t<div class=\"premium-blog-content-inner-wrapper\">\r\n\t\t<p class=\"premium-blog-post-content\">La combinaci\u00f3n perfecta D-A COARSE (250ML) \u2022 Eliminaci\u00f3n r\u00e1pida de defectos con extrema facilidad de uso en todo tipo de pinturas\u2022 F\u00f3rmula \u2026<\/p>\t\t<\/div>\r\n\t\t\t\t\t\t\t\r\n\t\t\t\t<\/div>\r\n\t\t\t<\/div>\r\n\t\t<\/div>\r\n\r\n\t\t\t\t<\/div>\r\n\r\n\t\t\t\t\t\t<\/div>\n\t\t\t\t<\/div>\n\t\t\t\t\t<\/div>\n\t\t<\/div>\n\t\t\t\t\t<\/div>\n\t\t<\/section>\n\t\t\t\t<\/div>","protected":false},"excerpt":{"rendered":"<p>Promociones Inicio \/ Promociones La rentabilidad del taller de carrocer\u00eda est\u00e1 en los detalles La rentabilidad del taller de carrocer\u00eda est\u00e1 en los detalles El entorno econ\u00f3mico actual anima a apostar m\u00e1s que nunca por productividad. Extraer el m\u00e1ximo rendimiento a cada hora de trabajo es \u2026<\/p>","protected":false},"author":1,"featured_media":0,"parent":0,"menu_order":0,"comment_status":"closed","ping_status":"closed","template":"","meta":{"footnotes":""},"class_list":["post-1533","page","type-page","status-publish","hentry"],"yoast_head":"<!-- This site is optimized with the Yoast SEO plugin v23.1 - https:\/\/yoast.com\/wordpress\/plugins\/seo\/ -->\n<title>Promociones - Macrocolor<\/title>\n<meta name=\"robots\" content=\"index, follow, max-snippet:-1, max-image-preview:large, max-video-preview:-1\" \/>\n<link rel=\"canonical\" href=\"https:\/\/macrocolorlevante.com\/en\/promociones\/\" \/>\n<meta property=\"og:locale\" content=\"en_US\" \/>\n<meta property=\"og:type\" content=\"article\" \/>\n<meta property=\"og:title\" content=\"Promociones - Macrocolor\" \/>\n<meta property=\"og:description\" content=\"Promociones Inicio \/ Promociones La rentabilidad del taller de carrocer\u00eda est\u00e1 en los detalles La rentabilidad del taller de carrocer\u00eda est\u00e1 en los detalles El entorno econ\u00f3mico actual anima a apostar m\u00e1s que nunca por productividad. Extraer el m\u00e1ximo rendimiento a cada hora de trabajo es \u2026\" \/>\n<meta property=\"og:url\" content=\"https:\/\/macrocolorlevante.com\/en\/promociones\/\" \/>\n<meta property=\"og:site_name\" content=\"Macrocolor\" \/>\n<meta property=\"article:modified_time\" content=\"2024-10-12T23:03:36+00:00\" \/>\n<meta property=\"og:image\" content=\"https:\/\/macrocolorlevante.com\/wp-content\/uploads\/2024\/10\/procedure-painting-car-service-center-scaled.jpg\" \/>\n<meta name=\"twitter:card\" content=\"summary_large_image\" \/>\n<meta name=\"twitter:label1\" content=\"Est. reading time\" \/>\n\t<meta name=\"twitter:data1\" content=\"1 minute\" \/>\n<script type=\"application\/ld+json\" class=\"yoast-schema-graph\">{\"@context\":\"https:\/\/schema.org\",\"@graph\":[{\"@type\":\"WebPage\",\"@id\":\"https:\/\/macrocolorlevante.com\/promociones\/\",\"url\":\"https:\/\/macrocolorlevante.com\/promociones\/\",\"name\":\"Promociones - Macrocolor\",\"isPartOf\":{\"@id\":\"https:\/\/macrocolorlevante.com\/#website\"},\"primaryImageOfPage\":{\"@id\":\"https:\/\/macrocolorlevante.com\/promociones\/#primaryimage\"},\"image\":{\"@id\":\"https:\/\/macrocolorlevante.com\/promociones\/#primaryimage\"},\"thumbnailUrl\":\"https:\/\/macrocolorlevante.com\/wp-content\/uploads\/2024\/10\/procedure-painting-car-service-center-scaled.jpg\",\"datePublished\":\"2024-10-12T22:57:51+00:00\",\"dateModified\":\"2024-10-12T23:03:36+00:00\",\"breadcrumb\":{\"@id\":\"https:\/\/macrocolorlevante.com\/promociones\/#breadcrumb\"},\"inLanguage\":\"en-US\",\"potentialAction\":[{\"@type\":\"ReadAction\",\"target\":[\"https:\/\/macrocolorlevante.com\/promociones\/\"]}]},{\"@type\":\"ImageObject\",\"inLanguage\":\"en-US\",\"@id\":\"https:\/\/macrocolorlevante.com\/promociones\/#primaryimage\",\"url\":\"https:\/\/macrocolorlevante.com\/wp-content\/uploads\/2024\/10\/procedure-painting-car-service-center-scaled.jpg\",\"contentUrl\":\"https:\/\/macrocolorlevante.com\/wp-content\/uploads\/2024\/10\/procedure-painting-car-service-center-scaled.jpg\"},{\"@type\":\"BreadcrumbList\",\"@id\":\"https:\/\/macrocolorlevante.com\/promociones\/#breadcrumb\",\"itemListElement\":[{\"@type\":\"ListItem\",\"position\":1,\"name\":\"Portada\",\"item\":\"https:\/\/macrocolorlevante.com\/\"},{\"@type\":\"ListItem\",\"position\":2,\"name\":\"Promociones\"}]},{\"@type\":\"WebSite\",\"@id\":\"https:\/\/macrocolorlevante.com\/#website\",\"url\":\"https:\/\/macrocolorlevante.com\/\",\"name\":\"Macrocolor\",\"description\":\"\",\"potentialAction\":[{\"@type\":\"SearchAction\",\"target\":{\"@type\":\"EntryPoint\",\"urlTemplate\":\"https:\/\/macrocolorlevante.com\/?s={search_term_string}\"},\"query-input\":\"required name=search_term_string\"}],\"inLanguage\":\"en-US\"}]}<\/script>\n<!-- \/ Yoast SEO plugin. -->","yoast_head_json":{"title":"Promociones - Macrocolor","robots":{"index":"index","follow":"follow","max-snippet":"max-snippet:-1","max-image-preview":"max-image-preview:large","max-video-preview":"max-video-preview:-1"},"canonical":"https:\/\/macrocolorlevante.com\/en\/promociones\/","og_locale":"en_US","og_type":"article","og_title":"Promociones - Macrocolor","og_description":"Promociones Inicio \/ Promociones La rentabilidad del taller de carrocer\u00eda est\u00e1 en los detalles La rentabilidad del taller de carrocer\u00eda est\u00e1 en los detalles El entorno econ\u00f3mico actual anima a apostar m\u00e1s que nunca por productividad. Extraer el m\u00e1ximo rendimiento a cada hora de trabajo es \u2026","og_url":"https:\/\/macrocolorlevante.com\/en\/promociones\/","og_site_name":"Macrocolor","article_modified_time":"2024-10-12T23:03:36+00:00","og_image":[{"url":"https:\/\/macrocolorlevante.com\/wp-content\/uploads\/2024\/10\/procedure-painting-car-service-center-scaled.jpg"}],"twitter_card":"summary_large_image","twitter_misc":{"Est. reading time":"1 minute"},"schema":{"@context":"https:\/\/schema.org","@graph":[{"@type":"WebPage","@id":"https:\/\/macrocolorlevante.com\/promociones\/","url":"https:\/\/macrocolorlevante.com\/promociones\/","name":"Promociones - Macrocolor","isPartOf":{"@id":"https:\/\/macrocolorlevante.com\/#website"},"primaryImageOfPage":{"@id":"https:\/\/macrocolorlevante.com\/promociones\/#primaryimage"},"image":{"@id":"https:\/\/macrocolorlevante.com\/promociones\/#primaryimage"},"thumbnailUrl":"https:\/\/macrocolorlevante.com\/wp-content\/uploads\/2024\/10\/procedure-painting-car-service-center-scaled.jpg","datePublished":"2024-10-12T22:57:51+00:00","dateModified":"2024-10-12T23:03:36+00:00","breadcrumb":{"@id":"https:\/\/macrocolorlevante.com\/promociones\/#breadcrumb"},"inLanguage":"en-US","potentialAction":[{"@type":"ReadAction","target":["https:\/\/macrocolorlevante.com\/promociones\/"]}]},{"@type":"ImageObject","inLanguage":"en-US","@id":"https:\/\/macrocolorlevante.com\/promociones\/#primaryimage","url":"https:\/\/macrocolorlevante.com\/wp-content\/uploads\/2024\/10\/procedure-painting-car-service-center-scaled.jpg","contentUrl":"https:\/\/macrocolorlevante.com\/wp-content\/uploads\/2024\/10\/procedure-painting-car-service-center-scaled.jpg"},{"@type":"BreadcrumbList","@id":"https:\/\/macrocolorlevante.com\/promociones\/#breadcrumb","itemListElement":[{"@type":"ListItem","position":1,"name":"Portada","item":"https:\/\/macrocolorlevante.com\/"},{"@type":"ListItem","position":2,"name":"Promociones"}]},{"@type":"WebSite","@id":"https:\/\/macrocolorlevante.com\/#website","url":"https:\/\/macrocolorlevante.com\/","name":"Macrocolor","description":"","potentialAction":[{"@type":"SearchAction","target":{"@type":"EntryPoint","urlTemplate":"https:\/\/macrocolorlevante.com\/?s={search_term_string}"},"query-input":"required name=search_term_string"}],"inLanguage":"en-US"}]}},"_links":{"self":[{"href":"https:\/\/macrocolorlevante.com\/en\/wp-json\/wp\/v2\/pages\/1533","targetHints":{"allow":["GET"]}}],"collection":[{"href":"https:\/\/macrocolorlevante.com\/en\/wp-json\/wp\/v2\/pages"}],"about":[{"href":"https:\/\/macrocolorlevante.com\/en\/wp-json\/wp\/v2\/types\/page"}],"author":[{"embeddable":true,"href":"https:\/\/macrocolorlevante.com\/en\/wp-json\/wp\/v2\/users\/1"}],"replies":[{"embeddable":true,"href":"https:\/\/macrocolorlevante.com\/en\/wp-json\/wp\/v2\/comments?post=1533"}],"version-history":[{"count":8,"href":"https:\/\/macrocolorlevante.com\/en\/wp-json\/wp\/v2\/pages\/1533\/revisions"}],"predecessor-version":[{"id":2305,"href":"https:\/\/macrocolorlevante.com\/en\/wp-json\/wp\/v2\/pages\/1533\/revisions\/2305"}],"wp:attachment":[{"href":"https:\/\/macrocolorlevante.com\/en\/wp-json\/wp\/v2\/media?parent=1533"}],"curies":[{"name":"wp","href":"https:\/\/api.w.org\/{rel}","templated":true}]}}