{"id":1302,"date":"2024-10-11T02:34:56","date_gmt":"2024-10-11T02:34:56","guid":{"rendered":"https:\/\/macrocolorlevante.com\/?page_id=1302"},"modified":"2026-02-08T15:02:17","modified_gmt":"2026-02-08T15:02:17","slug":"politica-de-calidad","status":"publish","type":"page","link":"https:\/\/macrocolorlevante.com\/en\/politica-de-calidad\/","title":{"rendered":"Pol\u00edtica de calidad 16-12-2021"},"content":{"rendered":"<style>.elementor-1302 .elementor-element.elementor-element-6ee0d5b:not(.elementor-motion-effects-element-type-background), .elementor-1302 .elementor-element.elementor-element-6ee0d5b > .elementor-motion-effects-container > .elementor-motion-effects-layer{background-image:url(\"https:\/\/macrocolorlevante.com\/wp-content\/uploads\/2024\/10\/26860.jpg\");background-position:bottom center;background-repeat:no-repeat;background-size:cover;}.elementor-1302 .elementor-element.elementor-element-6ee0d5b > .elementor-background-overlay{background-color:var( --e-global-color-text );opacity:0.5;transition:background 0.3s, border-radius 0.3s, opacity 0.3s;}.elementor-1302 .elementor-element.elementor-element-6ee0d5b{transition:background 0.3s, border 0.3s, border-radius 0.3s, box-shadow 0.3s;}.elementor-1302 .elementor-element.elementor-element-3a840f1{--spacer-size:120px;}.elementor-widget-heading .elementor-heading-title{font-family:var( --e-global-typography-primary-font-family ), Sans-serif;font-weight:var( --e-global-typography-primary-font-weight );color:var( --e-global-color-primary );}.elementor-1302 .elementor-element.elementor-element-cb78465{text-align:center;}.elementor-1302 .elementor-element.elementor-element-cb78465 .elementor-heading-title{font-family:var( --e-global-typography-ecece4a-font-family ), Sans-serif;font-size:var( --e-global-typography-ecece4a-font-size );font-weight:var( --e-global-typography-ecece4a-font-weight );line-height:var( --e-global-typography-ecece4a-line-height );text-shadow:0px 0px 10px rgba(0,0,0,0.3);color:#FFFFFF;}.elementor-widget-icon-list .elementor-icon-list-item:not(:last-child):after{border-color:var( --e-global-color-text );}.elementor-widget-icon-list .elementor-icon-list-icon i{color:var( --e-global-color-primary );}.elementor-widget-icon-list .elementor-icon-list-icon svg{fill:var( --e-global-color-primary );}.elementor-widget-icon-list .elementor-icon-list-item > .elementor-icon-list-text, .elementor-widget-icon-list .elementor-icon-list-item > a{font-family:var( --e-global-typography-text-font-family ), Sans-serif;font-weight:var( --e-global-typography-text-font-weight );}.elementor-widget-icon-list .elementor-icon-list-text{color:var( --e-global-color-secondary );}.elementor-1302 .elementor-element.elementor-element-5abd615 .elementor-icon-list-icon i{transition:color 0.3s;}.elementor-1302 .elementor-element.elementor-element-5abd615 .elementor-icon-list-icon svg{transition:fill 0.3s;}.elementor-1302 .elementor-element.elementor-element-5abd615{--e-icon-list-icon-size:14px;--icon-vertical-offset:0px;}.elementor-1302 .elementor-element.elementor-element-5abd615 .elementor-icon-list-item > .elementor-icon-list-text, .elementor-1302 .elementor-element.elementor-element-5abd615 .elementor-icon-list-item > a{font-family:\"Montserrat\", Sans-serif;font-size:16px;font-weight:400;text-decoration:none;}.elementor-1302 .elementor-element.elementor-element-5abd615 .elementor-icon-list-text{color:#FFFFFF;transition:color 0.3s;}.elementor-1302 .elementor-element.elementor-element-f5278cc{--spacer-size:100px;}.elementor-1302 .elementor-element.elementor-element-0ef32c6{--spacer-size:50px;}.elementor-widget-text-editor{font-family:var( --e-global-typography-text-font-family ), Sans-serif;font-weight:var( --e-global-typography-text-font-weight );color:var( --e-global-color-text );}.elementor-widget-text-editor.elementor-drop-cap-view-stacked .elementor-drop-cap{background-color:var( --e-global-color-primary );}.elementor-widget-text-editor.elementor-drop-cap-view-framed .elementor-drop-cap, .elementor-widget-text-editor.elementor-drop-cap-view-default .elementor-drop-cap{color:var( --e-global-color-primary );border-color:var( --e-global-color-primary );}.elementor-1302 .elementor-element.elementor-element-417adcc{font-family:var( --e-global-typography-76f6076-font-family ), Sans-serif;font-size:var( --e-global-typography-76f6076-font-size );font-weight:var( --e-global-typography-76f6076-font-weight );line-height:var( --e-global-typography-76f6076-line-height );}.elementor-1302 .elementor-element.elementor-element-582a15f{--spacer-size:50px;}:root{--page-title-display:none;}@media(min-width:1025px){.elementor-1302 .elementor-element.elementor-element-6ee0d5b:not(.elementor-motion-effects-element-type-background), .elementor-1302 .elementor-element.elementor-element-6ee0d5b > .elementor-motion-effects-container > .elementor-motion-effects-layer{background-attachment:fixed;}}@media(max-width:1024px){.elementor-1302 .elementor-element.elementor-element-6ee0d5b{padding:0px 30px 0px 30px;}.elementor-1302 .elementor-element.elementor-element-3a840f1{--spacer-size:80px;}.elementor-1302 .elementor-element.elementor-element-cb78465 .elementor-heading-title{font-size:var( --e-global-typography-ecece4a-font-size );line-height:var( --e-global-typography-ecece4a-line-height );}.elementor-1302 .elementor-element.elementor-element-f5278cc{--spacer-size:60px;}.elementor-1302 .elementor-element.elementor-element-0ef32c6{--spacer-size:30px;}.elementor-1302 .elementor-element.elementor-element-0a42ad9{padding:0px 30px 0px 30px;}.elementor-1302 .elementor-element.elementor-element-417adcc{font-size:var( --e-global-typography-76f6076-font-size );line-height:var( --e-global-typography-76f6076-line-height );}.elementor-1302 .elementor-element.elementor-element-582a15f{--spacer-size:30px;}}@media(max-width:767px){.elementor-1302 .elementor-element.elementor-element-3a840f1{--spacer-size:90px;}.elementor-1302 .elementor-element.elementor-element-cb78465 .elementor-heading-title{font-size:var( --e-global-typography-ecece4a-font-size );line-height:var( --e-global-typography-ecece4a-line-height );}.elementor-1302 .elementor-element.elementor-element-f5278cc{--spacer-size:30px;}.elementor-1302 .elementor-element.elementor-element-417adcc{font-size:var( --e-global-typography-76f6076-font-size );line-height:var( --e-global-typography-76f6076-line-height );}}\/* Start custom CSS for text-editor, class: .elementor-element-417adcc *\/.elementor-1302 .elementor-element.elementor-element-417adcc h2{\n    font-size: 26px;\n}\n\n.elementor-1302 .elementor-element.elementor-element-417adcc h3{\n    font-size: 22px;\n}\n\n.elementor-1302 .elementor-element.elementor-element-417adcc a{\n    color: #B71C1C;\n}\n\n.elementor-1302 .elementor-element.elementor-element-417adcc a:hover{\n    color: #000;\n}\/* End custom CSS *\/<\/style>\t\t<div data-elementor-type=\"wp-page\" data-elementor-id=\"1302\" class=\"elementor elementor-1302\">\n\t\t\t\t\t\t<section class=\"elementor-section elementor-top-section elementor-element elementor-element-6ee0d5b elementor-section-boxed elementor-section-height-default elementor-section-height-default wpr-particle-no wpr-jarallax-no wpr-parallax-no wpr-sticky-section-no\" data-id=\"6ee0d5b\" data-element_type=\"section\" data-settings=\"{&quot;background_background&quot;:&quot;classic&quot;}\">\n\t\t\t\t\t\t\t<div class=\"elementor-background-overlay\"><\/div>\n\t\t\t\t\t\t\t<div class=\"elementor-container elementor-column-gap-default\">\n\t\t\t\t\t<div class=\"elementor-column elementor-col-100 elementor-top-column elementor-element elementor-element-dc4d1b9\" data-id=\"dc4d1b9\" data-element_type=\"column\">\n\t\t\t<div class=\"elementor-widget-wrap elementor-element-populated\">\n\t\t\t\t\t\t<div class=\"elementor-element elementor-element-3a840f1 elementor-widget elementor-widget-spacer\" data-id=\"3a840f1\" data-element_type=\"widget\" data-widget_type=\"spacer.default\">\n\t\t\t\t<div class=\"elementor-widget-container\">\n\t\t\t\t\t\t\t<div class=\"elementor-spacer\">\n\t\t\t<div class=\"elementor-spacer-inner\"><\/div>\n\t\t<\/div>\n\t\t\t\t\t\t<\/div>\n\t\t\t\t<\/div>\n\t\t\t\t<div class=\"elementor-element elementor-element-cb78465 elementor-widget elementor-widget-heading\" data-id=\"cb78465\" data-element_type=\"widget\" data-widget_type=\"heading.default\">\n\t\t\t\t<div class=\"elementor-widget-container\">\n\t\t\t\t\t<h2 class=\"elementor-heading-title elementor-size-default\">Pol\u00edtica de Calidad <br>16-12-21<\/h2>\t\t\t\t<\/div>\n\t\t\t\t<\/div>\n\t\t\t\t<div class=\"elementor-element elementor-element-5abd615 elementor-icon-list--layout-inline elementor-align-center elementor-list-item-link-full_width elementor-widget elementor-widget-icon-list\" data-id=\"5abd615\" data-element_type=\"widget\" data-widget_type=\"icon-list.default\">\n\t\t\t\t<div class=\"elementor-widget-container\">\n\t\t\t\t\t\t\t<ul class=\"elementor-icon-list-items elementor-inline-items\">\n\t\t\t\t\t\t\t<li class=\"elementor-icon-list-item elementor-inline-item\">\n\t\t\t\t\t\t\t\t\t\t\t<a href=\"https:\/\/macrocolorlevante.com\/en\/\">\n\n\t\t\t\t\t\t\t\t\t\t\t<span class=\"elementor-icon-list-text\">Inicio<\/span>\n\t\t\t\t\t\t\t\t\t\t\t<\/a>\n\t\t\t\t\t\t\t\t\t<\/li>\n\t\t\t\t\t\t\t\t<li class=\"elementor-icon-list-item elementor-inline-item\">\n\t\t\t\t\t\t\t\t\t\t<span class=\"elementor-icon-list-text\">\/<\/span>\n\t\t\t\t\t\t\t\t\t<\/li>\n\t\t\t\t\t\t\t\t<li class=\"elementor-icon-list-item elementor-inline-item\">\n\t\t\t\t\t\t\t\t\t\t<span class=\"elementor-icon-list-text\">Pol\u00edtica de calidad<\/span>\n\t\t\t\t\t\t\t\t\t<\/li>\n\t\t\t\t\t\t<\/ul>\n\t\t\t\t\t\t<\/div>\n\t\t\t\t<\/div>\n\t\t\t\t<div class=\"elementor-element elementor-element-f5278cc elementor-widget elementor-widget-spacer\" data-id=\"f5278cc\" data-element_type=\"widget\" data-widget_type=\"spacer.default\">\n\t\t\t\t<div class=\"elementor-widget-container\">\n\t\t\t\t\t\t\t<div class=\"elementor-spacer\">\n\t\t\t<div class=\"elementor-spacer-inner\"><\/div>\n\t\t<\/div>\n\t\t\t\t\t\t<\/div>\n\t\t\t\t<\/div>\n\t\t\t\t\t<\/div>\n\t\t<\/div>\n\t\t\t\t\t<\/div>\n\t\t<\/section>\n\t\t\t\t<section class=\"elementor-section elementor-top-section elementor-element elementor-element-7bbe87f elementor-section-boxed elementor-section-height-default elementor-section-height-default wpr-particle-no wpr-jarallax-no wpr-parallax-no wpr-sticky-section-no\" data-id=\"7bbe87f\" data-element_type=\"section\">\n\t\t\t\t\t\t<div class=\"elementor-container elementor-column-gap-default\">\n\t\t\t\t\t<div class=\"elementor-column elementor-col-100 elementor-top-column elementor-element elementor-element-b9cba4b\" data-id=\"b9cba4b\" data-element_type=\"column\">\n\t\t\t<div class=\"elementor-widget-wrap elementor-element-populated\">\n\t\t\t\t\t\t<div class=\"elementor-element elementor-element-0ef32c6 elementor-widget elementor-widget-spacer\" data-id=\"0ef32c6\" data-element_type=\"widget\" data-widget_type=\"spacer.default\">\n\t\t\t\t<div class=\"elementor-widget-container\">\n\t\t\t\t\t\t\t<div class=\"elementor-spacer\">\n\t\t\t<div class=\"elementor-spacer-inner\"><\/div>\n\t\t<\/div>\n\t\t\t\t\t\t<\/div>\n\t\t\t\t<\/div>\n\t\t\t\t\t<\/div>\n\t\t<\/div>\n\t\t\t\t\t<\/div>\n\t\t<\/section>\n\t\t\t\t<section class=\"elementor-section elementor-top-section elementor-element elementor-element-0a42ad9 elementor-section-boxed elementor-section-height-default elementor-section-height-default wpr-particle-no wpr-jarallax-no wpr-parallax-no wpr-sticky-section-no\" data-id=\"0a42ad9\" data-element_type=\"section\">\n\t\t\t\t\t\t<div class=\"elementor-container elementor-column-gap-default\">\n\t\t\t\t\t<div class=\"elementor-column elementor-col-100 elementor-top-column elementor-element elementor-element-3f842a8\" data-id=\"3f842a8\" data-element_type=\"column\">\n\t\t\t<div class=\"elementor-widget-wrap elementor-element-populated\">\n\t\t\t\t\t\t<div class=\"elementor-element elementor-element-417adcc elementor-widget elementor-widget-text-editor\" data-id=\"417adcc\" data-element_type=\"widget\" data-widget_type=\"text-editor.default\">\n\t\t\t\t<div class=\"elementor-widget-container\">\n\t\t\t\t\t\t\t\t\t<ul><li>Cercan\u00eda, calidad, y servicio para cada cliente<\/li><li>Lograr la plena satisfacci\u00f3n, tanto de nuestros Clientes como de los propios empleados de la empresa.<\/li><li>Disponer siempre de los productos m\u00e1s avanzados de f\u00e1cil aplicaci\u00f3n con relaci\u00f3n \u00f3ptima precio calidad seg\u00fan las necesidades o intereses de cada cliente, con ayuda de la vinculaci\u00f3n de nuestros proveedores con su gran marca.<\/li><li>Cumplimiento de todos los requisitos legales aplicables a nuestros productos y mejorar continuamente la eficacia del sistema.<\/li><li>Disponer de un sistema de distribuci\u00f3n eficaz para ampliar mercado.<\/li><\/ul>\t\t\t\t\t\t\t\t<\/div>\n\t\t\t\t<\/div>\n\t\t\t\t\t<\/div>\n\t\t<\/div>\n\t\t\t\t\t<\/div>\n\t\t<\/section>\n\t\t\t\t<section class=\"elementor-section elementor-top-section elementor-element elementor-element-cff06ee elementor-section-boxed elementor-section-height-default elementor-section-height-default wpr-particle-no wpr-jarallax-no wpr-parallax-no wpr-sticky-section-no\" data-id=\"cff06ee\" data-element_type=\"section\">\n\t\t\t\t\t\t<div class=\"elementor-container elementor-column-gap-default\">\n\t\t\t\t\t<div class=\"elementor-column elementor-col-100 elementor-top-column elementor-element elementor-element-6d91b1c\" data-id=\"6d91b1c\" data-element_type=\"column\">\n\t\t\t<div class=\"elementor-widget-wrap elementor-element-populated\">\n\t\t\t\t\t\t<div class=\"elementor-element elementor-element-582a15f elementor-widget elementor-widget-spacer\" data-id=\"582a15f\" data-element_type=\"widget\" data-widget_type=\"spacer.default\">\n\t\t\t\t<div class=\"elementor-widget-container\">\n\t\t\t\t\t\t\t<div class=\"elementor-spacer\">\n\t\t\t<div class=\"elementor-spacer-inner\"><\/div>\n\t\t<\/div>\n\t\t\t\t\t\t<\/div>\n\t\t\t\t<\/div>\n\t\t\t\t\t<\/div>\n\t\t<\/div>\n\t\t\t\t\t<\/div>\n\t\t<\/section>\n\t\t\t\t<\/div>","protected":false},"excerpt":{"rendered":"<p>Pol\u00edtica de Calidad 16-12-21 Inicio \/ Pol\u00edtica de calidad Cercan\u00eda, calidad, y servicio para cada cliente Lograr la plena satisfacci\u00f3n, tanto de nuestros Clientes como de los propios empleados de la empresa. Disponer siempre de los productos m\u00e1s avanzados de f\u00e1cil aplicaci\u00f3n con relaci\u00f3n \u00f3ptima precio calidad seg\u00fan las necesidades o intereses de cada cliente, con ayuda de la vinculaci\u00f3n de nuestros proveedores con su gran marca. Cumplimiento de todos los requisitos legales aplicables a nuestros productos y mejorar continuamente la eficacia del sistema. Disponer de un sistema de distribuci\u00f3n eficaz para ampliar mercado.<\/p>","protected":false},"author":1,"featured_media":0,"parent":0,"menu_order":0,"comment_status":"closed","ping_status":"closed","template":"","meta":{"footnotes":""},"class_list":["post-1302","page","type-page","status-publish","hentry"],"yoast_head":"<!-- This site is optimized with the Yoast SEO plugin v23.1 - https:\/\/yoast.com\/wordpress\/plugins\/seo\/ -->\n<title>Pol\u00edtica de calidad 16-12-2021 - Macrocolor<\/title>\n<meta name=\"robots\" content=\"index, follow, max-snippet:-1, max-image-preview:large, max-video-preview:-1\" \/>\n<link rel=\"canonical\" href=\"https:\/\/macrocolorlevante.com\/en\/politica-de-calidad\/\" \/>\n<meta property=\"og:locale\" content=\"en_US\" \/>\n<meta property=\"og:type\" content=\"article\" \/>\n<meta property=\"og:title\" content=\"Pol\u00edtica de calidad 16-12-2021 - Macrocolor\" \/>\n<meta property=\"og:description\" content=\"Pol\u00edtica de Calidad 16-12-21 Inicio \/ Pol\u00edtica de calidad Cercan\u00eda, calidad, y servicio para cada cliente Lograr la plena satisfacci\u00f3n, tanto de nuestros Clientes como de los propios empleados de la empresa. Disponer siempre de los productos m\u00e1s avanzados de f\u00e1cil aplicaci\u00f3n con relaci\u00f3n \u00f3ptima precio calidad seg\u00fan las necesidades o intereses de cada cliente, con ayuda de la vinculaci\u00f3n de nuestros proveedores con su gran marca. Cumplimiento de todos los requisitos legales aplicables a nuestros productos y mejorar continuamente la eficacia del sistema. Disponer de un sistema de distribuci\u00f3n eficaz para ampliar mercado.\" \/>\n<meta property=\"og:url\" content=\"https:\/\/macrocolorlevante.com\/en\/politica-de-calidad\/\" \/>\n<meta property=\"og:site_name\" content=\"Macrocolor\" \/>\n<meta property=\"article:modified_time\" content=\"2026-02-08T15:02:17+00:00\" \/>\n<meta name=\"twitter:card\" content=\"summary_large_image\" \/>\n<meta name=\"twitter:label1\" content=\"Est. reading time\" \/>\n\t<meta name=\"twitter:data1\" content=\"1 minute\" \/>\n<script type=\"application\/ld+json\" class=\"yoast-schema-graph\">{\"@context\":\"https:\/\/schema.org\",\"@graph\":[{\"@type\":\"WebPage\",\"@id\":\"https:\/\/macrocolorlevante.com\/politica-de-calidad\/\",\"url\":\"https:\/\/macrocolorlevante.com\/politica-de-calidad\/\",\"name\":\"Pol\u00edtica de calidad 16-12-2021 - Macrocolor\",\"isPartOf\":{\"@id\":\"https:\/\/macrocolorlevante.com\/#website\"},\"datePublished\":\"2024-10-11T02:34:56+00:00\",\"dateModified\":\"2026-02-08T15:02:17+00:00\",\"breadcrumb\":{\"@id\":\"https:\/\/macrocolorlevante.com\/politica-de-calidad\/#breadcrumb\"},\"inLanguage\":\"en-US\",\"potentialAction\":[{\"@type\":\"ReadAction\",\"target\":[\"https:\/\/macrocolorlevante.com\/politica-de-calidad\/\"]}]},{\"@type\":\"BreadcrumbList\",\"@id\":\"https:\/\/macrocolorlevante.com\/politica-de-calidad\/#breadcrumb\",\"itemListElement\":[{\"@type\":\"ListItem\",\"position\":1,\"name\":\"Portada\",\"item\":\"https:\/\/macrocolorlevante.com\/\"},{\"@type\":\"ListItem\",\"position\":2,\"name\":\"Pol\u00edtica de calidad 16-12-2021\"}]},{\"@type\":\"WebSite\",\"@id\":\"https:\/\/macrocolorlevante.com\/#website\",\"url\":\"https:\/\/macrocolorlevante.com\/\",\"name\":\"Macrocolor\",\"description\":\"\",\"potentialAction\":[{\"@type\":\"SearchAction\",\"target\":{\"@type\":\"EntryPoint\",\"urlTemplate\":\"https:\/\/macrocolorlevante.com\/?s={search_term_string}\"},\"query-input\":\"required name=search_term_string\"}],\"inLanguage\":\"en-US\"}]}<\/script>\n<!-- \/ Yoast SEO plugin. -->","yoast_head_json":{"title":"Pol\u00edtica de calidad 16-12-2021 - Macrocolor","robots":{"index":"index","follow":"follow","max-snippet":"max-snippet:-1","max-image-preview":"max-image-preview:large","max-video-preview":"max-video-preview:-1"},"canonical":"https:\/\/macrocolorlevante.com\/en\/politica-de-calidad\/","og_locale":"en_US","og_type":"article","og_title":"Pol\u00edtica de calidad 16-12-2021 - Macrocolor","og_description":"Pol\u00edtica de Calidad 16-12-21 Inicio \/ Pol\u00edtica de calidad Cercan\u00eda, calidad, y servicio para cada cliente Lograr la plena satisfacci\u00f3n, tanto de nuestros Clientes como de los propios empleados de la empresa. Disponer siempre de los productos m\u00e1s avanzados de f\u00e1cil aplicaci\u00f3n con relaci\u00f3n \u00f3ptima precio calidad seg\u00fan las necesidades o intereses de cada cliente, con ayuda de la vinculaci\u00f3n de nuestros proveedores con su gran marca. Cumplimiento de todos los requisitos legales aplicables a nuestros productos y mejorar continuamente la eficacia del sistema. Disponer de un sistema de distribuci\u00f3n eficaz para ampliar mercado.","og_url":"https:\/\/macrocolorlevante.com\/en\/politica-de-calidad\/","og_site_name":"Macrocolor","article_modified_time":"2026-02-08T15:02:17+00:00","twitter_card":"summary_large_image","twitter_misc":{"Est. reading time":"1 minute"},"schema":{"@context":"https:\/\/schema.org","@graph":[{"@type":"WebPage","@id":"https:\/\/macrocolorlevante.com\/politica-de-calidad\/","url":"https:\/\/macrocolorlevante.com\/politica-de-calidad\/","name":"Pol\u00edtica de calidad 16-12-2021 - Macrocolor","isPartOf":{"@id":"https:\/\/macrocolorlevante.com\/#website"},"datePublished":"2024-10-11T02:34:56+00:00","dateModified":"2026-02-08T15:02:17+00:00","breadcrumb":{"@id":"https:\/\/macrocolorlevante.com\/politica-de-calidad\/#breadcrumb"},"inLanguage":"en-US","potentialAction":[{"@type":"ReadAction","target":["https:\/\/macrocolorlevante.com\/politica-de-calidad\/"]}]},{"@type":"BreadcrumbList","@id":"https:\/\/macrocolorlevante.com\/politica-de-calidad\/#breadcrumb","itemListElement":[{"@type":"ListItem","position":1,"name":"Portada","item":"https:\/\/macrocolorlevante.com\/"},{"@type":"ListItem","position":2,"name":"Pol\u00edtica de calidad 16-12-2021"}]},{"@type":"WebSite","@id":"https:\/\/macrocolorlevante.com\/#website","url":"https:\/\/macrocolorlevante.com\/","name":"Macrocolor","description":"","potentialAction":[{"@type":"SearchAction","target":{"@type":"EntryPoint","urlTemplate":"https:\/\/macrocolorlevante.com\/?s={search_term_string}"},"query-input":"required name=search_term_string"}],"inLanguage":"en-US"}]}},"_links":{"self":[{"href":"https:\/\/macrocolorlevante.com\/en\/wp-json\/wp\/v2\/pages\/1302","targetHints":{"allow":["GET"]}}],"collection":[{"href":"https:\/\/macrocolorlevante.com\/en\/wp-json\/wp\/v2\/pages"}],"about":[{"href":"https:\/\/macrocolorlevante.com\/en\/wp-json\/wp\/v2\/types\/page"}],"author":[{"embeddable":true,"href":"https:\/\/macrocolorlevante.com\/en\/wp-json\/wp\/v2\/users\/1"}],"replies":[{"embeddable":true,"href":"https:\/\/macrocolorlevante.com\/en\/wp-json\/wp\/v2\/comments?post=1302"}],"version-history":[{"count":14,"href":"https:\/\/macrocolorlevante.com\/en\/wp-json\/wp\/v2\/pages\/1302\/revisions"}],"predecessor-version":[{"id":2299,"href":"https:\/\/macrocolorlevante.com\/en\/wp-json\/wp\/v2\/pages\/1302\/revisions\/2299"}],"wp:attachment":[{"href":"https:\/\/macrocolorlevante.com\/en\/wp-json\/wp\/v2\/media?parent=1302"}],"curies":[{"name":"wp","href":"https:\/\/api.w.org\/{rel}","templated":true}]}}